{"id":17367,"date":"2020-11-02T15:15:19","date_gmt":"2020-11-02T14:15:19","guid":{"rendered":"https:\/\/www.eapncv.org\/qui-som\/"},"modified":"2025-07-16T15:30:06","modified_gmt":"2025-07-16T13:30:06","slug":"qui-som","status":"publish","type":"page","link":"https:\/\/www.eapncv.org\/ca-val\/qui-som\/","title":{"rendered":"QUI SOM?"},"content":{"rendered":"<p>[et_pb_section fb_built=&#8221;1&#8243; _builder_version=&#8221;4.16&#8243; _module_preset=&#8221;default&#8221; custom_margin=&#8221;||||false|false&#8221; custom_padding=&#8221;0px||0px||false|false&#8221; global_colors_info=&#8221;{}&#8221;][et_pb_row _builder_version=&#8221;4.16&#8243; _module_preset=&#8221;default&#8221; custom_padding=&#8221;||0px||false|false&#8221; global_colors_info=&#8221;{}&#8221;][et_pb_column type=&#8221;4_4&#8243; _builder_version=&#8221;4.16&#8243; _module_preset=&#8221;default&#8221; global_colors_info=&#8221;{}&#8221;][et_pb_text _builder_version=&#8221;4.16&#8243; _module_preset=&#8221;default&#8221; global_colors_info=&#8221;{}&#8221;]<\/p>\n<h1 style=\"text-align: center;\">QUI SOM?<\/h1>\n<p>[\/et_pb_text][et_pb_divider color=&#8221;#7D2248&#8243; divider_weight=&#8221;3px&#8221; _builder_version=&#8221;4.16&#8243; _module_preset=&#8221;default&#8221; width=&#8221;20em&#8221; module_alignment=&#8221;center&#8221; global_colors_info=&#8221;{}&#8221;][\/et_pb_divider][\/et_pb_column][\/et_pb_row][\/et_pb_section][et_pb_section fb_built=&#8221;1&#8243; fullwidth=&#8221;on&#8221; module_class=&#8221;height-290&#8243; _builder_version=&#8221;4.22.1&#8243; _module_preset=&#8221;default&#8221; max_height=&#8221;0px&#8221; hover_enabled=&#8221;0&#8243; global_colors_info=&#8221;{}&#8221; sticky_enabled=&#8221;0&#8243;][et_pb_fullwidth_image src=&#8221;https:\/\/www.eapncv.org\/wp-content\/uploads\/QUIENES-SOMOS.webp&#8221; alt=&#8221;QUI SOM?&#8221; title_text=&#8221;QUI SOM?&#8221; _builder_version=&#8221;4.27.4&#8243; _module_preset=&#8221;default&#8221; width=&#8221;100%&#8221; min_height=&#8221;272px&#8221; min_height_tablet=&#8221;272px&#8221; min_height_phone=&#8221;272px&#8221; min_height_last_edited=&#8221;on|desktop&#8221; height=&#8221;100%&#8221; height_tablet=&#8221;424px&#8221; height_phone=&#8221;424px&#8221; height_last_edited=&#8221;off|desktop&#8221; max_height_tablet=&#8221;&#8221; max_height_phone=&#8221;&#8221; max_height_last_edited=&#8221;on|phone&#8221; hover_enabled=&#8221;0&#8243; global_colors_info=&#8221;{}&#8221; sticky_enabled=&#8221;0&#8243;][\/et_pb_fullwidth_image][\/et_pb_section][et_pb_section fb_built=&#8221;1&#8243; _builder_version=&#8221;4.16&#8243; _module_preset=&#8221;default&#8221; custom_padding=&#8221;0px||0px||false|false&#8221; global_colors_info=&#8221;{}&#8221;][et_pb_row _builder_version=&#8221;4.22.1&#8243; _module_preset=&#8221;default&#8221; hover_enabled=&#8221;0&#8243; global_colors_info=&#8221;{}&#8221; sticky_enabled=&#8221;0&#8243;][et_pb_column type=&#8221;4_4&#8243; _builder_version=&#8221;4.16&#8243; _module_preset=&#8221;default&#8221; global_colors_info=&#8221;{}&#8221;][et_pb_text _builder_version=&#8221;4.27.4&#8243; _module_preset=&#8221;default&#8221; hover_enabled=&#8221;0&#8243; global_colors_info=&#8221;{}&#8221; sticky_enabled=&#8221;0&#8243;]<\/p>\n<p>\n<span style=\"font-size: small;\"><br \/>\n <strong><span style=\"color: #7d2248;\"> EAPN CV \u2013 European Antipoverty Network \/ Xarxa Europea de Lluita contra la Pobresa<\/span><\/strong>, \u00e9s una coalici\u00f3 independent d\u2019organitzacions socials, involucrades en la lluita contra la pobresa i per la inclusi\u00f3 social en l\u2019\u00e0mbit auton\u00f2mic. <\/span><\/p>\n<p><span style=\"font-size: small;\">Actualment est\u00e0 formada per <strong><a href=\".\/eapncv\/entidades\/\"><span style=\"color: #7d2248;\">40 entitats <\/span><\/a><\/strong>d\u2019inclusi\u00f3 social. Som la xarxa interlocutora en l\u2019\u00e0mbit de la inclusi\u00f3 social a la Comunitat Valenciana.<\/span><\/p>\n<p><span style=\"font-size: small;\">Inici\u00e0rem la nostra traject\u00f2ria com a xarxa l\u2019any 2006 amb la finalitat d\u2019eradicar la pobresa i l\u2019exclusi\u00f3 social a la Comunitat Valenciana, buscant que les persones afectades per esta realitat puguen participar socialment, exercir els seus drets i deures, i trencar aix\u00ed el seu a\u00efllament i situaci\u00f3. \u00c9s en aquest sentit com venim treballant per la inclusi\u00f3 social de les persones en situaci\u00f3 de major vulnerabilitat, implementant els processos participatius per a la inclusi\u00f3 i la incid\u00e8ncia social. Per a aconseguir aquest objectiu, hem de situar la reducci\u00f3 de la pobresa i les desigualtats socials en el centre de l\u2019agenda pol\u00edtica.<\/span><\/p>\n<p><span style=\"font-size: small;\">Al 2018 vam rebre <strong><span style=\"color: #7d2248;\"><u><b>la distinci\u00f3 al M\u00e8rit per accions a favor de la Igualtat i la Societat Inclusiva en els Premis 9 d\u2019Octubre de la Generalitat Valenciana<\/b><\/u><\/span><\/span><\/p>\n<\/p>\n<p><span style=\"font-size: small;\">Aix\u00ed mateix,<strong><span style=\"color: #7d2248;\"> EAPN CV<\/span><\/strong> forma part d&#8217; <a href=\"https:\/\/www.eapn.eu\/\"><strong><span style=\"color: #4f758b;\"><u>EAPN Europa<\/span><\/u><\/strong><\/a><a href=\"https:\/\/www.eapn.eu\/\"><strong><span style=\"color: #4f758b;\"> (European Anti Poverty Network)<\/span><\/strong><\/a>, xarxa a nivell europeu que ha estat treballant de manera independent des de 1990, i est\u00e0 integrada en<strong> <\/strong><strong><span style=\"color: #4f758b;\"><u><a href=\"http:\/\/www.eapn.es\/\" target=\"_blank\" rel=\"noopener noreferrer\">EAPN Espa\u00f1a<\/span><\/a><\/u><\/strong> (Red Europea de Lucha contra la Pobreza y la Exclusi\u00f3n Social en el Estado Espa\u00f1ol), composta al seu torn per 19 EAPN auton\u00f2miques i 22 entitats d\u2019\u00e0mbit estatal, totes elles de car\u00e0cter no lucratiu i amb un component com\u00fa: la lluita contra la pobresa i l\u2019exclusi\u00f3 social.<\/span><\/p>\n<p><span style=\"font-size: small;\">Des de febrer de 2020, <span style=\"color: #7d2248;\"><strong>EAPN CV-Xarxa per la Incusi\u00f3 Social<\/strong><\/span> ostenta la Vicepresid\u00e8ncia 2\u00aa d&#8217;<span style=\"color: #4f758b;\"><strong>EAPN Espa\u00f1a<\/strong><\/span>, assumint aix\u00ed un comprom\u00eds major en la lluita contra la pobresa i l\u2019exclusi\u00f3 social en l\u2019\u00e0mbit estatal i europeu.<\/p>\n<p>A m\u00e9s a m\u00e9s, ostentem la vicepresid\u00e8ncia de la <strong>Plataforma del Tercer Sector d\u2019Acci\u00f3 Social de la Comunitat Valenciana<\/strong>, i incidim i fem d\u2019interlocutors en mat\u00e8ria de fiscalitat, pobresa i desigualtat tamb\u00e9 com a membres de la <strong>Campanya per la Just\u00edcia Fiscal<\/strong> i <strong>Pobresa Zero.<\/strong><\/span><\/p>\n<p>[\/et_pb_text][\/et_pb_column][\/et_pb_row][\/et_pb_section]<\/p>\n","protected":false},"excerpt":{"rendered":"<p>QUI SOM? EAPN CV \u2013 European Antipoverty Network \/ Xarxa Europea de Lluita contra la Pobresa, \u00e9s una coalici\u00f3 independent d\u2019organitzacions socials, involucrades en la lluita contra la pobresa i per la inclusi\u00f3 social en l\u2019\u00e0mbit auton\u00f2mic. Actualment est\u00e0 formada per 40 entitats d\u2019inclusi\u00f3 social. Som la xarxa interlocutora en l\u2019\u00e0mbit de la inclusi\u00f3 social [&hellip;]<\/p>\n","protected":false},"author":2,"featured_media":0,"parent":0,"menu_order":2,"comment_status":"closed","ping_status":"closed","template":"","meta":{"_acf_changed":false,"_et_pb_use_builder":"on","_et_pb_old_content":"","_et_gb_content_width":"","footnotes":""},"class_list":["post-17367","page","type-page","status-publish","hentry"],"acf":[],"yoast_head":"<!-- This site is optimized with the Yoast SEO Premium plugin v24.5 (Yoast SEO v27.0) - https:\/\/yoast.com\/product\/yoast-seo-premium-wordpress\/ -->\n<title>QUI SOM? - EAPN CV<\/title>\n<meta name=\"robots\" content=\"index, follow, max-snippet:-1, max-image-preview:large, max-video-preview:-1\" \/>\n<link rel=\"canonical\" href=\"https:\/\/www.eapncv.org\/ca-val\/qui-som\/\" \/>\n<meta property=\"og:locale\" content=\"en_US\" \/>\n<meta property=\"og:type\" content=\"article\" \/>\n<meta property=\"og:title\" content=\"QUI SOM?\" \/>\n<meta property=\"og:description\" content=\"QUI SOM? EAPN CV \u2013 European Antipoverty Network \/ Xarxa Europea de Lluita contra la Pobresa, \u00e9s una coalici\u00f3 independent d\u2019organitzacions socials, involucrades en la lluita contra la pobresa i per la inclusi\u00f3 social en l\u2019\u00e0mbit auton\u00f2mic. Actualment est\u00e0 formada per 40 entitats d\u2019inclusi\u00f3 social. Som la xarxa interlocutora en l\u2019\u00e0mbit de la inclusi\u00f3 social [&hellip;]\" \/>\n<meta property=\"og:url\" content=\"https:\/\/www.eapncv.org\/ca-val\/qui-som\/\" \/>\n<meta property=\"og:site_name\" content=\"EAPN CV\" \/>\n<meta property=\"article:publisher\" content=\"https:\/\/www.facebook.com\/EAPNCV\" \/>\n<meta property=\"article:modified_time\" content=\"2025-07-16T13:30:06+00:00\" \/>\n<meta name=\"twitter:card\" content=\"summary_large_image\" \/>\n<meta name=\"twitter:site\" content=\"@xarxaeapncv\" \/>\n<meta name=\"twitter:label1\" content=\"Est. reading time\" \/>\n\t<meta name=\"twitter:data1\" content=\"3 minutes\" \/>\n<script type=\"application\/ld+json\" class=\"yoast-schema-graph\">{\"@context\":\"https:\/\/schema.org\",\"@graph\":[{\"@type\":\"WebPage\",\"@id\":\"https:\/\/www.eapncv.org\/ca-val\/qui-som\/\",\"url\":\"https:\/\/www.eapncv.org\/ca-val\/qui-som\/\",\"name\":\"QUI SOM? - EAPN CV\",\"isPartOf\":{\"@id\":\"https:\/\/www.eapncv.org\/#website\"},\"datePublished\":\"2020-11-02T14:15:19+00:00\",\"dateModified\":\"2025-07-16T13:30:06+00:00\",\"breadcrumb\":{\"@id\":\"https:\/\/www.eapncv.org\/ca-val\/qui-som\/#breadcrumb\"},\"inLanguage\":\"ca-val\",\"potentialAction\":[{\"@type\":\"ReadAction\",\"target\":[\"https:\/\/www.eapncv.org\/ca-val\/qui-som\/\"]}]},{\"@type\":\"BreadcrumbList\",\"@id\":\"https:\/\/www.eapncv.org\/ca-val\/qui-som\/#breadcrumb\",\"itemListElement\":[{\"@type\":\"ListItem\",\"position\":1,\"name\":\"Portada\",\"item\":\"https:\/\/www.eapncv.org\/ca-val\/\"},{\"@type\":\"ListItem\",\"position\":2,\"name\":\"QUI SOM?\"}]},{\"@type\":\"WebSite\",\"@id\":\"https:\/\/www.eapncv.org\/#website\",\"url\":\"https:\/\/www.eapncv.org\/\",\"name\":\"EAPN CV\",\"description\":\"European Antipoverty Network \/ Xarxa Europea de Lluita contra la Pobresa\",\"publisher\":{\"@id\":\"https:\/\/www.eapncv.org\/#organization\"},\"potentialAction\":[{\"@type\":\"SearchAction\",\"target\":{\"@type\":\"EntryPoint\",\"urlTemplate\":\"https:\/\/www.eapncv.org\/?s={search_term_string}\"},\"query-input\":{\"@type\":\"PropertyValueSpecification\",\"valueRequired\":true,\"valueName\":\"search_term_string\"}}],\"inLanguage\":\"ca-val\"},{\"@type\":\"Organization\",\"@id\":\"https:\/\/www.eapncv.org\/#organization\",\"name\":\"EAPN CV\",\"url\":\"https:\/\/www.eapncv.org\/\",\"logo\":{\"@type\":\"ImageObject\",\"inLanguage\":\"ca-val\",\"@id\":\"https:\/\/www.eapncv.org\/#\/schema\/logo\/image\/\",\"url\":\"https:\/\/www.eapncv.org\/wp-content\/uploads\/2020\/10\/logoeapnOK-2013.jpg\",\"contentUrl\":\"https:\/\/www.eapncv.org\/wp-content\/uploads\/2020\/10\/logoeapnOK-2013.jpg\",\"width\":793,\"height\":287,\"caption\":\"EAPN CV\"},\"image\":{\"@id\":\"https:\/\/www.eapncv.org\/#\/schema\/logo\/image\/\"},\"sameAs\":[\"https:\/\/www.facebook.com\/EAPNCV\",\"https:\/\/x.com\/xarxaeapncv\",\"https:\/\/es.linkedin.com\/company\/eapn-cv\"]}]}<\/script>\n<!-- \/ Yoast SEO Premium plugin. -->","yoast_head_json":{"title":"QUI SOM? - EAPN CV","robots":{"index":"index","follow":"follow","max-snippet":"max-snippet:-1","max-image-preview":"max-image-preview:large","max-video-preview":"max-video-preview:-1"},"canonical":"https:\/\/www.eapncv.org\/ca-val\/qui-som\/","og_locale":"en_US","og_type":"article","og_title":"QUI SOM?","og_description":"QUI SOM? EAPN CV \u2013 European Antipoverty Network \/ Xarxa Europea de Lluita contra la Pobresa, \u00e9s una coalici\u00f3 independent d\u2019organitzacions socials, involucrades en la lluita contra la pobresa i per la inclusi\u00f3 social en l\u2019\u00e0mbit auton\u00f2mic. Actualment est\u00e0 formada per 40 entitats d\u2019inclusi\u00f3 social. Som la xarxa interlocutora en l\u2019\u00e0mbit de la inclusi\u00f3 social [&hellip;]","og_url":"https:\/\/www.eapncv.org\/ca-val\/qui-som\/","og_site_name":"EAPN CV","article_publisher":"https:\/\/www.facebook.com\/EAPNCV","article_modified_time":"2025-07-16T13:30:06+00:00","twitter_card":"summary_large_image","twitter_site":"@xarxaeapncv","twitter_misc":{"Est. reading time":"3 minutes"},"schema":{"@context":"https:\/\/schema.org","@graph":[{"@type":"WebPage","@id":"https:\/\/www.eapncv.org\/ca-val\/qui-som\/","url":"https:\/\/www.eapncv.org\/ca-val\/qui-som\/","name":"QUI SOM? - EAPN CV","isPartOf":{"@id":"https:\/\/www.eapncv.org\/#website"},"datePublished":"2020-11-02T14:15:19+00:00","dateModified":"2025-07-16T13:30:06+00:00","breadcrumb":{"@id":"https:\/\/www.eapncv.org\/ca-val\/qui-som\/#breadcrumb"},"inLanguage":"ca-val","potentialAction":[{"@type":"ReadAction","target":["https:\/\/www.eapncv.org\/ca-val\/qui-som\/"]}]},{"@type":"BreadcrumbList","@id":"https:\/\/www.eapncv.org\/ca-val\/qui-som\/#breadcrumb","itemListElement":[{"@type":"ListItem","position":1,"name":"Portada","item":"https:\/\/www.eapncv.org\/ca-val\/"},{"@type":"ListItem","position":2,"name":"QUI SOM?"}]},{"@type":"WebSite","@id":"https:\/\/www.eapncv.org\/#website","url":"https:\/\/www.eapncv.org\/","name":"EAPN CV","description":"European Antipoverty Network \/ Xarxa Europea de Lluita contra la Pobresa","publisher":{"@id":"https:\/\/www.eapncv.org\/#organization"},"potentialAction":[{"@type":"SearchAction","target":{"@type":"EntryPoint","urlTemplate":"https:\/\/www.eapncv.org\/?s={search_term_string}"},"query-input":{"@type":"PropertyValueSpecification","valueRequired":true,"valueName":"search_term_string"}}],"inLanguage":"ca-val"},{"@type":"Organization","@id":"https:\/\/www.eapncv.org\/#organization","name":"EAPN CV","url":"https:\/\/www.eapncv.org\/","logo":{"@type":"ImageObject","inLanguage":"ca-val","@id":"https:\/\/www.eapncv.org\/#\/schema\/logo\/image\/","url":"https:\/\/www.eapncv.org\/wp-content\/uploads\/2020\/10\/logoeapnOK-2013.jpg","contentUrl":"https:\/\/www.eapncv.org\/wp-content\/uploads\/2020\/10\/logoeapnOK-2013.jpg","width":793,"height":287,"caption":"EAPN CV"},"image":{"@id":"https:\/\/www.eapncv.org\/#\/schema\/logo\/image\/"},"sameAs":["https:\/\/www.facebook.com\/EAPNCV","https:\/\/x.com\/xarxaeapncv","https:\/\/es.linkedin.com\/company\/eapn-cv"]}]}},"_links":{"self":[{"href":"https:\/\/www.eapncv.org\/ca-val\/wp-json\/wp\/v2\/pages\/17367","targetHints":{"allow":["GET"]}}],"collection":[{"href":"https:\/\/www.eapncv.org\/ca-val\/wp-json\/wp\/v2\/pages"}],"about":[{"href":"https:\/\/www.eapncv.org\/ca-val\/wp-json\/wp\/v2\/types\/page"}],"author":[{"embeddable":true,"href":"https:\/\/www.eapncv.org\/ca-val\/wp-json\/wp\/v2\/users\/2"}],"replies":[{"embeddable":true,"href":"https:\/\/www.eapncv.org\/ca-val\/wp-json\/wp\/v2\/comments?post=17367"}],"version-history":[{"count":2,"href":"https:\/\/www.eapncv.org\/ca-val\/wp-json\/wp\/v2\/pages\/17367\/revisions"}],"predecessor-version":[{"id":17369,"href":"https:\/\/www.eapncv.org\/ca-val\/wp-json\/wp\/v2\/pages\/17367\/revisions\/17369"}],"wp:attachment":[{"href":"https:\/\/www.eapncv.org\/ca-val\/wp-json\/wp\/v2\/media?parent=17367"}],"curies":[{"name":"wp","href":"https:\/\/api.w.org\/{rel}","templated":true}]}}