{"id":17376,"date":"2025-01-15T12:29:56","date_gmt":"2025-01-15T11:29:56","guid":{"rendered":"https:\/\/www.eapncv.org\/qui-som\/com-ens-organitzem\/"},"modified":"2025-09-03T12:16:59","modified_gmt":"2025-09-03T10:16:59","slug":"com-ens-organitzem","status":"publish","type":"page","link":"https:\/\/www.eapncv.org\/ca-val\/qui-som\/com-ens-organitzem\/","title":{"rendered":"COM ENS ORGANITZEM?"},"content":{"rendered":"<hr class=\"lineaSeparacion\">\n<p>L\u2019estructura d\u2019EAPN CV permet mantindre una pres\u00e8ncia estable en tot el territori, duent a terme les seues actuacions de manera coordinada a nivell local, auton\u00f2mic, estatal i europeu.<\/p>\n<p>EAPN CV compta amb els seg\u00fcents \u00f2rgans:<\/p>\n<ul>\n<li><span style=\"color: #7D2248;\"><strong><a href=\"https:\/\/www.eapncv.org\/entidades\/\">Assemblea General:<\/a><\/strong><\/span>hi tenen cabuda totes les organitzacions que componen la xarxa i \u00e9s l\u2019encarregada de prendre totes les decisions estrat\u00e8giques.<\/li>\n<\/ul>\n<ul>\n<li><span style=\"color: #7D2248;\"><strong><a href=\"https:\/\/www.eapncv.org\/quienes-somos\/junta-directiva\/\">Junta Directiva<\/a>:<\/strong><\/span> \u00e9s l\u2019\u00f2rgan operatiu de la xarxa, composta per nou entitats membre, i coordina i organitza les actuacions que duen a terme les decisions preses en l\u2019Assemblea.<\/li>\n<\/ul>\n<ul>\n<li><span style=\"color: #7D2248;\"><strong><a href=\"https:\/\/www.eapncv.org\/quienes-somos\/grupos\/\">Grups de treball<\/a>:<\/strong><\/span> per a afavorir la participaci\u00f3 de les persones en situaci\u00f3 de major vulnerabilitat, aix\u00ed com per a treballar de manera m\u00e9s espec\u00edfica en q\u00fcestions relacionades amb la participaci\u00f3 i la incid\u00e8ncia social i pol\u00edtica, joventut, habitatge, no-discriminaci\u00f3, voluntariat i acci\u00f3 concertada.<\/li>\n<\/ul>\n<p>D&#8217;altra banda, la <span style=\"color: #7D2248;\"><strong>Secretaria T\u00e8cnica de EAPN-CV<\/strong><\/span> exerceix tasques de coordinaci\u00f3 i canalitza la informaci\u00f3 generada per les diferents xarxes i organitzacions que la conformen.<\/p>\n<p>&nbsp;<\/p>\n<div id=\"organigrama\" class=\"imagen\"><img decoding=\"async\" src=\"https:\/\/www.eapncv.org\/wp-content\/uploads\/Organigrama-EAPN-CV.png\" alt=\"Organigrama d'EAPN CV\"><\/div>\n","protected":false},"excerpt":{"rendered":"<p>L\u2019estructura d\u2019EAPN CV permet mantindre una pres\u00e8ncia estable en tot el territori, duent a terme les seues actuacions de manera coordinada a nivell local, auton\u00f2mic, estatal i europeu. EAPN CV compta amb els seg\u00fcents \u00f2rgans: Assemblea General:hi tenen cabuda totes les organitzacions que componen la xarxa i \u00e9s l\u2019encarregada de prendre totes les decisions estrat\u00e8giques. [&hellip;]<\/p>\n","protected":false},"author":8,"featured_media":0,"parent":17367,"menu_order":3,"comment_status":"closed","ping_status":"closed","template":"","meta":{"_acf_changed":false,"_et_pb_use_builder":"","_et_pb_old_content":"","_et_gb_content_width":"","footnotes":""},"class_list":["post-17376","page","type-page","status-publish","hentry"],"acf":[],"yoast_head":"<!-- This site is optimized with the Yoast SEO Premium plugin v24.5 (Yoast SEO v27.0) - https:\/\/yoast.com\/product\/yoast-seo-premium-wordpress\/ -->\n<title>COM ENS ORGANITZEM? - EAPN CV<\/title>\n<meta name=\"robots\" content=\"index, follow, max-snippet:-1, max-image-preview:large, max-video-preview:-1\" \/>\n<link rel=\"canonical\" href=\"https:\/\/www.eapncv.org\/ca-val\/qui-som\/com-ens-organitzem\/\" \/>\n<meta property=\"og:locale\" content=\"en_US\" \/>\n<meta property=\"og:type\" content=\"article\" \/>\n<meta property=\"og:title\" content=\"COM ENS ORGANITZEM?\" \/>\n<meta property=\"og:description\" content=\"L\u2019estructura d\u2019EAPN CV permet mantindre una pres\u00e8ncia estable en tot el territori, duent a terme les seues actuacions de manera coordinada a nivell local, auton\u00f2mic, estatal i europeu. EAPN CV compta amb els seg\u00fcents \u00f2rgans: Assemblea General:hi tenen cabuda totes les organitzacions que componen la xarxa i \u00e9s l\u2019encarregada de prendre totes les decisions estrat\u00e8giques. [&hellip;]\" \/>\n<meta property=\"og:url\" content=\"https:\/\/www.eapncv.org\/ca-val\/qui-som\/com-ens-organitzem\/\" \/>\n<meta property=\"og:site_name\" content=\"EAPN CV\" \/>\n<meta property=\"article:publisher\" content=\"https:\/\/www.facebook.com\/EAPNCV\" \/>\n<meta property=\"article:modified_time\" content=\"2025-09-03T10:16:59+00:00\" \/>\n<meta property=\"og:image\" content=\"https:\/\/www.eapncv.org\/wp-content\/uploads\/Organigrama-EAPN-CV.png\" \/>\n<meta name=\"twitter:card\" content=\"summary_large_image\" \/>\n<meta name=\"twitter:site\" content=\"@xarxaeapncv\" \/>\n<meta name=\"twitter:label1\" content=\"Est. reading time\" \/>\n\t<meta name=\"twitter:data1\" content=\"1 minute\" \/>\n<script type=\"application\/ld+json\" class=\"yoast-schema-graph\">{\"@context\":\"https:\/\/schema.org\",\"@graph\":[{\"@type\":\"WebPage\",\"@id\":\"https:\/\/www.eapncv.org\/ca-val\/qui-som\/com-ens-organitzem\/\",\"url\":\"https:\/\/www.eapncv.org\/ca-val\/qui-som\/com-ens-organitzem\/\",\"name\":\"COM ENS ORGANITZEM? - EAPN CV\",\"isPartOf\":{\"@id\":\"https:\/\/www.eapncv.org\/#website\"},\"primaryImageOfPage\":{\"@id\":\"https:\/\/www.eapncv.org\/ca-val\/qui-som\/com-ens-organitzem\/#primaryimage\"},\"image\":{\"@id\":\"https:\/\/www.eapncv.org\/ca-val\/qui-som\/com-ens-organitzem\/#primaryimage\"},\"thumbnailUrl\":\"https:\/\/www.eapncv.org\/wp-content\/uploads\/Organigrama-EAPN-CV.png\",\"datePublished\":\"2025-01-15T11:29:56+00:00\",\"dateModified\":\"2025-09-03T10:16:59+00:00\",\"breadcrumb\":{\"@id\":\"https:\/\/www.eapncv.org\/ca-val\/qui-som\/com-ens-organitzem\/#breadcrumb\"},\"inLanguage\":\"ca-val\",\"potentialAction\":[{\"@type\":\"ReadAction\",\"target\":[\"https:\/\/www.eapncv.org\/ca-val\/qui-som\/com-ens-organitzem\/\"]}]},{\"@type\":\"ImageObject\",\"inLanguage\":\"ca-val\",\"@id\":\"https:\/\/www.eapncv.org\/ca-val\/qui-som\/com-ens-organitzem\/#primaryimage\",\"url\":\"https:\/\/www.eapncv.org\/wp-content\/uploads\/Organigrama-EAPN-CV.png\",\"contentUrl\":\"https:\/\/www.eapncv.org\/wp-content\/uploads\/Organigrama-EAPN-CV.png\"},{\"@type\":\"BreadcrumbList\",\"@id\":\"https:\/\/www.eapncv.org\/ca-val\/qui-som\/com-ens-organitzem\/#breadcrumb\",\"itemListElement\":[{\"@type\":\"ListItem\",\"position\":1,\"name\":\"Portada\",\"item\":\"https:\/\/www.eapncv.org\/ca-val\/\"},{\"@type\":\"ListItem\",\"position\":2,\"name\":\"QUI SOM?\",\"item\":\"https:\/\/www.eapncv.org\/ca-val\/qui-som\/\"},{\"@type\":\"ListItem\",\"position\":3,\"name\":\"COM ENS ORGANITZEM?\"}]},{\"@type\":\"WebSite\",\"@id\":\"https:\/\/www.eapncv.org\/#website\",\"url\":\"https:\/\/www.eapncv.org\/\",\"name\":\"EAPN CV\",\"description\":\"European Antipoverty Network \/ Xarxa Europea de Lluita contra la Pobresa\",\"publisher\":{\"@id\":\"https:\/\/www.eapncv.org\/#organization\"},\"potentialAction\":[{\"@type\":\"SearchAction\",\"target\":{\"@type\":\"EntryPoint\",\"urlTemplate\":\"https:\/\/www.eapncv.org\/?s={search_term_string}\"},\"query-input\":{\"@type\":\"PropertyValueSpecification\",\"valueRequired\":true,\"valueName\":\"search_term_string\"}}],\"inLanguage\":\"ca-val\"},{\"@type\":\"Organization\",\"@id\":\"https:\/\/www.eapncv.org\/#organization\",\"name\":\"EAPN CV\",\"url\":\"https:\/\/www.eapncv.org\/\",\"logo\":{\"@type\":\"ImageObject\",\"inLanguage\":\"ca-val\",\"@id\":\"https:\/\/www.eapncv.org\/#\/schema\/logo\/image\/\",\"url\":\"https:\/\/www.eapncv.org\/wp-content\/uploads\/2020\/10\/logoeapnOK-2013.jpg\",\"contentUrl\":\"https:\/\/www.eapncv.org\/wp-content\/uploads\/2020\/10\/logoeapnOK-2013.jpg\",\"width\":793,\"height\":287,\"caption\":\"EAPN CV\"},\"image\":{\"@id\":\"https:\/\/www.eapncv.org\/#\/schema\/logo\/image\/\"},\"sameAs\":[\"https:\/\/www.facebook.com\/EAPNCV\",\"https:\/\/x.com\/xarxaeapncv\",\"https:\/\/es.linkedin.com\/company\/eapn-cv\"]}]}<\/script>\n<!-- \/ Yoast SEO Premium plugin. -->","yoast_head_json":{"title":"COM ENS ORGANITZEM? - EAPN CV","robots":{"index":"index","follow":"follow","max-snippet":"max-snippet:-1","max-image-preview":"max-image-preview:large","max-video-preview":"max-video-preview:-1"},"canonical":"https:\/\/www.eapncv.org\/ca-val\/qui-som\/com-ens-organitzem\/","og_locale":"en_US","og_type":"article","og_title":"COM ENS ORGANITZEM?","og_description":"L\u2019estructura d\u2019EAPN CV permet mantindre una pres\u00e8ncia estable en tot el territori, duent a terme les seues actuacions de manera coordinada a nivell local, auton\u00f2mic, estatal i europeu. EAPN CV compta amb els seg\u00fcents \u00f2rgans: Assemblea General:hi tenen cabuda totes les organitzacions que componen la xarxa i \u00e9s l\u2019encarregada de prendre totes les decisions estrat\u00e8giques. [&hellip;]","og_url":"https:\/\/www.eapncv.org\/ca-val\/qui-som\/com-ens-organitzem\/","og_site_name":"EAPN CV","article_publisher":"https:\/\/www.facebook.com\/EAPNCV","article_modified_time":"2025-09-03T10:16:59+00:00","og_image":[{"url":"https:\/\/www.eapncv.org\/wp-content\/uploads\/Organigrama-EAPN-CV.png","type":"","width":"","height":""}],"twitter_card":"summary_large_image","twitter_site":"@xarxaeapncv","twitter_misc":{"Est. reading time":"1 minute"},"schema":{"@context":"https:\/\/schema.org","@graph":[{"@type":"WebPage","@id":"https:\/\/www.eapncv.org\/ca-val\/qui-som\/com-ens-organitzem\/","url":"https:\/\/www.eapncv.org\/ca-val\/qui-som\/com-ens-organitzem\/","name":"COM ENS ORGANITZEM? - EAPN CV","isPartOf":{"@id":"https:\/\/www.eapncv.org\/#website"},"primaryImageOfPage":{"@id":"https:\/\/www.eapncv.org\/ca-val\/qui-som\/com-ens-organitzem\/#primaryimage"},"image":{"@id":"https:\/\/www.eapncv.org\/ca-val\/qui-som\/com-ens-organitzem\/#primaryimage"},"thumbnailUrl":"https:\/\/www.eapncv.org\/wp-content\/uploads\/Organigrama-EAPN-CV.png","datePublished":"2025-01-15T11:29:56+00:00","dateModified":"2025-09-03T10:16:59+00:00","breadcrumb":{"@id":"https:\/\/www.eapncv.org\/ca-val\/qui-som\/com-ens-organitzem\/#breadcrumb"},"inLanguage":"ca-val","potentialAction":[{"@type":"ReadAction","target":["https:\/\/www.eapncv.org\/ca-val\/qui-som\/com-ens-organitzem\/"]}]},{"@type":"ImageObject","inLanguage":"ca-val","@id":"https:\/\/www.eapncv.org\/ca-val\/qui-som\/com-ens-organitzem\/#primaryimage","url":"https:\/\/www.eapncv.org\/wp-content\/uploads\/Organigrama-EAPN-CV.png","contentUrl":"https:\/\/www.eapncv.org\/wp-content\/uploads\/Organigrama-EAPN-CV.png"},{"@type":"BreadcrumbList","@id":"https:\/\/www.eapncv.org\/ca-val\/qui-som\/com-ens-organitzem\/#breadcrumb","itemListElement":[{"@type":"ListItem","position":1,"name":"Portada","item":"https:\/\/www.eapncv.org\/ca-val\/"},{"@type":"ListItem","position":2,"name":"QUI SOM?","item":"https:\/\/www.eapncv.org\/ca-val\/qui-som\/"},{"@type":"ListItem","position":3,"name":"COM ENS ORGANITZEM?"}]},{"@type":"WebSite","@id":"https:\/\/www.eapncv.org\/#website","url":"https:\/\/www.eapncv.org\/","name":"EAPN CV","description":"European Antipoverty Network \/ Xarxa Europea de Lluita contra la Pobresa","publisher":{"@id":"https:\/\/www.eapncv.org\/#organization"},"potentialAction":[{"@type":"SearchAction","target":{"@type":"EntryPoint","urlTemplate":"https:\/\/www.eapncv.org\/?s={search_term_string}"},"query-input":{"@type":"PropertyValueSpecification","valueRequired":true,"valueName":"search_term_string"}}],"inLanguage":"ca-val"},{"@type":"Organization","@id":"https:\/\/www.eapncv.org\/#organization","name":"EAPN CV","url":"https:\/\/www.eapncv.org\/","logo":{"@type":"ImageObject","inLanguage":"ca-val","@id":"https:\/\/www.eapncv.org\/#\/schema\/logo\/image\/","url":"https:\/\/www.eapncv.org\/wp-content\/uploads\/2020\/10\/logoeapnOK-2013.jpg","contentUrl":"https:\/\/www.eapncv.org\/wp-content\/uploads\/2020\/10\/logoeapnOK-2013.jpg","width":793,"height":287,"caption":"EAPN CV"},"image":{"@id":"https:\/\/www.eapncv.org\/#\/schema\/logo\/image\/"},"sameAs":["https:\/\/www.facebook.com\/EAPNCV","https:\/\/x.com\/xarxaeapncv","https:\/\/es.linkedin.com\/company\/eapn-cv"]}]}},"_links":{"self":[{"href":"https:\/\/www.eapncv.org\/ca-val\/wp-json\/wp\/v2\/pages\/17376","targetHints":{"allow":["GET"]}}],"collection":[{"href":"https:\/\/www.eapncv.org\/ca-val\/wp-json\/wp\/v2\/pages"}],"about":[{"href":"https:\/\/www.eapncv.org\/ca-val\/wp-json\/wp\/v2\/types\/page"}],"author":[{"embeddable":true,"href":"https:\/\/www.eapncv.org\/ca-val\/wp-json\/wp\/v2\/users\/8"}],"replies":[{"embeddable":true,"href":"https:\/\/www.eapncv.org\/ca-val\/wp-json\/wp\/v2\/comments?post=17376"}],"version-history":[{"count":1,"href":"https:\/\/www.eapncv.org\/ca-val\/wp-json\/wp\/v2\/pages\/17376\/revisions"}],"predecessor-version":[{"id":17398,"href":"https:\/\/www.eapncv.org\/ca-val\/wp-json\/wp\/v2\/pages\/17376\/revisions\/17398"}],"up":[{"embeddable":true,"href":"https:\/\/www.eapncv.org\/ca-val\/wp-json\/wp\/v2\/pages\/17367"}],"wp:attachment":[{"href":"https:\/\/www.eapncv.org\/ca-val\/wp-json\/wp\/v2\/media?parent=17376"}],"curies":[{"name":"wp","href":"https:\/\/api.w.org\/{rel}","templated":true}]}}