{"id":17383,"date":"2020-10-20T14:14:31","date_gmt":"2020-10-20T12:14:31","guid":{"rendered":"https:\/\/www.eapncv.org\/qui-som\/objectius\/"},"modified":"2020-10-20T14:14:31","modified_gmt":"2020-10-20T12:14:31","slug":"objectius","status":"publish","type":"page","link":"https:\/\/www.eapncv.org\/ca-val\/qui-som\/objectius\/","title":{"rendered":"OBJECTIUS"},"content":{"rendered":"<hr class=\"lineaSeparacion\">\n<span style=\"font-size: x-large;\"><strong><span style=\"color: #7d2248;\">MISSI\u00d3 DE LA XARXA<\/span><\/strong><\/span><\/p>\n<p>&nbsp;<br \/>\nLa Xarxa Valenciana de Lluita contra la Pobresa i l\u2019Exclusi\u00f3 Social \u00e9s una agrupaci\u00f3 horitzontal d\u2019entitats sense \u00e0nim de lucre. Pret\u00e9n, en relaci\u00f3 amb el fenomen de la pobresa i l\u2019exclusi\u00f3, sensibilitzar la societat, reivindicar i impulsar pol\u00edtiques p\u00fabliques de qualitat, participatives, preventives, estables i globals, promovent per a aix\u00f2 la implicaci\u00f3 d\u2019altres sectors de la comunitat (professionals de l\u2019educaci\u00f3, la salut, els serveis socials, altres ONG, pol\u00edtics, periodistes, artistes, etc.) i el treball conjunt entre les entitats membres de la Xarxa. <\/p>\n<p>&nbsp;<\/p>\n<p>&nbsp;<\/p>\n<p><span style=\"font-size: x-large;\"><strong><span style=\"color: #7d2248;\">OBJECTIUS I FINALITATS DE LA XARXA<\/span><\/strong><\/span><\/p>\n<p>&nbsp;<\/p>\n<ul>\n<li>Establir canals de col\u00b7laboraci\u00f3 entre entitats que treballen dins dels diferents sectors de l\u2019acci\u00f3 social a la Comunitat Valenciana.<\/li>\n<li>Promoure informaci\u00f3, debats i investigacions socials entre les diverses entitats per a aproximar-nos a la realitat social de la Comunitat Valenciana de manera global, aix\u00ed com mantindre informades totes les entitats integrades en l\u2019Associaci\u00f3 sobre les pol\u00edtiques socials en l\u2019\u00e0mbit municipal, auton\u00f2mic, estatal i europeu.<\/li>\n<li>Analitzar les defici\u00e8ncies estructurals, legislatives i d\u2019organitzaci\u00f3 que permeten mantindre situacions de pobresa i exclusi\u00f3 a la nostra Comunitat.<\/li>\n<li>Assegurar la funci\u00f3 de pressi\u00f3, den\u00fancia i reivindicaci\u00f3 a favor de les persones i col\u00b7lectius en situaci\u00f3 de pobresa i exclusi\u00f3.<\/li>\n<li>Visibilitzar les situacions de pobresa i desigualtat que es mantenen ocultes i que els poders p\u00fablics no volen recon\u00e9ixer.<\/li>\n<li>Col\u00b7laborar amb iniciatives estatals i de la Uni\u00f3 Europea que compartisquen aquestes finalitats.<\/li>\n<li>Realizar acciones conjuntas de formaci\u00f3n y foros de debate para analizar la realidad social y evitar o paliar la aparici\u00f3n de nuevos focos de pobreza y mejorar la situaci\u00f3n de los ya existentes.<\/li>\n<li>Informar i sensibilitzar l\u2019opini\u00f3 p\u00fablica sobre qualsevol aspecte relacionat amb els objectius de l\u2019Associaci\u00f3.<\/li>\n<li>Actuar com a instrument de pressi\u00f3 davant dels municipis, la Generalitat, l\u2019Estat i la Uni\u00f3 Europea per a aconseguir l\u2019adopci\u00f3 de pol\u00edtiques que tendisquen a previndre la pobresa i evitar les causes que la generen.<\/li>\n<li>Intervindre com a interlocutor davant les diferents administracions p\u00fabliques en temes relacionats amb l\u2019acci\u00f3 social, participant en tots els f\u00f2rums on l\u2019Associaci\u00f3 siga convocada i es considere oportuna la seua pres\u00e8ncia.<\/li>\n<li>Realitzar totes aquelles altres accions que estiguen en conson\u00e0ncia amb els objectius anteriorment exposats.<\/li>\n<li>Desenvolupar activitats i accions en mat\u00e8ria de pobresa i exclusi\u00f3 social.<\/li>\n<\/ul>\n","protected":false},"excerpt":{"rendered":"<p>MISSI\u00d3 DE LA XARXA &nbsp; La Xarxa Valenciana de Lluita contra la Pobresa i l\u2019Exclusi\u00f3 Social \u00e9s una agrupaci\u00f3 horitzontal d\u2019entitats sense \u00e0nim de lucre. Pret\u00e9n, en relaci\u00f3 amb el fenomen de la pobresa i l\u2019exclusi\u00f3, sensibilitzar la societat, reivindicar i impulsar pol\u00edtiques p\u00fabliques de qualitat, participatives, preventives, estables i globals, promovent per a aix\u00f2 [&hellip;]<\/p>\n","protected":false},"author":2,"featured_media":0,"parent":17367,"menu_order":4,"comment_status":"closed","ping_status":"closed","template":"","meta":{"_acf_changed":false,"_et_pb_use_builder":"off","_et_pb_old_content":"","_et_gb_content_width":"","footnotes":""},"class_list":["post-17383","page","type-page","status-publish","hentry"],"acf":[],"yoast_head":"<!-- This site is optimized with the Yoast SEO Premium plugin v24.5 (Yoast SEO v27.0) - https:\/\/yoast.com\/product\/yoast-seo-premium-wordpress\/ -->\n<title>OBJECTIUS - EAPN CV<\/title>\n<meta name=\"robots\" content=\"index, follow, max-snippet:-1, max-image-preview:large, max-video-preview:-1\" \/>\n<link rel=\"canonical\" href=\"https:\/\/www.eapncv.org\/quienes-somos\/objetivos\/\" \/>\n<meta property=\"og:locale\" content=\"en_US\" \/>\n<meta property=\"og:type\" content=\"article\" \/>\n<meta property=\"og:title\" content=\"OBJECTIUS\" \/>\n<meta property=\"og:description\" content=\"MISSI\u00d3 DE LA XARXA &nbsp; La Xarxa Valenciana de Lluita contra la Pobresa i l\u2019Exclusi\u00f3 Social \u00e9s una agrupaci\u00f3 horitzontal d\u2019entitats sense \u00e0nim de lucre. Pret\u00e9n, en relaci\u00f3 amb el fenomen de la pobresa i l\u2019exclusi\u00f3, sensibilitzar la societat, reivindicar i impulsar pol\u00edtiques p\u00fabliques de qualitat, participatives, preventives, estables i globals, promovent per a aix\u00f2 [&hellip;]\" \/>\n<meta property=\"og:url\" content=\"https:\/\/www.eapncv.org\/quienes-somos\/objetivos\/\" \/>\n<meta property=\"og:site_name\" content=\"EAPN CV\" \/>\n<meta property=\"article:publisher\" content=\"https:\/\/www.facebook.com\/EAPNCV\" \/>\n<meta name=\"twitter:card\" content=\"summary_large_image\" \/>\n<meta name=\"twitter:site\" content=\"@xarxaeapncv\" \/>\n<meta name=\"twitter:label1\" content=\"Est. reading time\" \/>\n\t<meta name=\"twitter:data1\" content=\"2 minutes\" \/>\n<script type=\"application\/ld+json\" class=\"yoast-schema-graph\">{\"@context\":\"https:\/\/schema.org\",\"@graph\":[{\"@type\":\"WebPage\",\"@id\":\"https:\/\/www.eapncv.org\/quienes-somos\/objetivos\/\",\"url\":\"https:\/\/www.eapncv.org\/quienes-somos\/objetivos\/\",\"name\":\"OBJECTIUS - EAPN CV\",\"isPartOf\":{\"@id\":\"https:\/\/www.eapncv.org\/#website\"},\"datePublished\":\"2020-10-20T12:14:31+00:00\",\"breadcrumb\":{\"@id\":\"https:\/\/www.eapncv.org\/quienes-somos\/objetivos\/#breadcrumb\"},\"inLanguage\":\"ca-val\",\"potentialAction\":[{\"@type\":\"ReadAction\",\"target\":[\"https:\/\/www.eapncv.org\/quienes-somos\/objetivos\/\"]}]},{\"@type\":\"BreadcrumbList\",\"@id\":\"https:\/\/www.eapncv.org\/quienes-somos\/objetivos\/#breadcrumb\",\"itemListElement\":[{\"@type\":\"ListItem\",\"position\":1,\"name\":\"Portada\",\"item\":\"https:\/\/www.eapncv.org\/ca-val\/\"},{\"@type\":\"ListItem\",\"position\":2,\"name\":\"QUI SOM?\",\"item\":\"https:\/\/www.eapncv.org\/ca-val\/qui-som\/\"},{\"@type\":\"ListItem\",\"position\":3,\"name\":\"OBJECTIUS\"}]},{\"@type\":\"WebSite\",\"@id\":\"https:\/\/www.eapncv.org\/#website\",\"url\":\"https:\/\/www.eapncv.org\/\",\"name\":\"EAPN CV\",\"description\":\"European Antipoverty Network \/ Xarxa Europea de Lluita contra la Pobresa\",\"publisher\":{\"@id\":\"https:\/\/www.eapncv.org\/#organization\"},\"potentialAction\":[{\"@type\":\"SearchAction\",\"target\":{\"@type\":\"EntryPoint\",\"urlTemplate\":\"https:\/\/www.eapncv.org\/?s={search_term_string}\"},\"query-input\":{\"@type\":\"PropertyValueSpecification\",\"valueRequired\":true,\"valueName\":\"search_term_string\"}}],\"inLanguage\":\"ca-val\"},{\"@type\":\"Organization\",\"@id\":\"https:\/\/www.eapncv.org\/#organization\",\"name\":\"EAPN CV\",\"url\":\"https:\/\/www.eapncv.org\/\",\"logo\":{\"@type\":\"ImageObject\",\"inLanguage\":\"ca-val\",\"@id\":\"https:\/\/www.eapncv.org\/#\/schema\/logo\/image\/\",\"url\":\"https:\/\/www.eapncv.org\/wp-content\/uploads\/2020\/10\/logoeapnOK-2013.jpg\",\"contentUrl\":\"https:\/\/www.eapncv.org\/wp-content\/uploads\/2020\/10\/logoeapnOK-2013.jpg\",\"width\":793,\"height\":287,\"caption\":\"EAPN CV\"},\"image\":{\"@id\":\"https:\/\/www.eapncv.org\/#\/schema\/logo\/image\/\"},\"sameAs\":[\"https:\/\/www.facebook.com\/EAPNCV\",\"https:\/\/x.com\/xarxaeapncv\",\"https:\/\/es.linkedin.com\/company\/eapn-cv\"]}]}<\/script>\n<!-- \/ Yoast SEO Premium plugin. -->","yoast_head_json":{"title":"OBJECTIUS - EAPN CV","robots":{"index":"index","follow":"follow","max-snippet":"max-snippet:-1","max-image-preview":"max-image-preview:large","max-video-preview":"max-video-preview:-1"},"canonical":"https:\/\/www.eapncv.org\/quienes-somos\/objetivos\/","og_locale":"en_US","og_type":"article","og_title":"OBJECTIUS","og_description":"MISSI\u00d3 DE LA XARXA &nbsp; La Xarxa Valenciana de Lluita contra la Pobresa i l\u2019Exclusi\u00f3 Social \u00e9s una agrupaci\u00f3 horitzontal d\u2019entitats sense \u00e0nim de lucre. Pret\u00e9n, en relaci\u00f3 amb el fenomen de la pobresa i l\u2019exclusi\u00f3, sensibilitzar la societat, reivindicar i impulsar pol\u00edtiques p\u00fabliques de qualitat, participatives, preventives, estables i globals, promovent per a aix\u00f2 [&hellip;]","og_url":"https:\/\/www.eapncv.org\/quienes-somos\/objetivos\/","og_site_name":"EAPN CV","article_publisher":"https:\/\/www.facebook.com\/EAPNCV","twitter_card":"summary_large_image","twitter_site":"@xarxaeapncv","twitter_misc":{"Est. reading time":"2 minutes"},"schema":{"@context":"https:\/\/schema.org","@graph":[{"@type":"WebPage","@id":"https:\/\/www.eapncv.org\/quienes-somos\/objetivos\/","url":"https:\/\/www.eapncv.org\/quienes-somos\/objetivos\/","name":"OBJECTIUS - EAPN CV","isPartOf":{"@id":"https:\/\/www.eapncv.org\/#website"},"datePublished":"2020-10-20T12:14:31+00:00","breadcrumb":{"@id":"https:\/\/www.eapncv.org\/quienes-somos\/objetivos\/#breadcrumb"},"inLanguage":"ca-val","potentialAction":[{"@type":"ReadAction","target":["https:\/\/www.eapncv.org\/quienes-somos\/objetivos\/"]}]},{"@type":"BreadcrumbList","@id":"https:\/\/www.eapncv.org\/quienes-somos\/objetivos\/#breadcrumb","itemListElement":[{"@type":"ListItem","position":1,"name":"Portada","item":"https:\/\/www.eapncv.org\/ca-val\/"},{"@type":"ListItem","position":2,"name":"QUI SOM?","item":"https:\/\/www.eapncv.org\/ca-val\/qui-som\/"},{"@type":"ListItem","position":3,"name":"OBJECTIUS"}]},{"@type":"WebSite","@id":"https:\/\/www.eapncv.org\/#website","url":"https:\/\/www.eapncv.org\/","name":"EAPN CV","description":"European Antipoverty Network \/ Xarxa Europea de Lluita contra la Pobresa","publisher":{"@id":"https:\/\/www.eapncv.org\/#organization"},"potentialAction":[{"@type":"SearchAction","target":{"@type":"EntryPoint","urlTemplate":"https:\/\/www.eapncv.org\/?s={search_term_string}"},"query-input":{"@type":"PropertyValueSpecification","valueRequired":true,"valueName":"search_term_string"}}],"inLanguage":"ca-val"},{"@type":"Organization","@id":"https:\/\/www.eapncv.org\/#organization","name":"EAPN CV","url":"https:\/\/www.eapncv.org\/","logo":{"@type":"ImageObject","inLanguage":"ca-val","@id":"https:\/\/www.eapncv.org\/#\/schema\/logo\/image\/","url":"https:\/\/www.eapncv.org\/wp-content\/uploads\/2020\/10\/logoeapnOK-2013.jpg","contentUrl":"https:\/\/www.eapncv.org\/wp-content\/uploads\/2020\/10\/logoeapnOK-2013.jpg","width":793,"height":287,"caption":"EAPN CV"},"image":{"@id":"https:\/\/www.eapncv.org\/#\/schema\/logo\/image\/"},"sameAs":["https:\/\/www.facebook.com\/EAPNCV","https:\/\/x.com\/xarxaeapncv","https:\/\/es.linkedin.com\/company\/eapn-cv"]}]}},"_links":{"self":[{"href":"https:\/\/www.eapncv.org\/ca-val\/wp-json\/wp\/v2\/pages\/17383","targetHints":{"allow":["GET"]}}],"collection":[{"href":"https:\/\/www.eapncv.org\/ca-val\/wp-json\/wp\/v2\/pages"}],"about":[{"href":"https:\/\/www.eapncv.org\/ca-val\/wp-json\/wp\/v2\/types\/page"}],"author":[{"embeddable":true,"href":"https:\/\/www.eapncv.org\/ca-val\/wp-json\/wp\/v2\/users\/2"}],"replies":[{"embeddable":true,"href":"https:\/\/www.eapncv.org\/ca-val\/wp-json\/wp\/v2\/comments?post=17383"}],"version-history":[{"count":0,"href":"https:\/\/www.eapncv.org\/ca-val\/wp-json\/wp\/v2\/pages\/17383\/revisions"}],"up":[{"embeddable":true,"href":"https:\/\/www.eapncv.org\/ca-val\/wp-json\/wp\/v2\/pages\/17367"}],"wp:attachment":[{"href":"https:\/\/www.eapncv.org\/ca-val\/wp-json\/wp\/v2\/media?parent=17383"}],"curies":[{"name":"wp","href":"https:\/\/api.w.org\/{rel}","templated":true}]}}