{"id":17390,"date":"2025-01-29T12:30:36","date_gmt":"2025-01-29T11:30:36","guid":{"rendered":"https:\/\/www.eapncv.org\/qui-som\/transparencia\/"},"modified":"2025-07-16T15:21:40","modified_gmt":"2025-07-16T13:21:40","slug":"transparencia","status":"publish","type":"page","link":"https:\/\/www.eapncv.org\/ca-val\/qui-som\/transparencia\/","title":{"rendered":"TRANSPAR\u00c8NCIA"},"content":{"rendered":"<hr class=\"lineaSeparacion\">\n<div><span style=\"color: #7D2248;\"><strong>EAPN CV<\/strong><\/span> t\u00e9 com a pilars la transpar\u00e8ncia i la rendici\u00f3 de comptes, valors que reflecteixen el seu comprom\u00eds amb una gesti\u00f3 efica\u00e7, eficient i responsable. A\u00e7\u00f2 implica optimitzar l\u2019\u00fas dels recursos per a maximitzar l\u2019impacte social, actuar de manera \u00e8tica i oberta, i assumir la responsabilitat davant la societat, donant compte de les seues accions i resultats.  <\/div>\n<div class=\"flexFila filaTransparencia\">\n<div class=\"flexColumna cajaTransparencia\">\n<div class=\"iconoTransparencia\"><a href=\"https:\/\/www.eapncv.org\/quienes-somos\/transparencia\/balance-de-cuentas\/\"><span style=\"font-size: 8em; color: #7D2248;\"><i class=\"fa-solid fa-euro-sign\"><\/i><\/span><\/a><\/div>\n<div class=\"textoTransparencia\">\n<a href=\"https:\/\/www.eapncv.org\/quienes-somos\/transparencia\/balance-de-cuentas\/\"><\/p>\n<h3>BALAN\u00c7<br \/>\nDE COMPTES<\/h3>\n<p><\/a>\n<\/div>\n<\/div>\n<div class=\"flexColumna cajaTransparencia\">\n<div class=\"iconoTransparencia\"><a href=\"https:\/\/www.eapncv.org\/quienes-somos\/transparencia\/memorias\/\" original=\"PHNwYW4gc3R5bGU9ImZvbnQtc2l6ZTogOGVtOyBjb2xvcjogIzdEMjI0ODsi Pg==\"><\/a><i class=\"far fa-file-alt\"><\/i><\/span><\/a><\/div>\n<div class=\"textoTransparencia\">\n<a href=\"https:\/\/www.eapncv.org\/quienes-somos\/transparencia\/memorias\/\"><\/p>\n<h3>MEM\u00d2RIES<\/h3>\n<p><\/a>\n<\/div>\n<\/div>\n<div class=\"flexColumna cajaTransparencia\">\n<div class=\"iconoTransparencia\"><a href=\"https:\/\/www.eapncv.org\/quienes-somos\/transparencia\/normativa-interna\/\"><span style=\"font-size: 8em; color: #7D2248;\"><i class=\"fa-solid fa-gavel\"><\/i><\/span><\/a><\/div>\n<div class=\"textoTransparencia\">\n<a href=\"https:\/\/www.eapncv.org\/quienes-somos\/transparencia\/normativa-interna\/\"><\/p>\n<h3>NORMATIVA<br \/>\nINTERNA<\/h3>\n<p><\/a>\n<\/div>\n<\/div>\n<div class=\"flexColumna cajaTransparencia\">\n<div class=\"iconoTransparencia\"><a href=\"https:\/\/www.eapncv.org\/quienes-somos\/transparencia\/auditoria\/\"><span style=\"font-size: 8em; color: #7D2248;\"><i class=\"fa-solid fa-magnifying-glass\"><\/i><\/span><\/a><\/div>\n<div class=\"textoTransparencia\">\n<a href=\"2https:\/\/www.eapncv.org\/quienes-somos\/transparencia\/auditoria\/%22\"><\/p>\n<h3>AUDITORIES<\/h3>\n<p><\/a>\n<\/div>\n<\/div>\n<\/div>\n","protected":false},"excerpt":{"rendered":"<p>EAPN CV t\u00e9 com a pilars la transpar\u00e8ncia i la rendici\u00f3 de comptes, valors que reflecteixen el seu comprom\u00eds amb una gesti\u00f3 efica\u00e7, eficient i responsable. A\u00e7\u00f2 implica optimitzar l\u2019\u00fas dels recursos per a maximitzar l\u2019impacte social, actuar de manera \u00e8tica i oberta, i assumir la responsabilitat davant la societat, donant compte de les seues [&hellip;]<\/p>\n","protected":false},"author":8,"featured_media":0,"parent":17367,"menu_order":7,"comment_status":"closed","ping_status":"closed","template":"","meta":{"_acf_changed":false,"_et_pb_use_builder":"","_et_pb_old_content":"","_et_gb_content_width":"","footnotes":""},"class_list":["post-17390","page","type-page","status-publish","hentry"],"acf":[],"yoast_head":"<!-- This site is optimized with the Yoast SEO Premium plugin v24.5 (Yoast SEO v27.0) - https:\/\/yoast.com\/product\/yoast-seo-premium-wordpress\/ -->\n<title>TRANSPAR\u00c8NCIA - EAPN CV<\/title>\n<meta name=\"robots\" content=\"index, follow, max-snippet:-1, max-image-preview:large, max-video-preview:-1\" \/>\n<link rel=\"canonical\" href=\"https:\/\/www.eapncv.org\/quienes-somos\/transparencia\/\" \/>\n<meta property=\"og:locale\" content=\"en_US\" \/>\n<meta property=\"og:type\" content=\"article\" \/>\n<meta property=\"og:title\" content=\"TRANSPAR\u00c8NCIA\" \/>\n<meta property=\"og:description\" content=\"EAPN CV t\u00e9 com a pilars la transpar\u00e8ncia i la rendici\u00f3 de comptes, valors que reflecteixen el seu comprom\u00eds amb una gesti\u00f3 efica\u00e7, eficient i responsable. A\u00e7\u00f2 implica optimitzar l\u2019\u00fas dels recursos per a maximitzar l\u2019impacte social, actuar de manera \u00e8tica i oberta, i assumir la responsabilitat davant la societat, donant compte de les seues [&hellip;]\" \/>\n<meta property=\"og:url\" content=\"https:\/\/www.eapncv.org\/quienes-somos\/transparencia\/\" \/>\n<meta property=\"og:site_name\" content=\"EAPN CV\" \/>\n<meta property=\"article:publisher\" content=\"https:\/\/www.facebook.com\/EAPNCV\" \/>\n<meta property=\"article:modified_time\" content=\"2025-07-16T13:21:40+00:00\" \/>\n<meta name=\"twitter:card\" content=\"summary_large_image\" \/>\n<meta name=\"twitter:site\" content=\"@xarxaeapncv\" \/>\n<script type=\"application\/ld+json\" class=\"yoast-schema-graph\">{\"@context\":\"https:\/\/schema.org\",\"@graph\":[{\"@type\":\"WebPage\",\"@id\":\"https:\/\/www.eapncv.org\/quienes-somos\/transparencia\/\",\"url\":\"https:\/\/www.eapncv.org\/quienes-somos\/transparencia\/\",\"name\":\"TRANSPAR\u00c8NCIA - EAPN CV\",\"isPartOf\":{\"@id\":\"https:\/\/www.eapncv.org\/#website\"},\"datePublished\":\"2025-01-29T11:30:36+00:00\",\"dateModified\":\"2025-07-16T13:21:40+00:00\",\"breadcrumb\":{\"@id\":\"https:\/\/www.eapncv.org\/quienes-somos\/transparencia\/#breadcrumb\"},\"inLanguage\":\"ca-val\",\"potentialAction\":[{\"@type\":\"ReadAction\",\"target\":[\"https:\/\/www.eapncv.org\/quienes-somos\/transparencia\/\"]}]},{\"@type\":\"BreadcrumbList\",\"@id\":\"https:\/\/www.eapncv.org\/quienes-somos\/transparencia\/#breadcrumb\",\"itemListElement\":[{\"@type\":\"ListItem\",\"position\":1,\"name\":\"Portada\",\"item\":\"https:\/\/www.eapncv.org\/ca-val\/\"},{\"@type\":\"ListItem\",\"position\":2,\"name\":\"QUI SOM?\",\"item\":\"https:\/\/www.eapncv.org\/ca-val\/qui-som\/\"},{\"@type\":\"ListItem\",\"position\":3,\"name\":\"TRANSPAR\u00c8NCIA\"}]},{\"@type\":\"WebSite\",\"@id\":\"https:\/\/www.eapncv.org\/#website\",\"url\":\"https:\/\/www.eapncv.org\/\",\"name\":\"EAPN CV\",\"description\":\"European Antipoverty Network \/ Xarxa Europea de Lluita contra la Pobresa\",\"publisher\":{\"@id\":\"https:\/\/www.eapncv.org\/#organization\"},\"potentialAction\":[{\"@type\":\"SearchAction\",\"target\":{\"@type\":\"EntryPoint\",\"urlTemplate\":\"https:\/\/www.eapncv.org\/?s={search_term_string}\"},\"query-input\":{\"@type\":\"PropertyValueSpecification\",\"valueRequired\":true,\"valueName\":\"search_term_string\"}}],\"inLanguage\":\"ca-val\"},{\"@type\":\"Organization\",\"@id\":\"https:\/\/www.eapncv.org\/#organization\",\"name\":\"EAPN CV\",\"url\":\"https:\/\/www.eapncv.org\/\",\"logo\":{\"@type\":\"ImageObject\",\"inLanguage\":\"ca-val\",\"@id\":\"https:\/\/www.eapncv.org\/#\/schema\/logo\/image\/\",\"url\":\"https:\/\/www.eapncv.org\/wp-content\/uploads\/2020\/10\/logoeapnOK-2013.jpg\",\"contentUrl\":\"https:\/\/www.eapncv.org\/wp-content\/uploads\/2020\/10\/logoeapnOK-2013.jpg\",\"width\":793,\"height\":287,\"caption\":\"EAPN CV\"},\"image\":{\"@id\":\"https:\/\/www.eapncv.org\/#\/schema\/logo\/image\/\"},\"sameAs\":[\"https:\/\/www.facebook.com\/EAPNCV\",\"https:\/\/x.com\/xarxaeapncv\",\"https:\/\/es.linkedin.com\/company\/eapn-cv\"]}]}<\/script>\n<!-- \/ Yoast SEO Premium plugin. -->","yoast_head_json":{"title":"TRANSPAR\u00c8NCIA - EAPN CV","robots":{"index":"index","follow":"follow","max-snippet":"max-snippet:-1","max-image-preview":"max-image-preview:large","max-video-preview":"max-video-preview:-1"},"canonical":"https:\/\/www.eapncv.org\/quienes-somos\/transparencia\/","og_locale":"en_US","og_type":"article","og_title":"TRANSPAR\u00c8NCIA","og_description":"EAPN CV t\u00e9 com a pilars la transpar\u00e8ncia i la rendici\u00f3 de comptes, valors que reflecteixen el seu comprom\u00eds amb una gesti\u00f3 efica\u00e7, eficient i responsable. A\u00e7\u00f2 implica optimitzar l\u2019\u00fas dels recursos per a maximitzar l\u2019impacte social, actuar de manera \u00e8tica i oberta, i assumir la responsabilitat davant la societat, donant compte de les seues [&hellip;]","og_url":"https:\/\/www.eapncv.org\/quienes-somos\/transparencia\/","og_site_name":"EAPN CV","article_publisher":"https:\/\/www.facebook.com\/EAPNCV","article_modified_time":"2025-07-16T13:21:40+00:00","twitter_card":"summary_large_image","twitter_site":"@xarxaeapncv","schema":{"@context":"https:\/\/schema.org","@graph":[{"@type":"WebPage","@id":"https:\/\/www.eapncv.org\/quienes-somos\/transparencia\/","url":"https:\/\/www.eapncv.org\/quienes-somos\/transparencia\/","name":"TRANSPAR\u00c8NCIA - EAPN CV","isPartOf":{"@id":"https:\/\/www.eapncv.org\/#website"},"datePublished":"2025-01-29T11:30:36+00:00","dateModified":"2025-07-16T13:21:40+00:00","breadcrumb":{"@id":"https:\/\/www.eapncv.org\/quienes-somos\/transparencia\/#breadcrumb"},"inLanguage":"ca-val","potentialAction":[{"@type":"ReadAction","target":["https:\/\/www.eapncv.org\/quienes-somos\/transparencia\/"]}]},{"@type":"BreadcrumbList","@id":"https:\/\/www.eapncv.org\/quienes-somos\/transparencia\/#breadcrumb","itemListElement":[{"@type":"ListItem","position":1,"name":"Portada","item":"https:\/\/www.eapncv.org\/ca-val\/"},{"@type":"ListItem","position":2,"name":"QUI SOM?","item":"https:\/\/www.eapncv.org\/ca-val\/qui-som\/"},{"@type":"ListItem","position":3,"name":"TRANSPAR\u00c8NCIA"}]},{"@type":"WebSite","@id":"https:\/\/www.eapncv.org\/#website","url":"https:\/\/www.eapncv.org\/","name":"EAPN CV","description":"European Antipoverty Network \/ Xarxa Europea de Lluita contra la Pobresa","publisher":{"@id":"https:\/\/www.eapncv.org\/#organization"},"potentialAction":[{"@type":"SearchAction","target":{"@type":"EntryPoint","urlTemplate":"https:\/\/www.eapncv.org\/?s={search_term_string}"},"query-input":{"@type":"PropertyValueSpecification","valueRequired":true,"valueName":"search_term_string"}}],"inLanguage":"ca-val"},{"@type":"Organization","@id":"https:\/\/www.eapncv.org\/#organization","name":"EAPN CV","url":"https:\/\/www.eapncv.org\/","logo":{"@type":"ImageObject","inLanguage":"ca-val","@id":"https:\/\/www.eapncv.org\/#\/schema\/logo\/image\/","url":"https:\/\/www.eapncv.org\/wp-content\/uploads\/2020\/10\/logoeapnOK-2013.jpg","contentUrl":"https:\/\/www.eapncv.org\/wp-content\/uploads\/2020\/10\/logoeapnOK-2013.jpg","width":793,"height":287,"caption":"EAPN CV"},"image":{"@id":"https:\/\/www.eapncv.org\/#\/schema\/logo\/image\/"},"sameAs":["https:\/\/www.facebook.com\/EAPNCV","https:\/\/x.com\/xarxaeapncv","https:\/\/es.linkedin.com\/company\/eapn-cv"]}]}},"_links":{"self":[{"href":"https:\/\/www.eapncv.org\/ca-val\/wp-json\/wp\/v2\/pages\/17390","targetHints":{"allow":["GET"]}}],"collection":[{"href":"https:\/\/www.eapncv.org\/ca-val\/wp-json\/wp\/v2\/pages"}],"about":[{"href":"https:\/\/www.eapncv.org\/ca-val\/wp-json\/wp\/v2\/types\/page"}],"author":[{"embeddable":true,"href":"https:\/\/www.eapncv.org\/ca-val\/wp-json\/wp\/v2\/users\/8"}],"replies":[{"embeddable":true,"href":"https:\/\/www.eapncv.org\/ca-val\/wp-json\/wp\/v2\/comments?post=17390"}],"version-history":[{"count":1,"href":"https:\/\/www.eapncv.org\/ca-val\/wp-json\/wp\/v2\/pages\/17390\/revisions"}],"predecessor-version":[{"id":17391,"href":"https:\/\/www.eapncv.org\/ca-val\/wp-json\/wp\/v2\/pages\/17390\/revisions\/17391"}],"up":[{"embeddable":true,"href":"https:\/\/www.eapncv.org\/ca-val\/wp-json\/wp\/v2\/pages\/17367"}],"wp:attachment":[{"href":"https:\/\/www.eapncv.org\/ca-val\/wp-json\/wp\/v2\/media?parent=17390"}],"curies":[{"name":"wp","href":"https:\/\/api.w.org\/{rel}","templated":true}]}}