{"id":17393,"date":"2025-02-05T11:58:54","date_gmt":"2025-02-05T10:58:54","guid":{"rendered":"https:\/\/www.eapncv.org\/qui-som\/transparencia\/memories\/"},"modified":"2025-07-16T15:23:59","modified_gmt":"2025-07-16T13:23:59","slug":"memories","status":"publish","type":"page","link":"https:\/\/www.eapncv.org\/ca-val\/qui-som\/transparencia\/memories\/","title":{"rendered":"MEM\u00d2RIES"},"content":{"rendered":"<p>[et_pb_section fb_built=&#8221;1&#8243; _builder_version=&#8221;4.16&#8243; _module_preset=&#8221;default&#8221; global_colors_info=&#8221;{}&#8221;][et_pb_row _builder_version=&#8221;4.16&#8243; _module_preset=&#8221;default&#8221; collapsed=&#8221;off&#8221; global_colors_info=&#8221;{}&#8221;][et_pb_column type=&#8221;4_4&#8243; _builder_version=&#8221;4.16&#8243; _module_preset=&#8221;default&#8221; global_colors_info=&#8221;{}&#8221;][et_pb_post_title meta=&#8221;off&#8221; featured_image=&#8221;off&#8221; _builder_version=&#8221;4.16&#8243; _module_preset=&#8221;default&#8221; title_text_align=&#8221;center&#8221; global_colors_info=&#8221;{}&#8221;][\/et_pb_post_title][et_pb_divider color=&#8221;#7D2248&#8243; divider_weight=&#8221;3px&#8221; _builder_version=&#8221;4.16&#8243; _module_preset=&#8221;default&#8221; width=&#8221;27em&#8221; module_alignment=&#8221;center&#8221; global_colors_info=&#8221;{}&#8221;][\/et_pb_divider][et_pb_text _builder_version=&#8221;4.27.4&#8243; _module_preset=&#8221;default&#8221; global_colors_info=&#8221;{}&#8221;]<\/p>\n<div class=\"intro\"><span style=\"color: #7D2248;\"><strong>EAPN CV<\/strong><\/span> t\u00e9 com a pilars la transpar\u00e8ncia i la rendici\u00f3 de comptes, valors que reflecteixen el seu comprom\u00eds amb una gesti\u00f3 efica\u00e7, eficient i responsable. A\u00e7\u00f2 implica optimitzar l\u2019\u00fas dels recursos per a maximitzar l\u2019impacte social, actuar de manera \u00e8tica i oberta, i assumir la responsabilitat davant la societat, donant compte de les seues accions i resultats.  <\/div>\n<p>[\/et_pb_text][\/et_pb_column][\/et_pb_row][et_pb_row _builder_version=&#8221;4.16&#8243; _module_preset=&#8221;default&#8221; global_colors_info=&#8221;{}&#8221;][et_pb_column type=&#8221;4_4&#8243; _builder_version=&#8221;4.16&#8243; _module_preset=&#8221;default&#8221; global_colors_info=&#8221;{}&#8221;][et_pb_tabs _builder_version=&#8221;4.27.4&#8243; _module_preset=&#8221;default&#8221; hover_enabled=&#8221;0&#8243; global_colors_info=&#8221;{}&#8221; sticky_enabled=&#8221;0&#8243;][et_pb_tab title=&#8221;\u00daltimes mem\u00f2ries&#8221; _builder_version=&#8221;4.27.4&#8243; _module_preset=&#8221;default&#8221; hover_enabled=&#8221;0&#8243; global_colors_info=&#8221;{}&#8221; sticky_enabled=&#8221;0&#8243;]<\/p>\n<table>\n<tbody>\n<tr>\n<td style=\"width:17%;\">\n <a href=\"https:\/\/www.eapncv.org\/wp-content\/uploads\/MEMORIA-EAPN-CV-2024-1.pdf\" rel=\"attachment wp-att-8581\"><span style=\"font-size: 8em; color: #7D2248;\"><i class=\"far fa-file-alt\"><\/i><\/span><\/a><\/td>\n<td><a href=\"https:\/\/www.eapncv.org\/wp-content\/uploads\/MEMORIA-EAPN-CV-2024-1.pdf\" rel=\"attachment wp-att-8581\">MEM\u00d2RIA 2024<\/a><\/td>\n<\/tr>\n<\/tbody>\n<\/table>\n<table>\n<tbody>\n<tr>\n<td style=\"width:17%;\">\n<a href=\"https:\/\/www.eapncv.org\/wp-content\/uploads\/MEMORIA-EAPN-CV-2023.pdf\" rel=\"attachment wp-att-1456\"><span style=\"font-size: 8em; color: #7D2248;\"><i class=\"far fa-file-alt\"><\/i><\/span><\/a><\/td>\n<td><a href=\"https:\/\/www.eapncv.org\/wp-content\/uploads\/MEMORIA-EAPN-CV-2023.pdf\" rel=\"attachment wp-att-1463\">MEM\u00d2RIA 2023<\/a><\/td>\n<\/tr>\n<\/tbody>\n<\/table>\n<table>\n<tbody>\n<tr>\n<td style=\"width:17%;\">\n<a href=\"https:\/\/www.eapncv.org\/wp-content\/uploads\/MEMORIA-ANUAL-EAPN-CV-2022.pdf\" rel=\"attachment wp-att-1456\"><span style=\"font-size: 8em; color: #7D2248;\"><i class=\"far fa-file-alt\"><\/i><\/span><\/a><\/td>\n<td><a href=\"https:\/\/www.eapncv.org\/wp-content\/uploads\/MEMORIA-ANUAL-EAPN-CV-2022.pdf\" rel=\"attachment wp-att-1463\">MEM\u00d2RIA 2022<\/a><\/td>\n<\/tr>\n<\/tbody>\n<\/table>\n<p>[\/et_pb_tab][et_pb_tab title=&#8221;Mem\u00f2ries anteriors&#8221; _builder_version=&#8221;4.27.4&#8243; _module_preset=&#8221;default&#8221; global_colors_info=&#8221;{}&#8221;]<\/p>\n<table>\n<tbody>\n<tr>\n<td style=\"width:17%;\">\n <a href=\"https:\/\/www.eapncv.org\/wp-content\/uploads\/MEMORIA-ANUAL-EAPN-CV-2021.pdf\" rel=\"attachment wp-att-8581\"><span style=\"font-size: 8em; color: #7D2248;\"><i class=\"far fa-file-alt\"><\/i><\/span><\/a><\/td>\n<td><a href=\"https:\/\/www.eapncv.org\/wp-content\/uploads\/MEMORIA-ANUAL-EAPN-CV-2021.pdf\" rel=\"attachment wp-att-8581\"><a href=\"https:\/\/www.eapncv.org\/wp-content\/uploads\/MEMORIA-ANUAL-EAPN-CV-2021.pdf\" rel=\"attachment wp-att-8581\">MEM\u00d2RIA 2021<\/a><\/td>\n<\/tr>\n<\/tbody>\n<\/table>\n<table>\n<tbody>\n<tr>\n<td style=\"width:17%;\">\n <a href=\"https:\/\/www.eapncv.org\/wp-content\/uploads\/2020\/12\/Memoria_EAPN_CV_20.pdf\" rel=\"attachment wp-att-8581\"><span style=\"font-size: 8em; color: #7D2248;\"><i class=\"far fa-file-alt\"><\/i><\/span><\/a><\/td>\n<td><a href=\"https:\/\/www.eapncv.org\/memorias\/2020\" rel=\"attachment wp-att-8581\"><a href=\"https:\/\/www.eapncv.org\/wp-content\/uploads\/2020\/12\/Memoria_EAPN_CV_20.pdf\" rel=\"attachment wp-att-8581\">MEM\u00d2RIA 2020<\/a><\/td>\n<\/tr>\n<\/tbody>\n<\/table>\n<table>\n<tbody>\n<tr>\n<td style=\"width:17%;\">\n <a href=\"https:\/\/www.eapncv.org\/wp-content\/uploads\/2020\/11\/MEMORIA-2019.pdf\" rel=\"attachment wp-att-8581\"><span style=\"font-size: 8em; color: #7D2248;\"><i class=\"far fa-file-alt\"><\/i><\/span><\/a><\/td>\n<td><a href=\"https:\/\/www.eapncv.org\/memorias\/2019\" rel=\"attachment wp-att-8581\"><a href=\"https:\/\/www.eapncv.org\/wp-content\/uploads\/2020\/11\/MEMORIA-2019.pdf\" rel=\"attachment wp-att-8581\">MEM\u00d2RIA 2019<\/a><\/td>\n<\/tr>\n<\/tbody>\n<\/table>\n<table>\n<tbody>\n<tr>\n<td style=\"width:17%;\">\n<a href=\"https:\/\/www.eapncv.org\/wp-content\/uploads\/2020\/11\/MEMORIA-2018.pdf\" rel=\"attachment wp-att-8580\"><span style=\"font-size: 8em; color: #7D2248;\"><i class=\"far fa-file-alt\"><\/i><\/span><\/td>\n<p><\/a><\/p>\n<td><a href=\"https:\/\/www.eapncv.org\/wp-content\/uploads\/2020\/11\/MEMORIA-2018.pdf\" rel=\"attachment wp-att-8580\">MEM\u00d2RIA 2018<\/a><\/td>\n<\/tr>\n<\/tbody>\n<\/table>\n<table>\n<tbody>\n<tr>\n<td style=\"width:17%;\">\n <a href=\"https:\/\/www.eapncv.org\/wp-content\/uploads\/2020\/11\/Memoria-2017.pdf\" rel=\"attachment wp-att-8579\"><span style=\"font-size: 8em; color: #7D2248;\"><i class=\"far fa-file-alt\"><\/i><\/span><\/a><\/td>\n<td><a href=\"https:\/\/www.eapncv.org\/wp-content\/uploads\/2020\/11\/Memoria-2017.pdf\" rel=\"attachment wp-att-8579\">MEM\u00d2RIA 2017<\/a><\/td>\n<\/tr>\n<\/tbody>\n<\/table>\n<p>[\/et_pb_tab][\/et_pb_tabs][\/et_pb_column][\/et_pb_row][\/et_pb_section]<\/p>\n","protected":false},"excerpt":{"rendered":"<p>EAPN CV t\u00e9 com a pilars la transpar\u00e8ncia i la rendici\u00f3 de comptes, valors que reflecteixen el seu comprom\u00eds amb una gesti\u00f3 efica\u00e7, eficient i responsable. A\u00e7\u00f2 implica optimitzar l\u2019\u00fas dels recursos per a maximitzar l\u2019impacte social, actuar de manera \u00e8tica i oberta, i assumir la responsabilitat davant la societat, donant compte de les seues [&hellip;]<\/p>\n","protected":false},"author":8,"featured_media":0,"parent":17390,"menu_order":1,"comment_status":"closed","ping_status":"closed","template":"","meta":{"_acf_changed":false,"_et_pb_use_builder":"on","_et_pb_old_content":"","_et_gb_content_width":"","footnotes":""},"class_list":["post-17393","page","type-page","status-publish","hentry"],"acf":[],"yoast_head":"<!-- This site is optimized with the Yoast SEO Premium plugin v24.5 (Yoast SEO v27.0) - https:\/\/yoast.com\/product\/yoast-seo-premium-wordpress\/ -->\n<title>MEM\u00d2RIES - EAPN CV<\/title>\n<meta name=\"robots\" content=\"index, follow, max-snippet:-1, max-image-preview:large, max-video-preview:-1\" \/>\n<link rel=\"canonical\" href=\"https:\/\/www.eapncv.org\/quienes-somos\/transparencia\/memorias\/\" \/>\n<meta property=\"og:locale\" content=\"en_US\" \/>\n<meta property=\"og:type\" content=\"article\" \/>\n<meta property=\"og:title\" content=\"MEM\u00d2RIES\" \/>\n<meta property=\"og:description\" content=\"EAPN CV t\u00e9 com a pilars la transpar\u00e8ncia i la rendici\u00f3 de comptes, valors que reflecteixen el seu comprom\u00eds amb una gesti\u00f3 efica\u00e7, eficient i responsable. A\u00e7\u00f2 implica optimitzar l\u2019\u00fas dels recursos per a maximitzar l\u2019impacte social, actuar de manera \u00e8tica i oberta, i assumir la responsabilitat davant la societat, donant compte de les seues [&hellip;]\" \/>\n<meta property=\"og:url\" content=\"https:\/\/www.eapncv.org\/quienes-somos\/transparencia\/memorias\/\" \/>\n<meta property=\"og:site_name\" content=\"EAPN CV\" \/>\n<meta property=\"article:publisher\" content=\"https:\/\/www.facebook.com\/EAPNCV\" \/>\n<meta property=\"article:modified_time\" content=\"2025-07-16T13:23:59+00:00\" \/>\n<meta name=\"twitter:card\" content=\"summary_large_image\" \/>\n<meta name=\"twitter:site\" content=\"@xarxaeapncv\" \/>\n<meta name=\"twitter:label1\" content=\"Est. reading time\" \/>\n\t<meta name=\"twitter:data1\" content=\"1 minute\" \/>\n<script type=\"application\/ld+json\" class=\"yoast-schema-graph\">{\"@context\":\"https:\/\/schema.org\",\"@graph\":[{\"@type\":\"WebPage\",\"@id\":\"https:\/\/www.eapncv.org\/quienes-somos\/transparencia\/memorias\/\",\"url\":\"https:\/\/www.eapncv.org\/quienes-somos\/transparencia\/memorias\/\",\"name\":\"MEM\u00d2RIES - EAPN CV\",\"isPartOf\":{\"@id\":\"https:\/\/www.eapncv.org\/#website\"},\"datePublished\":\"2025-02-05T10:58:54+00:00\",\"dateModified\":\"2025-07-16T13:23:59+00:00\",\"breadcrumb\":{\"@id\":\"https:\/\/www.eapncv.org\/quienes-somos\/transparencia\/memorias\/#breadcrumb\"},\"inLanguage\":\"ca-val\",\"potentialAction\":[{\"@type\":\"ReadAction\",\"target\":[\"https:\/\/www.eapncv.org\/quienes-somos\/transparencia\/memorias\/\"]}]},{\"@type\":\"BreadcrumbList\",\"@id\":\"https:\/\/www.eapncv.org\/quienes-somos\/transparencia\/memorias\/#breadcrumb\",\"itemListElement\":[{\"@type\":\"ListItem\",\"position\":1,\"name\":\"Portada\",\"item\":\"https:\/\/www.eapncv.org\/ca-val\/\"},{\"@type\":\"ListItem\",\"position\":2,\"name\":\"QUI SOM?\",\"item\":\"https:\/\/www.eapncv.org\/ca-val\/qui-som\/\"},{\"@type\":\"ListItem\",\"position\":3,\"name\":\"TRANSPAR\u00c8NCIA\",\"item\":\"https:\/\/www.eapncv.org\/quienes-somos\/transparencia\/\"},{\"@type\":\"ListItem\",\"position\":4,\"name\":\"MEM\u00d2RIES\"}]},{\"@type\":\"WebSite\",\"@id\":\"https:\/\/www.eapncv.org\/#website\",\"url\":\"https:\/\/www.eapncv.org\/\",\"name\":\"EAPN CV\",\"description\":\"European Antipoverty Network \/ Xarxa Europea de Lluita contra la Pobresa\",\"publisher\":{\"@id\":\"https:\/\/www.eapncv.org\/#organization\"},\"potentialAction\":[{\"@type\":\"SearchAction\",\"target\":{\"@type\":\"EntryPoint\",\"urlTemplate\":\"https:\/\/www.eapncv.org\/?s={search_term_string}\"},\"query-input\":{\"@type\":\"PropertyValueSpecification\",\"valueRequired\":true,\"valueName\":\"search_term_string\"}}],\"inLanguage\":\"ca-val\"},{\"@type\":\"Organization\",\"@id\":\"https:\/\/www.eapncv.org\/#organization\",\"name\":\"EAPN CV\",\"url\":\"https:\/\/www.eapncv.org\/\",\"logo\":{\"@type\":\"ImageObject\",\"inLanguage\":\"ca-val\",\"@id\":\"https:\/\/www.eapncv.org\/#\/schema\/logo\/image\/\",\"url\":\"https:\/\/www.eapncv.org\/wp-content\/uploads\/2020\/10\/logoeapnOK-2013.jpg\",\"contentUrl\":\"https:\/\/www.eapncv.org\/wp-content\/uploads\/2020\/10\/logoeapnOK-2013.jpg\",\"width\":793,\"height\":287,\"caption\":\"EAPN CV\"},\"image\":{\"@id\":\"https:\/\/www.eapncv.org\/#\/schema\/logo\/image\/\"},\"sameAs\":[\"https:\/\/www.facebook.com\/EAPNCV\",\"https:\/\/x.com\/xarxaeapncv\",\"https:\/\/es.linkedin.com\/company\/eapn-cv\"]}]}<\/script>\n<!-- \/ Yoast SEO Premium plugin. -->","yoast_head_json":{"title":"MEM\u00d2RIES - EAPN CV","robots":{"index":"index","follow":"follow","max-snippet":"max-snippet:-1","max-image-preview":"max-image-preview:large","max-video-preview":"max-video-preview:-1"},"canonical":"https:\/\/www.eapncv.org\/quienes-somos\/transparencia\/memorias\/","og_locale":"en_US","og_type":"article","og_title":"MEM\u00d2RIES","og_description":"EAPN CV t\u00e9 com a pilars la transpar\u00e8ncia i la rendici\u00f3 de comptes, valors que reflecteixen el seu comprom\u00eds amb una gesti\u00f3 efica\u00e7, eficient i responsable. A\u00e7\u00f2 implica optimitzar l\u2019\u00fas dels recursos per a maximitzar l\u2019impacte social, actuar de manera \u00e8tica i oberta, i assumir la responsabilitat davant la societat, donant compte de les seues [&hellip;]","og_url":"https:\/\/www.eapncv.org\/quienes-somos\/transparencia\/memorias\/","og_site_name":"EAPN CV","article_publisher":"https:\/\/www.facebook.com\/EAPNCV","article_modified_time":"2025-07-16T13:23:59+00:00","twitter_card":"summary_large_image","twitter_site":"@xarxaeapncv","twitter_misc":{"Est. reading time":"1 minute"},"schema":{"@context":"https:\/\/schema.org","@graph":[{"@type":"WebPage","@id":"https:\/\/www.eapncv.org\/quienes-somos\/transparencia\/memorias\/","url":"https:\/\/www.eapncv.org\/quienes-somos\/transparencia\/memorias\/","name":"MEM\u00d2RIES - EAPN CV","isPartOf":{"@id":"https:\/\/www.eapncv.org\/#website"},"datePublished":"2025-02-05T10:58:54+00:00","dateModified":"2025-07-16T13:23:59+00:00","breadcrumb":{"@id":"https:\/\/www.eapncv.org\/quienes-somos\/transparencia\/memorias\/#breadcrumb"},"inLanguage":"ca-val","potentialAction":[{"@type":"ReadAction","target":["https:\/\/www.eapncv.org\/quienes-somos\/transparencia\/memorias\/"]}]},{"@type":"BreadcrumbList","@id":"https:\/\/www.eapncv.org\/quienes-somos\/transparencia\/memorias\/#breadcrumb","itemListElement":[{"@type":"ListItem","position":1,"name":"Portada","item":"https:\/\/www.eapncv.org\/ca-val\/"},{"@type":"ListItem","position":2,"name":"QUI SOM?","item":"https:\/\/www.eapncv.org\/ca-val\/qui-som\/"},{"@type":"ListItem","position":3,"name":"TRANSPAR\u00c8NCIA","item":"https:\/\/www.eapncv.org\/quienes-somos\/transparencia\/"},{"@type":"ListItem","position":4,"name":"MEM\u00d2RIES"}]},{"@type":"WebSite","@id":"https:\/\/www.eapncv.org\/#website","url":"https:\/\/www.eapncv.org\/","name":"EAPN CV","description":"European Antipoverty Network \/ Xarxa Europea de Lluita contra la Pobresa","publisher":{"@id":"https:\/\/www.eapncv.org\/#organization"},"potentialAction":[{"@type":"SearchAction","target":{"@type":"EntryPoint","urlTemplate":"https:\/\/www.eapncv.org\/?s={search_term_string}"},"query-input":{"@type":"PropertyValueSpecification","valueRequired":true,"valueName":"search_term_string"}}],"inLanguage":"ca-val"},{"@type":"Organization","@id":"https:\/\/www.eapncv.org\/#organization","name":"EAPN CV","url":"https:\/\/www.eapncv.org\/","logo":{"@type":"ImageObject","inLanguage":"ca-val","@id":"https:\/\/www.eapncv.org\/#\/schema\/logo\/image\/","url":"https:\/\/www.eapncv.org\/wp-content\/uploads\/2020\/10\/logoeapnOK-2013.jpg","contentUrl":"https:\/\/www.eapncv.org\/wp-content\/uploads\/2020\/10\/logoeapnOK-2013.jpg","width":793,"height":287,"caption":"EAPN CV"},"image":{"@id":"https:\/\/www.eapncv.org\/#\/schema\/logo\/image\/"},"sameAs":["https:\/\/www.facebook.com\/EAPNCV","https:\/\/x.com\/xarxaeapncv","https:\/\/es.linkedin.com\/company\/eapn-cv"]}]}},"_links":{"self":[{"href":"https:\/\/www.eapncv.org\/ca-val\/wp-json\/wp\/v2\/pages\/17393","targetHints":{"allow":["GET"]}}],"collection":[{"href":"https:\/\/www.eapncv.org\/ca-val\/wp-json\/wp\/v2\/pages"}],"about":[{"href":"https:\/\/www.eapncv.org\/ca-val\/wp-json\/wp\/v2\/types\/page"}],"author":[{"embeddable":true,"href":"https:\/\/www.eapncv.org\/ca-val\/wp-json\/wp\/v2\/users\/8"}],"replies":[{"embeddable":true,"href":"https:\/\/www.eapncv.org\/ca-val\/wp-json\/wp\/v2\/comments?post=17393"}],"version-history":[{"count":2,"href":"https:\/\/www.eapncv.org\/ca-val\/wp-json\/wp\/v2\/pages\/17393\/revisions"}],"predecessor-version":[{"id":17395,"href":"https:\/\/www.eapncv.org\/ca-val\/wp-json\/wp\/v2\/pages\/17393\/revisions\/17395"}],"up":[{"embeddable":true,"href":"https:\/\/www.eapncv.org\/ca-val\/wp-json\/wp\/v2\/pages\/17390"}],"wp:attachment":[{"href":"https:\/\/www.eapncv.org\/ca-val\/wp-json\/wp\/v2\/media?parent=17393"}],"curies":[{"name":"wp","href":"https:\/\/api.w.org\/{rel}","templated":true}]}}