{"id":17539,"date":"2021-10-22T11:02:47","date_gmt":"2021-10-22T09:02:47","guid":{"rendered":"https:\/\/www.eapncv.org\/sumat-a-eapn-cv\/"},"modified":"2025-09-03T13:50:09","modified_gmt":"2025-09-03T11:50:09","slug":"sumat-a-eapn-cv","status":"publish","type":"page","link":"https:\/\/www.eapncv.org\/ca-val\/entitats-de-la-xarxa\/sumat-a-eapn-cv\/","title":{"rendered":"SUMA\u2019T A EAPN CV"},"content":{"rendered":"<p>[et_pb_section fb_built=&#8221;1&#8243; _builder_version=&#8221;4.16&#8243; _module_preset=&#8221;default&#8221; custom_margin=&#8221;||||false|false&#8221; custom_padding=&#8221;0px||0px||false|false&#8221; global_colors_info=&#8221;{}&#8221;][et_pb_row _builder_version=&#8221;4.16&#8243; _module_preset=&#8221;default&#8221; custom_padding=&#8221;||0px||false|false&#8221; global_colors_info=&#8221;{}&#8221;][et_pb_column type=&#8221;4_4&#8243; _builder_version=&#8221;4.16&#8243; _module_preset=&#8221;default&#8221; global_colors_info=&#8221;{}&#8221;][et_pb_text _builder_version=&#8221;4.16&#8243; _dynamic_attributes=&#8221;content&#8221; _module_preset=&#8221;default&#8221; text_orientation=&#8221;center&#8221; global_colors_info=&#8221;{}&#8221;]@ET-DC@eyJkeW5hbWljIjp0cnVlLCJjb250ZW50IjoicG9zdF90aXRsZSIsInNldHRpbmdzIjp7ImJlZm9yZSI6IjxIMT4iLCJhZnRlciI6IjwvSDE+IiwiZW5hYmxlX2h0bWwiOiJvZmYifX0=@[\/et_pb_text][et_pb_divider color=&#8221;#7D2248&#8243; divider_weight=&#8221;3px&#8221; _builder_version=&#8221;4.16&#8243; _module_preset=&#8221;default&#8221; width=&#8221;20em&#8221; module_alignment=&#8221;center&#8221; global_colors_info=&#8221;{}&#8221;][\/et_pb_divider][\/et_pb_column][\/et_pb_row][\/et_pb_section][et_pb_section fb_built=&#8221;1&#8243; fullwidth=&#8221;on&#8221; _builder_version=&#8221;4.16&#8243; _module_preset=&#8221;default&#8221; max_height=&#8221;437px&#8221; global_colors_info=&#8221;{}&#8221;][et_pb_fullwidth_image src=&#8221;https:\/\/www.eapncv.org\/wp-content\/uploads\/2020\/11\/QUIENES-SOMOS.jpg&#8221; alt=&#8221;EAPN&#8221; title_text=&#8221;QUI SOM?&#8221; disabled_on=&#8221;on|on|on&#8221; _builder_version=&#8221;4.16&#8243; _module_preset=&#8221;default&#8221; min_height=&#8221;272px&#8221; disabled=&#8221;on&#8221; global_colors_info=&#8221;{}&#8221;][\/et_pb_fullwidth_image][\/et_pb_section][et_pb_section fb_built=&#8221;1&#8243; _builder_version=&#8221;4.16&#8243; _module_preset=&#8221;default&#8221; custom_padding=&#8221;0px||0px||false|false&#8221; global_colors_info=&#8221;{}&#8221;][et_pb_row admin_label=&#8221;Fila&#8221; _builder_version=&#8221;4.16&#8243; _module_preset=&#8221;default&#8221; global_colors_info=&#8221;{}&#8221;][et_pb_column type=&#8221;4_4&#8243; _builder_version=&#8221;4.16&#8243; _module_preset=&#8221;default&#8221; global_colors_info=&#8221;{}&#8221;][et_pb_text _builder_version=&#8221;4.27.4&#8243; _module_preset=&#8221;default&#8221; hover_enabled=&#8221;0&#8243; global_colors_info=&#8221;{}&#8221; sticky_enabled=&#8221;0&#8243;]<\/p>\n<p>Requisits establits i documents relatius a l\u2019entrada de noves entitats a l\u2019EAPN CV:<\/p>\n<ul>\n<li>  <a href=\"https:\/\/www.eapncv.org\/wp-content\/uploads\/DOC.-Modelo-de-Hoja-de-solicitud-de-ingreso-de-EAPN-CV.doc\"><strong><span style=\"color: #7d2248;\">Model de full de sol\u00b7licitud d\u2019EAPN CV<\/span><\/strong><\/a> emplenat.<\/li>\n<li> Carta exposant els motius de la sol\u00b7licitud.<\/li>\n<li> Certificat de l\u2019acord de l\u2019Assemblea de l\u2019entitat o de la seua Junta Directiva, en qu\u00e8 s\u2019aprova el desig d\u2019incorporaci\u00f3 a la xarxa.<\/li>\n<li> Certificat de la Delegaci\u00f3 de Govern o c\u00f2pia de la inscripci\u00f3 en el Registre d\u2019Associacions de la Generalitat Valenciana.<\/li>\n<li>  <a href=\"https:\/\/www.eapncv.org\/wp-content\/uploads\/AVAL-DE-INGRESO-EN-EAPN-CV.docx\"><strong><span style=\"color: #7d2248;\">Document model d\u2019aval<\/span><\/strong><\/a> de dues entitats avaladores que ja pertanguen a l\u2019EAPN CV.<\/li>\n<li> Estatuts de l&#8217;entitat.<\/li>\n<li>Mem\u00f2ria de l\u2019entitat dels dos \u00faltims anys, en qu\u00e8 es fa\u00e7a menci\u00f3 a les activitats que es realitzen amb les persones i\/o col\u00b7lectius en risc de pobresa i\/o exclusi\u00f3.\n<ul>\n<li>Perfil de les persones ateses relacionat amb l\u2019\u00e0mbit de la pobresa i l\u2019exclusi\u00f3 social.<\/li>\n<li>Programes espec\u00edfics relacionats amb la lluita contra la pobresa i per la inclusi\u00f3 social.<\/li>\n<li>Criteris d\u2019acc\u00e9s als programes.<\/li>\n<li>Finan\u00e7ament: percentatge de finan\u00e7ament p\u00fablic i privat.<\/li>\n<\/ul>\n<\/li>\n<\/ul>\n<ul>\n<li>Informe de comptes de l\u2019\u00faltim exercici comptable tancat.<\/li>\n<li>Declaraci\u00f3 responsable de no estar intervinguda i de que els \u00f2rgans de govern s\u00f3n realment i efectivament els que han sigut elegits.<\/li>\n<\/ul>\n<p>Una vegada remesa tota la documentaci\u00f3, i ja en <strong><span style=\"color: #7d2248;\">Assemblea<\/span><\/strong>, les entitats sol\u00b7licitants disposaran d\u2019un espai d\u2019uns 10-15 minuts per a presentar la seua candidatura.<\/p>\n<p>Si finalment l\u2019Assemblea d\u2019EAPN CV dona suport a l\u2019ingr\u00e9s, les entitats podran, a partir d\u2019eixe moment, participar activament en la Xarxa i hauran d\u2019abonar una quota anual de 250 euros.<\/p>\n<p>Per a qualsevol aclariment, no dubteu a posar-vos en contacte.<\/p>\n<p>[\/et_pb_text][\/et_pb_column][\/et_pb_row][\/et_pb_section]<\/p>\n","protected":false},"excerpt":{"rendered":"<p>Requisits establits i documents relatius a l\u2019entrada de noves entitats a l\u2019EAPN CV: Model de full de sol\u00b7licitud d\u2019EAPN CV emplenat. Carta exposant els motius de la sol\u00b7licitud. Certificat de l\u2019acord de l\u2019Assemblea de l\u2019entitat o de la seua Junta Directiva, en qu\u00e8 s\u2019aprova el desig d\u2019incorporaci\u00f3 a la xarxa. Certificat de la Delegaci\u00f3 de [&hellip;]<\/p>\n","protected":false},"author":8,"featured_media":0,"parent":17555,"menu_order":2,"comment_status":"closed","ping_status":"closed","template":"","meta":{"_acf_changed":false,"_et_pb_use_builder":"on","_et_pb_old_content":"","_et_gb_content_width":"","footnotes":""},"class_list":["post-17539","page","type-page","status-publish","hentry"],"acf":[],"yoast_head":"<!-- This site is optimized with the Yoast SEO Premium plugin v24.5 (Yoast SEO v27.0) - https:\/\/yoast.com\/product\/yoast-seo-premium-wordpress\/ -->\n<title>SUMA\u2019T A EAPN CV - EAPN CV<\/title>\n<meta name=\"robots\" content=\"index, follow, max-snippet:-1, max-image-preview:large, max-video-preview:-1\" \/>\n<link rel=\"canonical\" href=\"https:\/\/www.eapncv.org\/ca-val\/entitats-de-la-xarxa\/sumat-a-eapn-cv\/\" \/>\n<meta property=\"og:locale\" content=\"en_US\" \/>\n<meta property=\"og:type\" content=\"article\" \/>\n<meta property=\"og:title\" content=\"SUMA\u2019T A EAPN CV\" \/>\n<meta property=\"og:description\" content=\"Requisits establits i documents relatius a l\u2019entrada de noves entitats a l\u2019EAPN CV: Model de full de sol\u00b7licitud d\u2019EAPN CV emplenat. Carta exposant els motius de la sol\u00b7licitud. Certificat de l\u2019acord de l\u2019Assemblea de l\u2019entitat o de la seua Junta Directiva, en qu\u00e8 s\u2019aprova el desig d\u2019incorporaci\u00f3 a la xarxa. Certificat de la Delegaci\u00f3 de [&hellip;]\" \/>\n<meta property=\"og:url\" content=\"https:\/\/www.eapncv.org\/ca-val\/entitats-de-la-xarxa\/sumat-a-eapn-cv\/\" \/>\n<meta property=\"og:site_name\" content=\"EAPN CV\" \/>\n<meta property=\"article:publisher\" content=\"https:\/\/www.facebook.com\/EAPNCV\" \/>\n<meta property=\"article:modified_time\" content=\"2025-09-03T11:50:09+00:00\" \/>\n<meta name=\"twitter:card\" content=\"summary_large_image\" \/>\n<meta name=\"twitter:site\" content=\"@xarxaeapncv\" \/>\n<meta name=\"twitter:label1\" content=\"Est. reading time\" \/>\n\t<meta name=\"twitter:data1\" content=\"3 minutes\" \/>\n<script type=\"application\/ld+json\" class=\"yoast-schema-graph\">{\"@context\":\"https:\/\/schema.org\",\"@graph\":[{\"@type\":\"WebPage\",\"@id\":\"https:\/\/www.eapncv.org\/ca-val\/entitats-de-la-xarxa\/sumat-a-eapn-cv\/\",\"url\":\"https:\/\/www.eapncv.org\/ca-val\/entitats-de-la-xarxa\/sumat-a-eapn-cv\/\",\"name\":\"SUMA\u2019T A EAPN CV - EAPN CV\",\"isPartOf\":{\"@id\":\"https:\/\/www.eapncv.org\/#website\"},\"datePublished\":\"2021-10-22T09:02:47+00:00\",\"dateModified\":\"2025-09-03T11:50:09+00:00\",\"breadcrumb\":{\"@id\":\"https:\/\/www.eapncv.org\/ca-val\/entitats-de-la-xarxa\/sumat-a-eapn-cv\/#breadcrumb\"},\"inLanguage\":\"ca-val\",\"potentialAction\":[{\"@type\":\"ReadAction\",\"target\":[\"https:\/\/www.eapncv.org\/ca-val\/entitats-de-la-xarxa\/sumat-a-eapn-cv\/\"]}]},{\"@type\":\"BreadcrumbList\",\"@id\":\"https:\/\/www.eapncv.org\/ca-val\/entitats-de-la-xarxa\/sumat-a-eapn-cv\/#breadcrumb\",\"itemListElement\":[{\"@type\":\"ListItem\",\"position\":1,\"name\":\"Portada\",\"item\":\"https:\/\/www.eapncv.org\/ca-val\/\"},{\"@type\":\"ListItem\",\"position\":2,\"name\":\"ENTITATS DE LA XARXA\",\"item\":\"https:\/\/www.eapncv.org\/ca-val\/entitats-de-la-xarxa\/\"},{\"@type\":\"ListItem\",\"position\":3,\"name\":\"SUMA\u2019T A EAPN CV\"}]},{\"@type\":\"WebSite\",\"@id\":\"https:\/\/www.eapncv.org\/#website\",\"url\":\"https:\/\/www.eapncv.org\/\",\"name\":\"EAPN CV\",\"description\":\"European Antipoverty Network \/ Xarxa Europea de Lluita contra la Pobresa\",\"publisher\":{\"@id\":\"https:\/\/www.eapncv.org\/#organization\"},\"potentialAction\":[{\"@type\":\"SearchAction\",\"target\":{\"@type\":\"EntryPoint\",\"urlTemplate\":\"https:\/\/www.eapncv.org\/?s={search_term_string}\"},\"query-input\":{\"@type\":\"PropertyValueSpecification\",\"valueRequired\":true,\"valueName\":\"search_term_string\"}}],\"inLanguage\":\"ca-val\"},{\"@type\":\"Organization\",\"@id\":\"https:\/\/www.eapncv.org\/#organization\",\"name\":\"EAPN CV\",\"url\":\"https:\/\/www.eapncv.org\/\",\"logo\":{\"@type\":\"ImageObject\",\"inLanguage\":\"ca-val\",\"@id\":\"https:\/\/www.eapncv.org\/#\/schema\/logo\/image\/\",\"url\":\"https:\/\/www.eapncv.org\/wp-content\/uploads\/2020\/10\/logoeapnOK-2013.jpg\",\"contentUrl\":\"https:\/\/www.eapncv.org\/wp-content\/uploads\/2020\/10\/logoeapnOK-2013.jpg\",\"width\":793,\"height\":287,\"caption\":\"EAPN CV\"},\"image\":{\"@id\":\"https:\/\/www.eapncv.org\/#\/schema\/logo\/image\/\"},\"sameAs\":[\"https:\/\/www.facebook.com\/EAPNCV\",\"https:\/\/x.com\/xarxaeapncv\",\"https:\/\/es.linkedin.com\/company\/eapn-cv\"]}]}<\/script>\n<!-- \/ Yoast SEO Premium plugin. -->","yoast_head_json":{"title":"SUMA\u2019T A EAPN CV - EAPN CV","robots":{"index":"index","follow":"follow","max-snippet":"max-snippet:-1","max-image-preview":"max-image-preview:large","max-video-preview":"max-video-preview:-1"},"canonical":"https:\/\/www.eapncv.org\/ca-val\/entitats-de-la-xarxa\/sumat-a-eapn-cv\/","og_locale":"en_US","og_type":"article","og_title":"SUMA\u2019T A EAPN CV","og_description":"Requisits establits i documents relatius a l\u2019entrada de noves entitats a l\u2019EAPN CV: Model de full de sol\u00b7licitud d\u2019EAPN CV emplenat. Carta exposant els motius de la sol\u00b7licitud. Certificat de l\u2019acord de l\u2019Assemblea de l\u2019entitat o de la seua Junta Directiva, en qu\u00e8 s\u2019aprova el desig d\u2019incorporaci\u00f3 a la xarxa. Certificat de la Delegaci\u00f3 de [&hellip;]","og_url":"https:\/\/www.eapncv.org\/ca-val\/entitats-de-la-xarxa\/sumat-a-eapn-cv\/","og_site_name":"EAPN CV","article_publisher":"https:\/\/www.facebook.com\/EAPNCV","article_modified_time":"2025-09-03T11:50:09+00:00","twitter_card":"summary_large_image","twitter_site":"@xarxaeapncv","twitter_misc":{"Est. reading time":"3 minutes"},"schema":{"@context":"https:\/\/schema.org","@graph":[{"@type":"WebPage","@id":"https:\/\/www.eapncv.org\/ca-val\/entitats-de-la-xarxa\/sumat-a-eapn-cv\/","url":"https:\/\/www.eapncv.org\/ca-val\/entitats-de-la-xarxa\/sumat-a-eapn-cv\/","name":"SUMA\u2019T A EAPN CV - EAPN CV","isPartOf":{"@id":"https:\/\/www.eapncv.org\/#website"},"datePublished":"2021-10-22T09:02:47+00:00","dateModified":"2025-09-03T11:50:09+00:00","breadcrumb":{"@id":"https:\/\/www.eapncv.org\/ca-val\/entitats-de-la-xarxa\/sumat-a-eapn-cv\/#breadcrumb"},"inLanguage":"ca-val","potentialAction":[{"@type":"ReadAction","target":["https:\/\/www.eapncv.org\/ca-val\/entitats-de-la-xarxa\/sumat-a-eapn-cv\/"]}]},{"@type":"BreadcrumbList","@id":"https:\/\/www.eapncv.org\/ca-val\/entitats-de-la-xarxa\/sumat-a-eapn-cv\/#breadcrumb","itemListElement":[{"@type":"ListItem","position":1,"name":"Portada","item":"https:\/\/www.eapncv.org\/ca-val\/"},{"@type":"ListItem","position":2,"name":"ENTITATS DE LA XARXA","item":"https:\/\/www.eapncv.org\/ca-val\/entitats-de-la-xarxa\/"},{"@type":"ListItem","position":3,"name":"SUMA\u2019T A EAPN CV"}]},{"@type":"WebSite","@id":"https:\/\/www.eapncv.org\/#website","url":"https:\/\/www.eapncv.org\/","name":"EAPN CV","description":"European Antipoverty Network \/ Xarxa Europea de Lluita contra la Pobresa","publisher":{"@id":"https:\/\/www.eapncv.org\/#organization"},"potentialAction":[{"@type":"SearchAction","target":{"@type":"EntryPoint","urlTemplate":"https:\/\/www.eapncv.org\/?s={search_term_string}"},"query-input":{"@type":"PropertyValueSpecification","valueRequired":true,"valueName":"search_term_string"}}],"inLanguage":"ca-val"},{"@type":"Organization","@id":"https:\/\/www.eapncv.org\/#organization","name":"EAPN CV","url":"https:\/\/www.eapncv.org\/","logo":{"@type":"ImageObject","inLanguage":"ca-val","@id":"https:\/\/www.eapncv.org\/#\/schema\/logo\/image\/","url":"https:\/\/www.eapncv.org\/wp-content\/uploads\/2020\/10\/logoeapnOK-2013.jpg","contentUrl":"https:\/\/www.eapncv.org\/wp-content\/uploads\/2020\/10\/logoeapnOK-2013.jpg","width":793,"height":287,"caption":"EAPN CV"},"image":{"@id":"https:\/\/www.eapncv.org\/#\/schema\/logo\/image\/"},"sameAs":["https:\/\/www.facebook.com\/EAPNCV","https:\/\/x.com\/xarxaeapncv","https:\/\/es.linkedin.com\/company\/eapn-cv"]}]}},"_links":{"self":[{"href":"https:\/\/www.eapncv.org\/ca-val\/wp-json\/wp\/v2\/pages\/17539","targetHints":{"allow":["GET"]}}],"collection":[{"href":"https:\/\/www.eapncv.org\/ca-val\/wp-json\/wp\/v2\/pages"}],"about":[{"href":"https:\/\/www.eapncv.org\/ca-val\/wp-json\/wp\/v2\/types\/page"}],"author":[{"embeddable":true,"href":"https:\/\/www.eapncv.org\/ca-val\/wp-json\/wp\/v2\/users\/8"}],"replies":[{"embeddable":true,"href":"https:\/\/www.eapncv.org\/ca-val\/wp-json\/wp\/v2\/comments?post=17539"}],"version-history":[{"count":2,"href":"https:\/\/www.eapncv.org\/ca-val\/wp-json\/wp\/v2\/pages\/17539\/revisions"}],"predecessor-version":[{"id":17541,"href":"https:\/\/www.eapncv.org\/ca-val\/wp-json\/wp\/v2\/pages\/17539\/revisions\/17541"}],"up":[{"embeddable":true,"href":"https:\/\/www.eapncv.org\/ca-val\/wp-json\/wp\/v2\/pages\/17555"}],"wp:attachment":[{"href":"https:\/\/www.eapncv.org\/ca-val\/wp-json\/wp\/v2\/media?parent=17539"}],"curies":[{"name":"wp","href":"https:\/\/api.w.org\/{rel}","templated":true}]}}