{"id":17558,"date":"2020-10-27T15:10:45","date_gmt":"2020-10-27T14:10:45","guid":{"rendered":"https:\/\/www.eapncv.org\/politica-de-privacitat\/"},"modified":"2025-09-03T14:33:49","modified_gmt":"2025-09-03T12:33:49","slug":"politica-de-privacitat","status":"publish","type":"page","link":"https:\/\/www.eapncv.org\/ca-val\/politica-de-privacitat\/","title":{"rendered":"Pol\u00edtica de privacitat"},"content":{"rendered":"<p>[et_pb_section fb_built=&#8221;1&#8243; _builder_version=&#8221;3.22&#8243;][et_pb_row _builder_version=&#8221;3.25&#8243; background_size=&#8221;initial&#8221; background_position=&#8221;top_left&#8221; background_repeat=&#8221;repeat&#8221;][et_pb_column type=&#8221;4_4&#8243; _builder_version=&#8221;3.25&#8243; custom_padding=&#8221;|||&#8221; custom_padding__hover=&#8221;|||&#8221;][et_pb_text _builder_version=&#8221;4.6.6&#8243; background_size=&#8221;initial&#8221; background_position=&#8221;top_left&#8221; background_repeat=&#8221;repeat&#8221;]<\/p>\n<h1>POL\u00cdTICA DE PRIVACITAT<\/h1>\n<div id=\"gtx-trans\" style=\"position: absolute; left: 140px; top: 53px;\">\n<div class=\"gtx-trans-icon\"> <\/div>\n<\/div>\n<p>[\/et_pb_text][et_pb_divider color=&#8221;#7D2248&#8243; divider_weight=&#8221;5px&#8221; _builder_version=&#8221;4.6.6&#8243; _module_preset=&#8221;default&#8221;][\/et_pb_divider][et_pb_text _builder_version=&#8221;4.6.6&#8243; _module_preset=&#8221;default&#8221; hover_enabled=&#8221;0&#8243; sticky_enabled=&#8221;0&#8243;]<span style=\"font-size: x-large;\"><strong style=\"color: #7d2248;\">RESPONSABLE \u2013 QUI \u00c9S EL RESPONSABLE DEL TRACTAMENT DE LES DADES?<\/strong><\/span><\/p>\n<p><strong>Identitat:<\/strong> xarxacv.eapn@gmail.com<br \/>\n<strong>Domicili social:<\/strong> C\/ Concha Espina 7-B. 46021 Val\u00e8ncia (Espanya)<br \/>\n<strong class=\"ng-binding\">CIF:<\/strong> G-97860019<br \/>\n<strong>Tel\u00e8fon:<\/strong> 696965396<br \/>\n<strong>Correu Electr\u00f2nic:<\/strong> xarxacv.eapn@gmail.com<br \/>\n<strong>Contacte:<\/strong> Nuria Tendeiro Parrilla<br \/>\n<strong>Nom del domini:<\/strong> eapncv.org<\/p>\n<p><span style=\"font-size: x-large;\"><strong style=\"color: #7d2248;\">Finalitats \u2013 Amb quines finalitats tractem les teues dades? <\/strong><\/span><\/p>\n<p>En compliment del que disposa el Reglament Europeu 2016\/679 General de Protecci\u00f3 de Dades, t\u2019informem que tractarem les dades que ens facilites per a:<\/p>\n<ul>\n<li>Gestionar la contractaci\u00f3 de serveis que es realitze a trav\u00e9s de la Plataforma, aix\u00ed com la corresponent facturaci\u00f3 i entrega.<\/li>\n<li class=\"ng-binding\">Remetre peri\u00f2dicament comunicacions sobre serveis, esdeveniments i not\u00edcies relacionades amb les activitats desenvolupades per xarxacv.eapn@gmail.com per qualsevol mitj\u00e0 (tel\u00e8fon, correu postal o correu electr\u00f2nic), llevat que s\u2019indique el contrari o l\u2019usuari s\u2019hi opose o revoque el seu consentiment.<\/li>\n<li>Remetre informaci\u00f3 comercial i\/o promocional relacionada amb el sector de serveis contractats i valor afegit per a usuaris finals, llevat que s\u2019indique el contrari o l\u2019usuari s\u2019hi opose o revoque el seu consentiment.<\/li>\n<li>Complir les obligacions legalment establides, aix\u00ed com verificar el compliment de les obligacions contractuals, inclosa la prevenci\u00f3 de frau.<\/li>\n<li>Cedir dades a organismes i autoritats, sempre que siguen requerides de conformitat amb les disposicions legals i reglament\u00e0ries.<\/li>\n<\/ul>\n<p><span style=\"font-size: x-large;\"><strong style=\"color: #7d2248;\">Categories de dades \u2013 Quines dades tractem?<\/strong><\/span><\/p>\n<p class=\"ng-binding\">Derivades de les finalitats anteriorment mencionades, en xarxacv.eapn@gmail.com gestionem les categories de dades seg\u00fcents:<\/p>\n<ul>\n<li>Dades identificatives<\/li>\n<li>Metadades de comunicacions electr\u00f2niques<\/li>\n<li class=\"ng-binding\">Dades d\u2019informaci\u00f3 comercial. En cas que l\u2019usuari facilite dades de tercers, manifesta comptar amb el consentiment d\u2019aquests i es compromet a traslladar-los la informaci\u00f3 continguda en aquesta cl\u00e0usula, eximint xarxacv.eapn@gmail.com <\/li>\n<li class=\"ng-binding\">No obstant aix\u00f2, xarxacv.eapn@gmail.com podr\u00e0 dur a terme les verificacions necess\u00e0ries per constatar aquest fet, adoptant les mesures de dilig\u00e8ncia deguda que corresponguen, conforme a la normativa de protecci\u00f3 de dades.<\/li>\n<\/ul>\n<p><span style=\"font-size: x-large;\"><strong style=\"color: #7d2248;\">Legitimaci\u00f3 \u2013 Quina \u00e9s la legitimaci\u00f3 per al tractament de les teues dades?<\/strong><\/span><\/p>\n<p class=\"ng-binding\">El tractament de dades amb la finalitat de l\u2019enviament de butlletins peri\u00f2dics (newslettering) sobre serveis, esdeveniments i not\u00edcies relacionades amb la nostra activitat professional es basa en el consentiment de l\u2019interessat, sol\u00b7licitat expressament per a dur a terme aquests tractaments, d\u2019acord amb la normativa vigent.<br \/>\nA m\u00e9s, la legitimaci\u00f3 per al tractament de les dades relacionades amb ofertes o col\u00b7laboracions es basa en el consentiment de l\u2019usuari que remet les seues dades, que pot retirar en qualsevol moment, si b\u00e9 aix\u00f2 pot afectar la possible comunicaci\u00f3 fluida i l\u2019execuci\u00f3 dels processos que desitge realitzar.<br \/>\nFinalment, les dades podran utilitzar-se per a complir les obligacions legals aplicables a xarxacv.eapn@gmail.com<\/p>\n<p><span style=\"font-size: x-large;\"><strong style=\"color: #7d2248;\">Termini de conservaci\u00f3 de les dades \u2013 Durant quant de temps conservarem les teues dades?<\/strong><\/span><\/p>\n<p class=\"ng-binding\">xarxacv.eapn@gmail.com conservar\u00e0 les dades personals dels usuaris \u00fanicament durant el temps necessari per a la realitzaci\u00f3 de les finalitats per a les quals van ser recollides, mentre no es revoquen els consentiments atorgats. Posteriorment, en cas de ser necessari, mantindr\u00e0 la informaci\u00f3 bloquejada durant els terminis legalment establits. <\/p>\n<p><span style=\"font-size: x-large;\"><strong style=\"color: #7d2248;\">Destinataris \u2013 A quins destinataris es comunicaran les teues dades?<\/strong><\/span><\/p>\n<p class=\"ng-binding\">Les teues dades podran ser accessibles per aquells prove\u00efdors que presten serveis a xarxacv.eapn@gmail.com com ara serveis d\u2019allotjament, ferramentes de m\u00e0rqueting i sistemes de continguts o altres professionals, quan aquesta comunicaci\u00f3 siga necess\u00e0ria normativament o per a l\u2019execuci\u00f3 dels serveis contractats.<\/p>\n<p>xarxacv.eapn@gmail.com, ha subscrit els corresponents contractes d\u2019enc\u00e0rrec de tractament amb cadascun dels prove\u00efdors que presten serveis, amb l\u2019objectiu de garantir que aquests tractaran les teues dades de conformitat amb el que estableix la legislaci\u00f3 vigent.<\/p>\n<p>Tamb\u00e9 podran ser cedides a les Forces i Cossos de Seguretat de l\u2019Estat en els casos en qu\u00e8 existisca una obligaci\u00f3 legal.<\/p>\n<p>Bancs i entitats financeres, per al cobrament dels serveis.<br \/>\nAdministracions p\u00fabliques amb compet\u00e8ncia en els sectors d\u2019activitat, quan aix\u00ed ho establisca la normativa vigent.<br \/>\n<span style=\"font-size: x-large;\"><strong style=\"color: #7d2248;\">Seguretat de la informaci\u00f3 \u2013 Quines mesures de seguretat implantem per a cuidar les teues dades?<\/strong><\/span><\/p>\n<p>Per a protegir les diferents tipologies de dades reflectides en aquesta pol\u00edtica de privacitat, es duran a terme les mesures de seguretat t\u00e8cniques necess\u00e0ries per a evitar-ne la p\u00e8rdua, manipulaci\u00f3, difusi\u00f3 o alteraci\u00f3:<\/p>\n<ul>\n<li class=\"ng-binding\">Encriptaci\u00f3 de les comunicacions entre el dispositiu de l\u2019usuari i els servidors de xarxacv.eapn@gmail.com<\/li>\n<li class=\"ng-binding\">Encriptaci\u00f3 de la informaci\u00f3 en els propis servidors de xarxacv.eapn@gmail.com<\/li>\n<li>Altres mesures que eviten l\u2019acc\u00e9s a les dades de l\u2019usuari per part de tercers.<\/li>\n<li class=\"ng-binding\">En aquells casos en qu\u00e8 xarxacv.eapn@gmail.com compte amb prestadors de serveis per al manteniment de la plataforma que es troben fora de la Uni\u00f3 Europea, aquestes transfer\u00e8ncies internacionals estaran regularitzades atenent al comprom\u00eds de xarxacv.eapn@gmail.com amb la protecci\u00f3, integritat i seguretat de les dades personals dels usuaris.<\/li>\n<\/ul>\n<p><span style=\"font-size: x-large;\"><strong style=\"color: #7d2248;\">Drets \u2013 Quins s\u00f3n els teus drets quan ens facilites les teues dades i com pots exercir-los?<\/strong><\/span><\/p>\n<p class=\"ng-binding\">Tens dret a obtindre confirmaci\u00f3 sobre si en xarxacv.eapn@gmail.com estem tractant dades personals que et concernixen, o no.<br \/>\nAix\u00ed mateix, tens dret a accedir a les teues dades personals, aix\u00ed com a sol\u00b7licitar la rectificaci\u00f3 de les dades inexactes o, si escau, sol\u00b7licitar-ne la supressi\u00f3 quan, entre altres motius, les dades ja no siguen necess\u00e0ries per als fins per als quals van ser recollides.<\/p>\n<p>En determinades circumst\u00e0ncies, podr\u00e0s sol\u00b7licitar la limitaci\u00f3 del tractament de les teues dades, cas en qu\u00e8 \u00fanicament les conservarem per a l\u2019exercici o la defensa de reclamacions.<br \/>\nEn determinades circumst\u00e0ncies i per motius relacionats amb la teua situaci\u00f3 particular, podr\u00e0s oposar-te al tractament de les teues dades. En aquest cas, xarxacv.eapn@gmail.com deixar\u00e0 de tractar les dades, excepte per motius leg\u00edtims imperiosos, o l\u2019exercici o la defensa de possibles reclamacions. <\/p>\n<p>Aix\u00ed mateix, pots exercir el dret a la portabilitat de les dades, aix\u00ed com retirar els consentiments facilitats en qualsevol moment, sense que aix\u00f2 afecte la licitud del tractament basat en el consentiment previ a la seua retirada.<\/p>\n<p>Si desitges fer \u00fas de qualsevol dels teus drets pots dirigir-te a <a class=\"ng-binding\" href=\"mailto:xarxacv.eapn@gmail.com\">xarxacv.eapn@gmail.com<\/a>.<\/p>\n<p>Finalment, t\u2019informem que pots dirigir-te davant l\u2019Ag\u00e8ncia Espanyola de Protecci\u00f3 de Dades i altres organismes p\u00fablics competents per a qualsevol reclamaci\u00f3 derivada del tractament de les teues dades personals.<\/p>\n<p><span style=\"font-size: x-large;\"><strong style=\"color: #7d2248;\">Modificaci\u00f3 de la pol\u00edtica de privacitat<\/strong><\/span><\/p>\n<p class=\"ng-binding\">xarxacv.eapn@gmail.com podr\u00e0 modificar la present Pol\u00edtica de Privacitat en qualsevol moment, i es publicaran les successives versions en el Lloc Web. En qualsevol cas, xarxacv.eapn@gmail.com comunicar\u00e0 amb preav\u00eds les modificacions d\u2019aquesta pol\u00edtica que afecten els usuaris, a fi que les puguen acceptar. <\/p>\n<p>La present Pol\u00edtica de Privacitat es troba actualitzada a data 27\/12\/2018. xarxacv.eapn@gmail.com (Espa\u00f1a). Tots els drets reservats. <\/p>\n<p>Si ho desitges tamb\u00e9 pots consultar la nostra <strong>Pol\u00edtica de Cookies<\/strong>[\/et_pb_text][\/et_pb_column][\/et_pb_row][\/et_pb_section]<\/p>\n","protected":false},"excerpt":{"rendered":"<p>POL\u00cdTICA DE PRIVACITAT RESPONSABLE \u2013 QUI \u00c9S EL RESPONSABLE DEL TRACTAMENT DE LES DADES? Identitat: xarxacv.eapn@gmail.com Domicili social: C\/ Concha Espina 7-B. 46021 Val\u00e8ncia (Espanya) CIF: G-97860019 Tel\u00e8fon: 696965396 Correu Electr\u00f2nic: xarxacv.eapn@gmail.com Contacte: Nuria Tendeiro Parrilla Nom del domini: eapncv.org Finalitats \u2013 Amb quines finalitats tractem les teues dades? En compliment del que disposa el [&hellip;]<\/p>\n","protected":false},"author":2,"featured_media":0,"parent":0,"menu_order":6,"comment_status":"closed","ping_status":"closed","template":"","meta":{"_acf_changed":false,"_et_pb_use_builder":"on","_et_pb_old_content":"","_et_gb_content_width":"","footnotes":""},"class_list":["post-17558","page","type-page","status-publish","hentry"],"acf":[],"yoast_head":"<!-- This site is optimized with the Yoast SEO Premium plugin v24.5 (Yoast SEO v27.0) - https:\/\/yoast.com\/product\/yoast-seo-premium-wordpress\/ -->\n<title>Pol\u00edtica de privacitat - EAPN CV<\/title>\n<meta name=\"robots\" content=\"index, follow, max-snippet:-1, max-image-preview:large, max-video-preview:-1\" \/>\n<link rel=\"canonical\" href=\"https:\/\/www.eapncv.org\/ca-val\/politica-de-privacitat\/\" \/>\n<meta property=\"og:locale\" content=\"en_US\" \/>\n<meta property=\"og:type\" content=\"article\" \/>\n<meta property=\"og:title\" content=\"Pol\u00edtica de privacitat\" \/>\n<meta property=\"og:description\" content=\"POL\u00cdTICA DE PRIVACITAT RESPONSABLE \u2013 QUI \u00c9S EL RESPONSABLE DEL TRACTAMENT DE LES DADES? Identitat: xarxacv.eapn@gmail.com Domicili social: C\/ Concha Espina 7-B. 46021 Val\u00e8ncia (Espanya) CIF: G-97860019 Tel\u00e8fon: 696965396 Correu Electr\u00f2nic: xarxacv.eapn@gmail.com Contacte: Nuria Tendeiro Parrilla Nom del domini: eapncv.org Finalitats \u2013 Amb quines finalitats tractem les teues dades? En compliment del que disposa el [&hellip;]\" \/>\n<meta property=\"og:url\" content=\"https:\/\/www.eapncv.org\/ca-val\/politica-de-privacitat\/\" \/>\n<meta property=\"og:site_name\" content=\"EAPN CV\" \/>\n<meta property=\"article:publisher\" content=\"https:\/\/www.facebook.com\/EAPNCV\" \/>\n<meta property=\"article:modified_time\" content=\"2025-09-03T12:33:49+00:00\" \/>\n<meta name=\"twitter:card\" content=\"summary_large_image\" \/>\n<meta name=\"twitter:site\" content=\"@xarxaeapncv\" \/>\n<meta name=\"twitter:label1\" content=\"Est. reading time\" \/>\n\t<meta name=\"twitter:data1\" content=\"6 minutes\" \/>\n<script type=\"application\/ld+json\" class=\"yoast-schema-graph\">{\"@context\":\"https:\/\/schema.org\",\"@graph\":[{\"@type\":\"WebPage\",\"@id\":\"https:\/\/www.eapncv.org\/ca-val\/politica-de-privacitat\/\",\"url\":\"https:\/\/www.eapncv.org\/ca-val\/politica-de-privacitat\/\",\"name\":\"Pol\u00edtica de privacitat - EAPN CV\",\"isPartOf\":{\"@id\":\"https:\/\/www.eapncv.org\/#website\"},\"datePublished\":\"2020-10-27T14:10:45+00:00\",\"dateModified\":\"2025-09-03T12:33:49+00:00\",\"breadcrumb\":{\"@id\":\"https:\/\/www.eapncv.org\/ca-val\/politica-de-privacitat\/#breadcrumb\"},\"inLanguage\":\"ca-val\",\"potentialAction\":[{\"@type\":\"ReadAction\",\"target\":[\"https:\/\/www.eapncv.org\/ca-val\/politica-de-privacitat\/\"]}]},{\"@type\":\"BreadcrumbList\",\"@id\":\"https:\/\/www.eapncv.org\/ca-val\/politica-de-privacitat\/#breadcrumb\",\"itemListElement\":[{\"@type\":\"ListItem\",\"position\":1,\"name\":\"Portada\",\"item\":\"https:\/\/www.eapncv.org\/ca-val\/\"},{\"@type\":\"ListItem\",\"position\":2,\"name\":\"Pol\u00edtica de privacitat\"}]},{\"@type\":\"WebSite\",\"@id\":\"https:\/\/www.eapncv.org\/#website\",\"url\":\"https:\/\/www.eapncv.org\/\",\"name\":\"EAPN CV\",\"description\":\"European Antipoverty Network \/ Xarxa Europea de Lluita contra la Pobresa\",\"publisher\":{\"@id\":\"https:\/\/www.eapncv.org\/#organization\"},\"potentialAction\":[{\"@type\":\"SearchAction\",\"target\":{\"@type\":\"EntryPoint\",\"urlTemplate\":\"https:\/\/www.eapncv.org\/?s={search_term_string}\"},\"query-input\":{\"@type\":\"PropertyValueSpecification\",\"valueRequired\":true,\"valueName\":\"search_term_string\"}}],\"inLanguage\":\"ca-val\"},{\"@type\":\"Organization\",\"@id\":\"https:\/\/www.eapncv.org\/#organization\",\"name\":\"EAPN CV\",\"url\":\"https:\/\/www.eapncv.org\/\",\"logo\":{\"@type\":\"ImageObject\",\"inLanguage\":\"ca-val\",\"@id\":\"https:\/\/www.eapncv.org\/#\/schema\/logo\/image\/\",\"url\":\"https:\/\/www.eapncv.org\/wp-content\/uploads\/2020\/10\/logoeapnOK-2013.jpg\",\"contentUrl\":\"https:\/\/www.eapncv.org\/wp-content\/uploads\/2020\/10\/logoeapnOK-2013.jpg\",\"width\":793,\"height\":287,\"caption\":\"EAPN CV\"},\"image\":{\"@id\":\"https:\/\/www.eapncv.org\/#\/schema\/logo\/image\/\"},\"sameAs\":[\"https:\/\/www.facebook.com\/EAPNCV\",\"https:\/\/x.com\/xarxaeapncv\",\"https:\/\/es.linkedin.com\/company\/eapn-cv\"]}]}<\/script>\n<!-- \/ Yoast SEO Premium plugin. -->","yoast_head_json":{"title":"Pol\u00edtica de privacitat - EAPN CV","robots":{"index":"index","follow":"follow","max-snippet":"max-snippet:-1","max-image-preview":"max-image-preview:large","max-video-preview":"max-video-preview:-1"},"canonical":"https:\/\/www.eapncv.org\/ca-val\/politica-de-privacitat\/","og_locale":"en_US","og_type":"article","og_title":"Pol\u00edtica de privacitat","og_description":"POL\u00cdTICA DE PRIVACITAT RESPONSABLE \u2013 QUI \u00c9S EL RESPONSABLE DEL TRACTAMENT DE LES DADES? Identitat: xarxacv.eapn@gmail.com Domicili social: C\/ Concha Espina 7-B. 46021 Val\u00e8ncia (Espanya) CIF: G-97860019 Tel\u00e8fon: 696965396 Correu Electr\u00f2nic: xarxacv.eapn@gmail.com Contacte: Nuria Tendeiro Parrilla Nom del domini: eapncv.org Finalitats \u2013 Amb quines finalitats tractem les teues dades? En compliment del que disposa el [&hellip;]","og_url":"https:\/\/www.eapncv.org\/ca-val\/politica-de-privacitat\/","og_site_name":"EAPN CV","article_publisher":"https:\/\/www.facebook.com\/EAPNCV","article_modified_time":"2025-09-03T12:33:49+00:00","twitter_card":"summary_large_image","twitter_site":"@xarxaeapncv","twitter_misc":{"Est. reading time":"6 minutes"},"schema":{"@context":"https:\/\/schema.org","@graph":[{"@type":"WebPage","@id":"https:\/\/www.eapncv.org\/ca-val\/politica-de-privacitat\/","url":"https:\/\/www.eapncv.org\/ca-val\/politica-de-privacitat\/","name":"Pol\u00edtica de privacitat - EAPN CV","isPartOf":{"@id":"https:\/\/www.eapncv.org\/#website"},"datePublished":"2020-10-27T14:10:45+00:00","dateModified":"2025-09-03T12:33:49+00:00","breadcrumb":{"@id":"https:\/\/www.eapncv.org\/ca-val\/politica-de-privacitat\/#breadcrumb"},"inLanguage":"ca-val","potentialAction":[{"@type":"ReadAction","target":["https:\/\/www.eapncv.org\/ca-val\/politica-de-privacitat\/"]}]},{"@type":"BreadcrumbList","@id":"https:\/\/www.eapncv.org\/ca-val\/politica-de-privacitat\/#breadcrumb","itemListElement":[{"@type":"ListItem","position":1,"name":"Portada","item":"https:\/\/www.eapncv.org\/ca-val\/"},{"@type":"ListItem","position":2,"name":"Pol\u00edtica de privacitat"}]},{"@type":"WebSite","@id":"https:\/\/www.eapncv.org\/#website","url":"https:\/\/www.eapncv.org\/","name":"EAPN CV","description":"European Antipoverty Network \/ Xarxa Europea de Lluita contra la Pobresa","publisher":{"@id":"https:\/\/www.eapncv.org\/#organization"},"potentialAction":[{"@type":"SearchAction","target":{"@type":"EntryPoint","urlTemplate":"https:\/\/www.eapncv.org\/?s={search_term_string}"},"query-input":{"@type":"PropertyValueSpecification","valueRequired":true,"valueName":"search_term_string"}}],"inLanguage":"ca-val"},{"@type":"Organization","@id":"https:\/\/www.eapncv.org\/#organization","name":"EAPN CV","url":"https:\/\/www.eapncv.org\/","logo":{"@type":"ImageObject","inLanguage":"ca-val","@id":"https:\/\/www.eapncv.org\/#\/schema\/logo\/image\/","url":"https:\/\/www.eapncv.org\/wp-content\/uploads\/2020\/10\/logoeapnOK-2013.jpg","contentUrl":"https:\/\/www.eapncv.org\/wp-content\/uploads\/2020\/10\/logoeapnOK-2013.jpg","width":793,"height":287,"caption":"EAPN CV"},"image":{"@id":"https:\/\/www.eapncv.org\/#\/schema\/logo\/image\/"},"sameAs":["https:\/\/www.facebook.com\/EAPNCV","https:\/\/x.com\/xarxaeapncv","https:\/\/es.linkedin.com\/company\/eapn-cv"]}]}},"_links":{"self":[{"href":"https:\/\/www.eapncv.org\/ca-val\/wp-json\/wp\/v2\/pages\/17558","targetHints":{"allow":["GET"]}}],"collection":[{"href":"https:\/\/www.eapncv.org\/ca-val\/wp-json\/wp\/v2\/pages"}],"about":[{"href":"https:\/\/www.eapncv.org\/ca-val\/wp-json\/wp\/v2\/types\/page"}],"author":[{"embeddable":true,"href":"https:\/\/www.eapncv.org\/ca-val\/wp-json\/wp\/v2\/users\/2"}],"replies":[{"embeddable":true,"href":"https:\/\/www.eapncv.org\/ca-val\/wp-json\/wp\/v2\/comments?post=17558"}],"version-history":[{"count":2,"href":"https:\/\/www.eapncv.org\/ca-val\/wp-json\/wp\/v2\/pages\/17558\/revisions"}],"predecessor-version":[{"id":17560,"href":"https:\/\/www.eapncv.org\/ca-val\/wp-json\/wp\/v2\/pages\/17558\/revisions\/17560"}],"wp:attachment":[{"href":"https:\/\/www.eapncv.org\/ca-val\/wp-json\/wp\/v2\/media?parent=17558"}],"curies":[{"name":"wp","href":"https:\/\/api.w.org\/{rel}","templated":true}]}}