{"id":17561,"date":"2020-11-02T15:16:47","date_gmt":"2020-11-02T14:16:47","guid":{"rendered":"https:\/\/www.eapncv.org\/avis-legal\/"},"modified":"2025-09-03T14:53:42","modified_gmt":"2025-09-03T12:53:42","slug":"avis-legal","status":"publish","type":"page","link":"https:\/\/www.eapncv.org\/ca-val\/avis-legal\/","title":{"rendered":"Av\u00eds legal"},"content":{"rendered":"<p>[et_pb_section fb_built=&#8221;1&#8243; _builder_version=&#8221;4.16&#8243; _module_preset=&#8221;default&#8221; global_colors_info=&#8221;{}&#8221;][et_pb_row _builder_version=&#8221;4.16&#8243; _module_preset=&#8221;default&#8221; custom_margin=&#8221;20px||||false|false&#8221; custom_padding=&#8221;0px||||false|false&#8221; global_colors_info=&#8221;{}&#8221;][et_pb_column type=&#8221;4_4&#8243; _builder_version=&#8221;4.16&#8243; _module_preset=&#8221;default&#8221; global_colors_info=&#8221;{}&#8221;][et_pb_text _builder_version=&#8221;4.16&#8243; _module_preset=&#8221;default&#8221; custom_margin=&#8221;||0px||false|false&#8221; custom_padding=&#8221;||0px||false|false&#8221; global_colors_info=&#8221;{}&#8221;]<\/p>\n<h1 style=\"text-align: center;\">AV\u00cdS LEGAL<\/h1>\n<p>[\/et_pb_text][et_pb_divider color=&#8221;#7D2248&#8243; divider_weight=&#8221;3px&#8221; _builder_version=&#8221;4.16&#8243; _module_preset=&#8221;default&#8221; width=&#8221;10em&#8221; module_alignment=&#8221;center&#8221; custom_margin=&#8221;0px||0px||false|false&#8221; custom_padding=&#8221;0px||0px||false|false&#8221; global_colors_info=&#8221;{}&#8221;][\/et_pb_divider][et_pb_text _builder_version=&#8221;4.27.4&#8243; _module_preset=&#8221;default&#8221; custom_padding=&#8221;40px|||||&#8221; global_colors_info=&#8221;{}&#8221;]<\/p>\n<p><strong style=\"font-size: x-large; color: #7d2248;\">TITULARITAT DE LA WEB<\/strong><\/p>\n<p><b>Denominaci\u00f3 social: <\/b>EAPN CV (European Anti-Poverty Network \/ Xarxa Europea de Lluita contra la Pobresa en la Comunitat Valenciana)<br \/><b>Registre de la entitat : <\/b>CV-02-039733-V, ssecci\u00f3 2 del Registre Auton\u00f2mic de les Associacions de la Comunitat Valenciana.<br \/><b>Identitat:<\/b> xarxacv.eapn@gmail.com<br \/><b>Domicili social: <\/b><b>C\/ Uruguai, 13, 7\u00aa planta, of. 701<\/b><br \/><b>Val\u00e8ncia- 46007<\/b><br \/><b>CIF:<\/b> G-97860019<br \/><b>Tel\u00e8fon:<\/b> 696965396<br \/><b>Correu Electr\u00f2nic:<\/b> xarxacv.eapn@gmail.com<br \/><b>Contacte:<\/b> Nuria Tendeiro Parrilla<br \/><b>Nom del domini:<\/b> eapncv.org<\/p>\n<p><strong style=\"font-size: x-large; color: #7d2248;\">AV\u00cdS LEGAL I CONDICIONS D\u2019\u00daS<\/strong><\/p>\n<p>En aquest espai, l\u2019USUARI podr\u00e0 trobar tota la informaci\u00f3 relativa als termes i condicions legals que definixen les relacions entre les persones usu\u00e0ries i nosaltres com a responsables d\u2019aquesta web. Com a usuari, \u00e9s important que conegues aquests termes abans de continuar la navegaci\u00f3.<br \/>Com a responsables d\u2019aquesta web, assumim el comprom\u00eds de processar la informaci\u00f3 de les persones usu\u00e0ries i clientes amb plenes garanties i complir els requisits nacionals i europeus que regulen la recopilaci\u00f3 i l\u2019\u00fas de les dades personals.<br \/>Aquesta web, per tant, complix rigorosament amb el RGPD (REGLAMENT (UE) 2016\/679 de protecci\u00f3 de dades) i amb la LSSI-CE, Llei 34\/2002, d\u201911 de juliol, de serveis de la societat de la informaci\u00f3 i de comer\u00e7 electr\u00f2nic.   <\/p>\n<p><span style=\"font-size: x-large;\"><strong style=\"color: #7d2248;\">CONDICIONS GENERALS D&#8217;\u00daS<\/strong><\/span><\/p>\n<p>Les presents Condicions Generals regulen l\u2019\u00fas (incloent-hi el mer acc\u00e9s) de les p\u00e0gines de la web, integrants del lloc web, inclosos els continguts i serveis posats a disposici\u00f3 en elles. Tota persona que accedisca a la web (\u201cUsuari\u201d) accepta sotmetre\u2019s a les Condicions Generals vigents en cada moment del portal. <\/p>\n<p><span style=\"font-size: x-large;\"><strong style=\"color: #7d2248;\">DADES PERSONALS QUE RECAPTEM I COM HO FEM<br \/><\/strong><\/span><\/p>\n<p><a href=\"http:\/\/46.34.41.239\/eapncv\/politicaprivacidad\/\">Llegir la Pol\u00edtica de Privacitat.<\/a><\/p>\n<p><span style=\"font-size: x-large;\"><strong style=\"color: #7d2248;\">COMPROMISOS I OBLIGACIONS DE LES PERSONES USU\u00c0RIES <\/strong><\/span><\/p>\n<p>L\u2019Usuari queda informat, i accepta, que l\u2019acc\u00e9s a la present web no suposa en cap cas l\u2019inici d\u2019una relaci\u00f3 comercial amb l\u2019entitat. D\u2019aquesta manera, l\u2019usuari es compromet a utilitzar el lloc web, els seus serveis i continguts sense contravenir la legislaci\u00f3 vigent, la bona fe i l\u2019ordre p\u00fablic.<br \/>Queda prohibit l\u2019\u00fas de la web amb fins il\u00b7l\u00edcits o lesius, o que, de qualsevol forma, puguen causar perjudici o impedir el funcionament normal del lloc web. Respecte als continguts d\u2019aquesta web, es prohibix:<br \/>La seua reproducci\u00f3, distribuci\u00f3 o modificaci\u00f3, total o parcial, llevat que es compte amb l\u2019autoritzaci\u00f3 dels seus leg\u00edtims titulars.<br \/>Qualsevol vulneraci\u00f3 dels drets del prestador o dels leg\u00edtims titulars.<br \/>La seua utilitzaci\u00f3 amb fins comercials o publicitaris.  <\/p>\n<p>En la utilitzaci\u00f3 de la web, l\u2019Usuari es compromet a no dur a terme cap conducta que puga danyar la imatge, els interessos i els drets de l\u2019entitat o de tercers, o que puga danyar, inutilitzar o sobrecarregar el portal (domini), o que impedisca de qualsevol forma la utilitzaci\u00f3 normal de la web.<br \/>No obstant aix\u00f2, l\u2019Usuari ha de ser conscient que les mesures de seguretat dels sistemes inform\u00e0tics en Internet no s\u00f3n completament fiables i que, per tant, no es pot garantir la inexist\u00e8ncia de virus o altres elements que puguen produir alteracions en els sistemes inform\u00e0tics (software i hardware) de l\u2019Usuari o en els seus documents electr\u00f2nics i fitxers continguts en ells. <\/p>\n<p><span style=\"font-size: x-large;\"><strong style=\"color: #7d2248;\">MESURES DE SEGURETAT <\/strong><\/span><\/p>\n<p>Les dades personals comunicades per l\u2019usuari podran ser emmagatzemades en bases de dades, automatitzades o no, la titularitat de les quals correspon en exclusiva a l\u2019entitat, que assumix totes les mesures t\u00e8cniques, organitzatives i de seguretat que garantixen la confidencialitat, integritat i qualitat de la informaci\u00f3 continguda, d\u2019acord amb el que establix la normativa vigent en mat\u00e8ria de protecci\u00f3 de dades.<br \/>La comunicaci\u00f3 entre els usuaris i l\u2019entitat utilitza un canal segur, i les dades transmeses s\u00f3n xifrades gr\u00e0cies a protocols https. Per tant, garantim les millors condicions de seguretat perqu\u00e8 la confidencialitat dels usuaris estiga protegida.<\/p>\n<p><span style=\"font-size: x-large;\"><strong style=\"color: #7d2248;\">RECLAMACIONS <\/strong><\/span><\/p>\n<p>L\u2019entitat informa que existixen fulls de reclamaci\u00f3 a disposici\u00f3 d\u2019usuaris i clients. L\u2019Usuari podr\u00e0 presentar reclamacions sol\u00b7licitant el seu full de reclamaci\u00f3 o remetent un correu electr\u00f2nic a l\u2019adre\u00e7a de contacte, indicant el seu nom i cognoms, el servei i\/o producte adquirit i exposant els motius de la seua reclamaci\u00f3. <\/p>\n<p>L\u2019usuari\/comprador podr\u00e0 notificar-nos la reclamaci\u00f3 b\u00e9 per correu electr\u00f2nic, i si ho desitja adjuntar el formulari seg\u00fcent:<br \/>Servei\/producte:<br \/>Adquirit el dia:<br \/>Nom de l\u2019usuari:<br \/>Domicili de l\u2019usuari:<br \/>Signatura de l\u2019usuari (nom\u00e9s si es presenta en paper):<br \/>Data:<br \/>Motiu de la reclamaci\u00f3:<\/p>\n<p><span style=\"font-size: x-large;\"><strong style=\"color: #7d2248;\">PLATAFORMA DE RESOLUCI\u00d3 DE CONFLICTES <\/strong><\/span><\/p>\n<p>Per si \u00e9s del teu inter\u00e9s, per a sotmetre les teues reclamacions pots utilitzar tamb\u00e9 la plataforma de resoluci\u00f3 de litigis que facilita la Comissi\u00f3 Europea i que es troba disponible en el seg\u00fcent enlla\u00e7: http:\/\/ec.europa.eu\/consumers\/odr\/<\/p>\n<p><span style=\"font-size: x-large;\"><strong style=\"color: #7d2248;\">DRETS DE PROPIETAT INTEL\u00b7LECTUAL I INDUSTRIAL<\/strong><\/span><\/p>\n<p>En virtut del que disposen els articles 8 i 32.1, segon par\u00e0graf, de la Llei de Propietat Intel\u00b7lectual, queden expressament prohibides la reproducci\u00f3, la distribuci\u00f3 i la comunicaci\u00f3 p\u00fablica, inclosa la modalitat de posada a disposici\u00f3, de la totalitat o part dels continguts d\u2019aquesta p\u00e0gina web, amb fins comercials, en qualsevol suport i per qualsevol mitj\u00e0 t\u00e8cnic, sense l\u2019autoritzaci\u00f3 corresponent.<br \/>L\u2019usuari es compromet a respectar els drets de Propietat Intel\u00b7lectual i Industrial titularitat de l\u2019entitat. <br \/>L\u2019usuari coneix i accepta que la totalitat del lloc web, incloent-hi a t\u00edtol enunciatiu per\u00f2 no limitatiu, el text, el software, els continguts (incloent-hi l\u2019estructura, selecci\u00f3, ordenaci\u00f3 i presentaci\u00f3 d\u2019aquests), podcasts, fotografies, material audiovisual i gr\u00e0fics, est\u00e0 protegida per marques, drets d\u2019autor i altres drets leg\u00edtims, d\u2019acord amb els tractats internacionals en qu\u00e8 Espanya \u00e9s part i altres lleis de propietat vigents a Espanya.<br \/>En cas que un usuari o un tercer considere que s\u2019ha produ\u00eft una violaci\u00f3 dels seus leg\u00edtims drets de propietat intel\u00b7lectual per la introducci\u00f3 d\u2019un determinat contingut en la web, haur\u00e0 de notificar-ho a l\u2019entitat indicant: <\/p>\n<p>Les dades personals del titular dels drets presumptament infringits, o la representaci\u00f3 amb qu\u00e8 actua si la reclamaci\u00f3 la presenta un tercer diferent de l\u2019interessat.<br \/>Els continguts protegits per drets de propietat intel\u00b7lectual i la seua ubicaci\u00f3 en la web, l\u2019acreditaci\u00f3 dels drets assenyalats i una declaraci\u00f3 expressa en qu\u00e8 l\u2019interessat es responsabilitza de la veracitat de la informaci\u00f3 facilitada.<\/p>\n<p><span style=\"font-size: x-large;\"><strong style=\"color: #7d2248;\">ENLLA\u00c7OS EXTERNS<\/strong><\/span><\/p>\n<p>Les p\u00e0gines de la web podrien proporcionar enlla\u00e7os a altres llocs web propis i a continguts que s\u00f3n propietat de tercers. L\u2019\u00fanic objecte dels enlla\u00e7os \u00e9s proporcionar a l\u2019Usuari la possibilitat d\u2019accedir a ells. L\u2019entitat no es responsabilitza en cap cas dels resultats que puguen derivar-se de l\u2019acc\u00e9s a aquests enlla\u00e7os.<br \/>Aix\u00ed mateix, l\u2019usuari podr\u00e0 trobar dins d\u2019aquest lloc, p\u00e0gines, promocions o programes d\u2019afiliaci\u00f3 que accedixen als h\u00e0bits de navegaci\u00f3 dels usuaris per establir perfils. Aquesta informaci\u00f3 sempre \u00e9s an\u00f2nima i no identifica l\u2019usuari.   <\/p>\n<p>La informaci\u00f3 proporcionada en aquests llocs patrocinats o enlla\u00e7os d\u2019afiliats est\u00e0 subjecta a les pol\u00edtiques de privacitat pr\u00f2pies d\u2019aquests llocs i no a la present pol\u00edtica de privacitat. Per aix\u00f2 recomanem a les persones usu\u00e0ries revisar detalladament les pol\u00edtiques de privacitat dels enlla\u00e7os d\u2019afiliaci\u00f3.<br \/>L\u2019Usuari que pretenga establir qualsevol dispositiu t\u00e8cnic d\u2019enlla\u00e7 des del seu lloc web al portal haur\u00e0 d\u2019obtindre autoritzaci\u00f3 pr\u00e8via i escrita de l\u2019entitat. L\u2019establiment de l\u2019enlla\u00e7 no implica en cap cas l\u2019exist\u00e8ncia de relacions entre l\u2019entitat i el propietari del lloc en qu\u00e8 s\u2019establisca, ni l\u2019acceptaci\u00f3 o aprovaci\u00f3 per part de l\u2019entitat dels seus continguts o serveis. <\/p>\n<p><span style=\"font-size: x-large;\"><strong style=\"color: #7d2248;\">POL\u00cdTICA DE COMENTARIS<\/strong><\/span><\/p>\n<p>En la nostra web es permeten comentaris per a enriquir els continguts i realitzar consultes. No s\u2019admetran comentaris que no estiguen relacionats amb la tem\u00e0tica d\u2019aquesta web, que incloguen difamacions, insults, atacs personals o faltes de respecte en general cap a l\u2019autor o altres membres.<br \/>Tamb\u00e9 seran eliminats els comentaris que continguen informaci\u00f3 manifestament enganyosa o falsa, aix\u00ed com aquells que incloguen informaci\u00f3 personal (com ara adreces privades o tel\u00e8fons) i vulneren la nostra pol\u00edtica de protecci\u00f3 de dades.<br \/>Es desestimaran igualment els comentaris creats \u00fanicament amb fins promocionals d\u2019una web, persona o col\u00b7lectiu, i tot el que puga ser considerat spam en general.<br \/>No es permeten comentaris an\u00f2nims ni comentaris realitzats per una mateixa persona amb diferents sobrenoms. Tampoc no es tindran en compte els comentaris que intenten for\u00e7ar un debat o una presa de postura per part d\u2019altres usuaris.   <\/p>\n<p><span style=\"font-size: x-large;\"><strong style=\"color: #7d2248;\">EXCLUSI\u00d3 DE GARANTIES I RESPONSABILITAT<\/strong><\/span><\/p>\n<p>El Prestador no atorga cap garantia ni es fa responsable, en cap cas, dels danys i perjudicis de qualsevol naturalesa que pogueren derivar-se de:<\/p>\n<p>La falta de disponibilitat, manteniment i funcionament efectiu de la web o dels seus serveis i continguts.<br \/>L\u2019exist\u00e8ncia de virus, programes maliciosos o lesius en els continguts.<br \/>L\u2019\u00fas il\u00b7l\u00edcit, negligent, fraudulent o contrari a aquest Av\u00eds Legal.<br \/>La falta de licitud, qualitat, fiabilitat, utilitat i disponibilitat dels serveis prestats per tercers i posats a disposici\u00f3 dels usuaris en el lloc web.<br \/>El Prestador no es fa responsable en cap cas dels danys que puguen derivar-se de l\u2019\u00fas il\u00b7legal o indegut de la present p\u00e0gina web.<\/p>\n<p><span style=\"font-size: x-large;\"><strong style=\"color: #7d2248;\">LLEI APLICABLE I JURISDICCI\u00d3<\/strong><\/span><\/p>\n<p>Amb car\u00e0cter general, les relacions entre l\u2019entitat i els Usuaris dels seus serveis telem\u00e0tics, presents en aquesta web, es troben sotmeses a la legislaci\u00f3 i jurisdicci\u00f3 espanyoles i als tribunals competents.<\/p>\n<p><span style=\"font-size: x-large;\"><strong style=\"color: #7d2248;\">CONTACTE<\/strong><\/span><\/p>\n<p>En cas que qualsevol Usuari tinga algun dubte sobre aquestes Condicions Legals o qualsevol comentari sobre el portal, pot posar-se en contacte amb nosaltres a trav\u00e9s del correu electr\u00f2nic xarxacv.eapn@gamail.com<\/p>\n<p>De part de l\u2019equip que formem, t\u2019agra\u00efm el temps dedicat a llegir aquest Av\u00eds Legal.<\/p>\n<p>[\/et_pb_text][\/et_pb_column][\/et_pb_row][\/et_pb_section]<\/p>\n","protected":false},"excerpt":{"rendered":"<p>AV\u00cdS LEGALTITULARITAT DE LA WEB Denominaci\u00f3 social: EAPN CV (European Anti-Poverty Network \/ Xarxa Europea de Lluita contra la Pobresa en la Comunitat Valenciana)Registre de la entitat : CV-02-039733-V, ssecci\u00f3 2 del Registre Auton\u00f2mic de les Associacions de la Comunitat Valenciana.Identitat: xarxacv.eapn@gmail.comDomicili social: C\/ Uruguai, 13, 7\u00aa planta, of. 701Val\u00e8ncia- 46007CIF: G-97860019Tel\u00e8fon: 696965396Correu Electr\u00f2nic: xarxacv.eapn@gmail.comContacte: [&hellip;]<\/p>\n","protected":false},"author":2,"featured_media":0,"parent":0,"menu_order":8,"comment_status":"closed","ping_status":"closed","template":"","meta":{"_acf_changed":false,"_et_pb_use_builder":"on","_et_pb_old_content":"","_et_gb_content_width":"","footnotes":""},"class_list":["post-17561","page","type-page","status-publish","hentry"],"acf":[],"yoast_head":"<!-- This site is optimized with the Yoast SEO Premium plugin v24.5 (Yoast SEO v27.0) - https:\/\/yoast.com\/product\/yoast-seo-premium-wordpress\/ -->\n<title>Av\u00eds legal - EAPN CV<\/title>\n<meta name=\"robots\" content=\"index, follow, max-snippet:-1, max-image-preview:large, max-video-preview:-1\" \/>\n<link rel=\"canonical\" href=\"https:\/\/www.eapncv.org\/ca-val\/avis-legal\/\" \/>\n<meta property=\"og:locale\" content=\"en_US\" \/>\n<meta property=\"og:type\" content=\"article\" \/>\n<meta property=\"og:title\" content=\"Av\u00eds legal\" \/>\n<meta property=\"og:description\" content=\"AV\u00cdS LEGALTITULARITAT DE LA WEB Denominaci\u00f3 social: EAPN CV (European Anti-Poverty Network \/ Xarxa Europea de Lluita contra la Pobresa en la Comunitat Valenciana)Registre de la entitat : CV-02-039733-V, ssecci\u00f3 2 del Registre Auton\u00f2mic de les Associacions de la Comunitat Valenciana.Identitat: xarxacv.eapn@gmail.comDomicili social: C\/ Uruguai, 13, 7\u00aa planta, of. 701Val\u00e8ncia- 46007CIF: G-97860019Tel\u00e8fon: 696965396Correu Electr\u00f2nic: xarxacv.eapn@gmail.comContacte: [&hellip;]\" \/>\n<meta property=\"og:url\" content=\"https:\/\/www.eapncv.org\/ca-val\/avis-legal\/\" \/>\n<meta property=\"og:site_name\" content=\"EAPN CV\" \/>\n<meta property=\"article:publisher\" content=\"https:\/\/www.facebook.com\/EAPNCV\" \/>\n<meta property=\"article:modified_time\" content=\"2025-09-03T12:53:42+00:00\" \/>\n<meta name=\"twitter:card\" content=\"summary_large_image\" \/>\n<meta name=\"twitter:site\" content=\"@xarxaeapncv\" \/>\n<meta name=\"twitter:label1\" content=\"Est. reading time\" \/>\n\t<meta name=\"twitter:data1\" content=\"9 minutes\" \/>\n<script type=\"application\/ld+json\" class=\"yoast-schema-graph\">{\"@context\":\"https:\/\/schema.org\",\"@graph\":[{\"@type\":\"WebPage\",\"@id\":\"https:\/\/www.eapncv.org\/ca-val\/avis-legal\/\",\"url\":\"https:\/\/www.eapncv.org\/ca-val\/avis-legal\/\",\"name\":\"Av\u00eds legal - EAPN CV\",\"isPartOf\":{\"@id\":\"https:\/\/www.eapncv.org\/#website\"},\"datePublished\":\"2020-11-02T14:16:47+00:00\",\"dateModified\":\"2025-09-03T12:53:42+00:00\",\"breadcrumb\":{\"@id\":\"https:\/\/www.eapncv.org\/ca-val\/avis-legal\/#breadcrumb\"},\"inLanguage\":\"ca-val\",\"potentialAction\":[{\"@type\":\"ReadAction\",\"target\":[\"https:\/\/www.eapncv.org\/ca-val\/avis-legal\/\"]}]},{\"@type\":\"BreadcrumbList\",\"@id\":\"https:\/\/www.eapncv.org\/ca-val\/avis-legal\/#breadcrumb\",\"itemListElement\":[{\"@type\":\"ListItem\",\"position\":1,\"name\":\"Portada\",\"item\":\"https:\/\/www.eapncv.org\/ca-val\/\"},{\"@type\":\"ListItem\",\"position\":2,\"name\":\"Av\u00eds legal\"}]},{\"@type\":\"WebSite\",\"@id\":\"https:\/\/www.eapncv.org\/#website\",\"url\":\"https:\/\/www.eapncv.org\/\",\"name\":\"EAPN CV\",\"description\":\"European Antipoverty Network \/ Xarxa Europea de Lluita contra la Pobresa\",\"publisher\":{\"@id\":\"https:\/\/www.eapncv.org\/#organization\"},\"potentialAction\":[{\"@type\":\"SearchAction\",\"target\":{\"@type\":\"EntryPoint\",\"urlTemplate\":\"https:\/\/www.eapncv.org\/?s={search_term_string}\"},\"query-input\":{\"@type\":\"PropertyValueSpecification\",\"valueRequired\":true,\"valueName\":\"search_term_string\"}}],\"inLanguage\":\"ca-val\"},{\"@type\":\"Organization\",\"@id\":\"https:\/\/www.eapncv.org\/#organization\",\"name\":\"EAPN CV\",\"url\":\"https:\/\/www.eapncv.org\/\",\"logo\":{\"@type\":\"ImageObject\",\"inLanguage\":\"ca-val\",\"@id\":\"https:\/\/www.eapncv.org\/#\/schema\/logo\/image\/\",\"url\":\"https:\/\/www.eapncv.org\/wp-content\/uploads\/2020\/10\/logoeapnOK-2013.jpg\",\"contentUrl\":\"https:\/\/www.eapncv.org\/wp-content\/uploads\/2020\/10\/logoeapnOK-2013.jpg\",\"width\":793,\"height\":287,\"caption\":\"EAPN CV\"},\"image\":{\"@id\":\"https:\/\/www.eapncv.org\/#\/schema\/logo\/image\/\"},\"sameAs\":[\"https:\/\/www.facebook.com\/EAPNCV\",\"https:\/\/x.com\/xarxaeapncv\",\"https:\/\/es.linkedin.com\/company\/eapn-cv\"]}]}<\/script>\n<!-- \/ Yoast SEO Premium plugin. -->","yoast_head_json":{"title":"Av\u00eds legal - EAPN CV","robots":{"index":"index","follow":"follow","max-snippet":"max-snippet:-1","max-image-preview":"max-image-preview:large","max-video-preview":"max-video-preview:-1"},"canonical":"https:\/\/www.eapncv.org\/ca-val\/avis-legal\/","og_locale":"en_US","og_type":"article","og_title":"Av\u00eds legal","og_description":"AV\u00cdS LEGALTITULARITAT DE LA WEB Denominaci\u00f3 social: EAPN CV (European Anti-Poverty Network \/ Xarxa Europea de Lluita contra la Pobresa en la Comunitat Valenciana)Registre de la entitat : CV-02-039733-V, ssecci\u00f3 2 del Registre Auton\u00f2mic de les Associacions de la Comunitat Valenciana.Identitat: xarxacv.eapn@gmail.comDomicili social: C\/ Uruguai, 13, 7\u00aa planta, of. 701Val\u00e8ncia- 46007CIF: G-97860019Tel\u00e8fon: 696965396Correu Electr\u00f2nic: xarxacv.eapn@gmail.comContacte: [&hellip;]","og_url":"https:\/\/www.eapncv.org\/ca-val\/avis-legal\/","og_site_name":"EAPN CV","article_publisher":"https:\/\/www.facebook.com\/EAPNCV","article_modified_time":"2025-09-03T12:53:42+00:00","twitter_card":"summary_large_image","twitter_site":"@xarxaeapncv","twitter_misc":{"Est. reading time":"9 minutes"},"schema":{"@context":"https:\/\/schema.org","@graph":[{"@type":"WebPage","@id":"https:\/\/www.eapncv.org\/ca-val\/avis-legal\/","url":"https:\/\/www.eapncv.org\/ca-val\/avis-legal\/","name":"Av\u00eds legal - EAPN CV","isPartOf":{"@id":"https:\/\/www.eapncv.org\/#website"},"datePublished":"2020-11-02T14:16:47+00:00","dateModified":"2025-09-03T12:53:42+00:00","breadcrumb":{"@id":"https:\/\/www.eapncv.org\/ca-val\/avis-legal\/#breadcrumb"},"inLanguage":"ca-val","potentialAction":[{"@type":"ReadAction","target":["https:\/\/www.eapncv.org\/ca-val\/avis-legal\/"]}]},{"@type":"BreadcrumbList","@id":"https:\/\/www.eapncv.org\/ca-val\/avis-legal\/#breadcrumb","itemListElement":[{"@type":"ListItem","position":1,"name":"Portada","item":"https:\/\/www.eapncv.org\/ca-val\/"},{"@type":"ListItem","position":2,"name":"Av\u00eds legal"}]},{"@type":"WebSite","@id":"https:\/\/www.eapncv.org\/#website","url":"https:\/\/www.eapncv.org\/","name":"EAPN CV","description":"European Antipoverty Network \/ Xarxa Europea de Lluita contra la Pobresa","publisher":{"@id":"https:\/\/www.eapncv.org\/#organization"},"potentialAction":[{"@type":"SearchAction","target":{"@type":"EntryPoint","urlTemplate":"https:\/\/www.eapncv.org\/?s={search_term_string}"},"query-input":{"@type":"PropertyValueSpecification","valueRequired":true,"valueName":"search_term_string"}}],"inLanguage":"ca-val"},{"@type":"Organization","@id":"https:\/\/www.eapncv.org\/#organization","name":"EAPN CV","url":"https:\/\/www.eapncv.org\/","logo":{"@type":"ImageObject","inLanguage":"ca-val","@id":"https:\/\/www.eapncv.org\/#\/schema\/logo\/image\/","url":"https:\/\/www.eapncv.org\/wp-content\/uploads\/2020\/10\/logoeapnOK-2013.jpg","contentUrl":"https:\/\/www.eapncv.org\/wp-content\/uploads\/2020\/10\/logoeapnOK-2013.jpg","width":793,"height":287,"caption":"EAPN CV"},"image":{"@id":"https:\/\/www.eapncv.org\/#\/schema\/logo\/image\/"},"sameAs":["https:\/\/www.facebook.com\/EAPNCV","https:\/\/x.com\/xarxaeapncv","https:\/\/es.linkedin.com\/company\/eapn-cv"]}]}},"_links":{"self":[{"href":"https:\/\/www.eapncv.org\/ca-val\/wp-json\/wp\/v2\/pages\/17561","targetHints":{"allow":["GET"]}}],"collection":[{"href":"https:\/\/www.eapncv.org\/ca-val\/wp-json\/wp\/v2\/pages"}],"about":[{"href":"https:\/\/www.eapncv.org\/ca-val\/wp-json\/wp\/v2\/types\/page"}],"author":[{"embeddable":true,"href":"https:\/\/www.eapncv.org\/ca-val\/wp-json\/wp\/v2\/users\/2"}],"replies":[{"embeddable":true,"href":"https:\/\/www.eapncv.org\/ca-val\/wp-json\/wp\/v2\/comments?post=17561"}],"version-history":[{"count":2,"href":"https:\/\/www.eapncv.org\/ca-val\/wp-json\/wp\/v2\/pages\/17561\/revisions"}],"predecessor-version":[{"id":17563,"href":"https:\/\/www.eapncv.org\/ca-val\/wp-json\/wp\/v2\/pages\/17561\/revisions\/17563"}],"wp:attachment":[{"href":"https:\/\/www.eapncv.org\/ca-val\/wp-json\/wp\/v2\/media?parent=17561"}],"curies":[{"name":"wp","href":"https:\/\/api.w.org\/{rel}","templated":true}]}}