{"id":17572,"date":"2025-01-27T10:34:54","date_gmt":"2025-01-27T09:34:54","guid":{"rendered":"https:\/\/www.eapncv.org\/eapn-cv-20-aniversari\/"},"modified":"2025-01-27T10:34:54","modified_gmt":"2025-01-27T09:34:54","slug":"eapn-cv-20-aniversari","status":"publish","type":"page","link":"https:\/\/www.eapncv.org\/ca-val\/eapn-cv-20-aniversari\/","title":{"rendered":"EAPN CV 20 ANIVERSARI"},"content":{"rendered":"<hr class=\"lineaSeparacion\">\n<h2 style=\"text-align: center;\"><b><span data-contrast=\"auto\"><span style=\"color: #7d2248;\">20 anys treballant contra la pobresa i per la inclusi\u00f3 social.<\/span><\/span><\/b><span data-ccp-props=\"{\"335551550\":2,\"335551620\":2}\"> <\/span><\/h2>\n<p>&nbsp;<\/p>\n<p><span data-contrast=\"auto\">El 3 de juny de 2005, nou entitats pioneres van unir les seues forces per donar vida a la Federaci\u00f3 <\/span><b><span data-contrast=\"auto\"><span style=\"color: #7d2248;\">Xarxa per la Inclusi\u00f3 Social de la Comunitat Valenciana. <\/span><\/span><\/b><span data-contrast=\"auto\">. La seua inscripci\u00f3 en el registre d\u2019associacions de la Generalitat Valenciana va ser el 18 d\u2019octubre de 2006. S\u2019iniciava llavors un cam\u00ed de comprom\u00eds i treball en xarxa que hui celebrem amb orgull.  <\/span><span data-ccp-props=\"{}\"> <\/span><\/p>\n<p><span data-ccp-props=\"{}\"> <\/span><\/p>\n<p><span data-contrast=\"auto\">El que va comen\u00e7ar sent una iniciativa de C\u00e0ritas de la Comunitat Valenciana, Fundaci\u00f3 Secretariat Gitano, Fundaci\u00f3 RAIS (actualment Hogar S\u00ed), AVAR, Creu Roja Comunitat Valenciana, la Plataforma contra la Pobresa, l\u2019Exclusi\u00f3 i la Desigualtat Social a Alacant, CEAR PV, Associaci\u00f3 Patim i FEYDA, s\u2019ha convertit en una xarxa que a finals de 2024 aglutina 40 entitats d\u2019inclusi\u00f3 social. Este creixement reflectix el comprom\u00eds creixent de les entitats del Tercer Sector per erradicar la pobresa i promoure la inclusi\u00f3 social.  <\/span><span data-ccp-props=\"{}\"> <\/span><\/p>\n<p><span data-contrast=\"auto\">Sota la presid\u00e8ncia de Soledad Gim\u00e9nez Torres, de C\u00e0ritas de la Comunitat Valenciana, EAPN CV va iniciar la seua marxa en 2005. El lideratge i visi\u00f3 de les entitats fundadores van resultar fonamentals per establir les bases d\u2019una organitzaci\u00f3 que hui \u00e9s referent en la lluita contra la pobresa i l\u2019exclusi\u00f3 social en la Comunitat Valenciana.  <\/span><span data-ccp-props=\"{}\"> <\/span><\/p>\n<p><span data-ccp-props=\"{}\"> <\/span><\/p>\n<p><span data-contrast=\"auto\">Al llarg d\u2019estes dues d\u00e8cades, EAPN CV ha aconseguit avan\u00e7os significatius en la defensa dels drets de les persones en situaci\u00f3 de major vulnerabilitat. Hem enfortit la nostra capacitat d\u2019incid\u00e8ncia i interlocuci\u00f3 pol\u00edtica, hem millorat la coordinaci\u00f3 entre les entitats que formen part de la xarxa i del Tercer Sector d\u2019Acci\u00f3 Social i hem ampliat la nostra pres\u00e8ncia en el territori, sent a m\u00e9s altaveu de les persones en situaci\u00f3 de major vulnerabilitat. Per tot aix\u00f2, en 2018   <\/span><b><span data-contrast=\"auto\"><span style=\"color: #7d2248;\">EAPN CV va ser reconeguda amb la Distinci\u00f3 de la Generalitat Valenciana al M\u00e8rit per Accions a favor de la Igualtat i per una societat inclusiva en els Premis 9 d\u2019Octubre.<\/span><\/span><\/b><span data-ccp-props=\"{}\"> <\/span><\/p>\n<p><span data-ccp-props=\"{}\"> <\/span><\/p>\n<p><span data-contrast=\"auto\">No obstant aix\u00f2, queda molt per fer. La pobresa i la desigualtat continuen sent desafiaments urgents en la nostra societat, i per aix\u00f2 renovem any rere any el nostre comprom\u00eds de continuar treballant sense descans per a construir una Comunitat Valenciana m\u00e9s justa i inclusiva.  <\/span><span data-ccp-props=\"{}\"> <\/span><\/p>\n<p><span data-ccp-props=\"{}\"> <\/span><\/p>\n<h2 style=\"text-align: center;\"><b><span data-contrast=\"auto\"><span style=\"color: #7d2248;\">Agra\u00efments <\/span><\/span><\/b><span data-ccp-props=\"{}\"> <\/span><\/h2>\n<p><span data-contrast=\"auto\">Despr\u00e9s d\u2019este recorregut, l\u2019actual <span style=\"color: #7d2248;\">EAPN CV \u2013 Xarxa Europea de Lluita contra la Pobresa en la Comunitat Valenciana<\/span> inicia els preparatius del nostre 20\u00e9 aniversari i volem expressar el m\u00e9s sincer agra\u00efment a totes les persones que han fet possible este projecte de xarxa d\u2019incid\u00e8ncia i interlocuci\u00f3 per a la millora de les pol\u00edtiques p\u00fabliques, l\u2019erradicaci\u00f3 de la pobresa i la dignitat de les persones en situaci\u00f3 de vulnerabilitat. <\/span><span data-ccp-props=\"{}\"> <\/span><\/p>\n<p><span data-ccp-props=\"{}\"> <\/span><\/p>\n<p><span data-contrast=\"auto\">Volem expressar agra\u00efment al comprom\u00eds, solidaritat i esfor\u00e7os compartits de les nostres entitats, i especialment de les persones que han estat participant professional i personalment tots estos anys en la <span style=\"color: #7d2248;\">Junta Directiva i en l\u2019Assemblea General d\u2019EAPN CV<\/span>, a les persones participants de programes del grup \u201cLa Veu\u201d, al personal t\u00e8cnic involucrat en els grups de treball, al voluntariat de les organitzacions, a les administracions p\u00fabliques que donen suport als nostres objectius i a totes aquelles persones que, d\u2019una o d\u2019una altra manera, contribu\u00efxen en la construcci\u00f3 d\u2019una societat m\u00e9s justa i inclusiva. <\/span><span data-ccp-props=\"{}\"> <\/span><\/p>\n<p><span data-ccp-props=\"{}\"> <\/span><\/p>\n<h3 style=\"text-align: center;\"><b><span data-contrast=\"auto\"><span style=\"color: #7d2248;\">Juntes som m\u00e9s fortes!<\/span><\/span><\/b><span data-ccp-props=\"{}\"> <\/span><\/h3>\n","protected":false},"excerpt":{"rendered":"<p>20 anys treballant contra la pobresa i per la inclusi\u00f3 social. &nbsp; El 3 de juny de 2005, nou entitats pioneres van unir les seues forces per donar vida a la Federaci\u00f3 Xarxa per la Inclusi\u00f3 Social de la Comunitat Valenciana. . La seua inscripci\u00f3 en el registre d\u2019associacions de la Generalitat Valenciana va ser [&hellip;]<\/p>\n","protected":false},"author":8,"featured_media":0,"parent":0,"menu_order":0,"comment_status":"closed","ping_status":"closed","template":"","meta":{"_acf_changed":false,"_et_pb_use_builder":"","_et_pb_old_content":"","_et_gb_content_width":"","footnotes":""},"class_list":["post-17572","page","type-page","status-publish","hentry"],"acf":[],"yoast_head":"<!-- This site is optimized with the Yoast SEO Premium plugin v24.5 (Yoast SEO v27.0) - https:\/\/yoast.com\/product\/yoast-seo-premium-wordpress\/ -->\n<title>EAPN CV 20 ANIVERSARI - EAPN CV<\/title>\n<meta name=\"robots\" content=\"index, follow, max-snippet:-1, max-image-preview:large, max-video-preview:-1\" \/>\n<link rel=\"canonical\" href=\"https:\/\/www.eapncv.org\/eapn-cv-20-aniversari\/\" \/>\n<meta property=\"og:locale\" content=\"en_US\" \/>\n<meta property=\"og:type\" content=\"article\" \/>\n<meta property=\"og:title\" content=\"EAPN CV 20 ANIVERSARI\" \/>\n<meta property=\"og:description\" content=\"20 anys treballant contra la pobresa i per la inclusi\u00f3 social. &nbsp; El 3 de juny de 2005, nou entitats pioneres van unir les seues forces per donar vida a la Federaci\u00f3 Xarxa per la Inclusi\u00f3 Social de la Comunitat Valenciana. . La seua inscripci\u00f3 en el registre d\u2019associacions de la Generalitat Valenciana va ser [&hellip;]\" \/>\n<meta property=\"og:url\" content=\"https:\/\/www.eapncv.org\/eapn-cv-20-aniversari\/\" \/>\n<meta property=\"og:site_name\" content=\"EAPN CV\" \/>\n<meta property=\"article:publisher\" content=\"https:\/\/www.facebook.com\/EAPNCV\" \/>\n<meta name=\"twitter:card\" content=\"summary_large_image\" \/>\n<meta name=\"twitter:site\" content=\"@xarxaeapncv\" \/>\n<meta name=\"twitter:label1\" content=\"Est. reading time\" \/>\n\t<meta name=\"twitter:data1\" content=\"3 minutes\" \/>\n<script type=\"application\/ld+json\" class=\"yoast-schema-graph\">{\"@context\":\"https:\/\/schema.org\",\"@graph\":[{\"@type\":\"WebPage\",\"@id\":\"https:\/\/www.eapncv.org\/eapn-cv-20-aniversari\/\",\"url\":\"https:\/\/www.eapncv.org\/eapn-cv-20-aniversari\/\",\"name\":\"EAPN CV 20 ANIVERSARI - EAPN CV\",\"isPartOf\":{\"@id\":\"https:\/\/www.eapncv.org\/#website\"},\"datePublished\":\"2025-01-27T09:34:54+00:00\",\"breadcrumb\":{\"@id\":\"https:\/\/www.eapncv.org\/eapn-cv-20-aniversari\/#breadcrumb\"},\"inLanguage\":\"ca-val\",\"potentialAction\":[{\"@type\":\"ReadAction\",\"target\":[\"https:\/\/www.eapncv.org\/eapn-cv-20-aniversari\/\"]}]},{\"@type\":\"BreadcrumbList\",\"@id\":\"https:\/\/www.eapncv.org\/eapn-cv-20-aniversari\/#breadcrumb\",\"itemListElement\":[{\"@type\":\"ListItem\",\"position\":1,\"name\":\"Portada\",\"item\":\"https:\/\/www.eapncv.org\/ca-val\/\"},{\"@type\":\"ListItem\",\"position\":2,\"name\":\"EAPN CV 20 ANIVERSARI\"}]},{\"@type\":\"WebSite\",\"@id\":\"https:\/\/www.eapncv.org\/#website\",\"url\":\"https:\/\/www.eapncv.org\/\",\"name\":\"EAPN CV\",\"description\":\"European Antipoverty Network \/ Xarxa Europea de Lluita contra la Pobresa\",\"publisher\":{\"@id\":\"https:\/\/www.eapncv.org\/#organization\"},\"potentialAction\":[{\"@type\":\"SearchAction\",\"target\":{\"@type\":\"EntryPoint\",\"urlTemplate\":\"https:\/\/www.eapncv.org\/?s={search_term_string}\"},\"query-input\":{\"@type\":\"PropertyValueSpecification\",\"valueRequired\":true,\"valueName\":\"search_term_string\"}}],\"inLanguage\":\"ca-val\"},{\"@type\":\"Organization\",\"@id\":\"https:\/\/www.eapncv.org\/#organization\",\"name\":\"EAPN CV\",\"url\":\"https:\/\/www.eapncv.org\/\",\"logo\":{\"@type\":\"ImageObject\",\"inLanguage\":\"ca-val\",\"@id\":\"https:\/\/www.eapncv.org\/#\/schema\/logo\/image\/\",\"url\":\"https:\/\/www.eapncv.org\/wp-content\/uploads\/2020\/10\/logoeapnOK-2013.jpg\",\"contentUrl\":\"https:\/\/www.eapncv.org\/wp-content\/uploads\/2020\/10\/logoeapnOK-2013.jpg\",\"width\":793,\"height\":287,\"caption\":\"EAPN CV\"},\"image\":{\"@id\":\"https:\/\/www.eapncv.org\/#\/schema\/logo\/image\/\"},\"sameAs\":[\"https:\/\/www.facebook.com\/EAPNCV\",\"https:\/\/x.com\/xarxaeapncv\",\"https:\/\/es.linkedin.com\/company\/eapn-cv\"]}]}<\/script>\n<!-- \/ Yoast SEO Premium plugin. -->","yoast_head_json":{"title":"EAPN CV 20 ANIVERSARI - EAPN CV","robots":{"index":"index","follow":"follow","max-snippet":"max-snippet:-1","max-image-preview":"max-image-preview:large","max-video-preview":"max-video-preview:-1"},"canonical":"https:\/\/www.eapncv.org\/eapn-cv-20-aniversari\/","og_locale":"en_US","og_type":"article","og_title":"EAPN CV 20 ANIVERSARI","og_description":"20 anys treballant contra la pobresa i per la inclusi\u00f3 social. &nbsp; El 3 de juny de 2005, nou entitats pioneres van unir les seues forces per donar vida a la Federaci\u00f3 Xarxa per la Inclusi\u00f3 Social de la Comunitat Valenciana. . La seua inscripci\u00f3 en el registre d\u2019associacions de la Generalitat Valenciana va ser [&hellip;]","og_url":"https:\/\/www.eapncv.org\/eapn-cv-20-aniversari\/","og_site_name":"EAPN CV","article_publisher":"https:\/\/www.facebook.com\/EAPNCV","twitter_card":"summary_large_image","twitter_site":"@xarxaeapncv","twitter_misc":{"Est. reading time":"3 minutes"},"schema":{"@context":"https:\/\/schema.org","@graph":[{"@type":"WebPage","@id":"https:\/\/www.eapncv.org\/eapn-cv-20-aniversari\/","url":"https:\/\/www.eapncv.org\/eapn-cv-20-aniversari\/","name":"EAPN CV 20 ANIVERSARI - EAPN CV","isPartOf":{"@id":"https:\/\/www.eapncv.org\/#website"},"datePublished":"2025-01-27T09:34:54+00:00","breadcrumb":{"@id":"https:\/\/www.eapncv.org\/eapn-cv-20-aniversari\/#breadcrumb"},"inLanguage":"ca-val","potentialAction":[{"@type":"ReadAction","target":["https:\/\/www.eapncv.org\/eapn-cv-20-aniversari\/"]}]},{"@type":"BreadcrumbList","@id":"https:\/\/www.eapncv.org\/eapn-cv-20-aniversari\/#breadcrumb","itemListElement":[{"@type":"ListItem","position":1,"name":"Portada","item":"https:\/\/www.eapncv.org\/ca-val\/"},{"@type":"ListItem","position":2,"name":"EAPN CV 20 ANIVERSARI"}]},{"@type":"WebSite","@id":"https:\/\/www.eapncv.org\/#website","url":"https:\/\/www.eapncv.org\/","name":"EAPN CV","description":"European Antipoverty Network \/ Xarxa Europea de Lluita contra la Pobresa","publisher":{"@id":"https:\/\/www.eapncv.org\/#organization"},"potentialAction":[{"@type":"SearchAction","target":{"@type":"EntryPoint","urlTemplate":"https:\/\/www.eapncv.org\/?s={search_term_string}"},"query-input":{"@type":"PropertyValueSpecification","valueRequired":true,"valueName":"search_term_string"}}],"inLanguage":"ca-val"},{"@type":"Organization","@id":"https:\/\/www.eapncv.org\/#organization","name":"EAPN CV","url":"https:\/\/www.eapncv.org\/","logo":{"@type":"ImageObject","inLanguage":"ca-val","@id":"https:\/\/www.eapncv.org\/#\/schema\/logo\/image\/","url":"https:\/\/www.eapncv.org\/wp-content\/uploads\/2020\/10\/logoeapnOK-2013.jpg","contentUrl":"https:\/\/www.eapncv.org\/wp-content\/uploads\/2020\/10\/logoeapnOK-2013.jpg","width":793,"height":287,"caption":"EAPN CV"},"image":{"@id":"https:\/\/www.eapncv.org\/#\/schema\/logo\/image\/"},"sameAs":["https:\/\/www.facebook.com\/EAPNCV","https:\/\/x.com\/xarxaeapncv","https:\/\/es.linkedin.com\/company\/eapn-cv"]}]}},"_links":{"self":[{"href":"https:\/\/www.eapncv.org\/ca-val\/wp-json\/wp\/v2\/pages\/17572","targetHints":{"allow":["GET"]}}],"collection":[{"href":"https:\/\/www.eapncv.org\/ca-val\/wp-json\/wp\/v2\/pages"}],"about":[{"href":"https:\/\/www.eapncv.org\/ca-val\/wp-json\/wp\/v2\/types\/page"}],"author":[{"embeddable":true,"href":"https:\/\/www.eapncv.org\/ca-val\/wp-json\/wp\/v2\/users\/8"}],"replies":[{"embeddable":true,"href":"https:\/\/www.eapncv.org\/ca-val\/wp-json\/wp\/v2\/comments?post=17572"}],"version-history":[{"count":0,"href":"https:\/\/www.eapncv.org\/ca-val\/wp-json\/wp\/v2\/pages\/17572\/revisions"}],"wp:attachment":[{"href":"https:\/\/www.eapncv.org\/ca-val\/wp-json\/wp\/v2\/media?parent=17572"}],"curies":[{"name":"wp","href":"https:\/\/api.w.org\/{rel}","templated":true}]}}