{"id":17577,"date":"2025-02-05T13:35:28","date_gmt":"2025-02-05T12:35:28","guid":{"rendered":"https:\/\/www.eapncv.org\/materials-i-guies-eapn-cv\/"},"modified":"2025-11-10T09:41:12","modified_gmt":"2025-11-10T08:41:12","slug":"materials-i-guies-eapn-cv","status":"publish","type":"page","link":"https:\/\/www.eapncv.org\/ca-val\/documents\/materials-i-guies-eapn-cv\/","title":{"rendered":"MATERIALS I GUIES EAPN CV"},"content":{"rendered":"<p>[et_pb_section fb_built=&#8221;1&#8243; _builder_version=&#8221;4.16&#8243; _module_preset=&#8221;default&#8221; global_colors_info=&#8221;{}&#8221;][et_pb_row _builder_version=&#8221;4.16&#8243; _module_preset=&#8221;default&#8221; collapsed=&#8221;on&#8221; global_colors_info=&#8221;{}&#8221;][et_pb_column type=&#8221;4_4&#8243; _builder_version=&#8221;4.16&#8243; _module_preset=&#8221;default&#8221; global_colors_info=&#8221;{}&#8221;][et_pb_post_title meta=&#8221;off&#8221; featured_image=&#8221;off&#8221; _builder_version=&#8221;4.16&#8243; _module_preset=&#8221;default&#8221; title_text_align=&#8221;center&#8221; global_colors_info=&#8221;{}&#8221;][\/et_pb_post_title][et_pb_divider color=&#8221;#7D2248&#8243; divider_weight=&#8221;3px&#8221; _builder_version=&#8221;4.16&#8243; _module_preset=&#8221;default&#8221; width=&#8221;27em&#8221; module_alignment=&#8221;center&#8221; global_colors_info=&#8221;{}&#8221;][\/et_pb_divider][\/et_pb_column][\/et_pb_row][et_pb_row _builder_version=&#8221;4.16&#8243; _module_preset=&#8221;default&#8221; collapsed=&#8221;off&#8221; global_colors_info=&#8221;{}&#8221;][et_pb_column type=&#8221;4_4&#8243; _builder_version=&#8221;4.16&#8243; _module_preset=&#8221;default&#8221; global_colors_info=&#8221;{}&#8221;][et_pb_tabs _builder_version=&#8221;4.27.4&#8243; _module_preset=&#8221;default&#8221; hover_enabled=&#8221;0&#8243; global_colors_info=&#8221;{}&#8221; sticky_enabled=&#8221;0&#8243;][et_pb_tab title=&#8221;2025&#8243; _builder_version=&#8221;4.27.4&#8243; _module_preset=&#8221;default&#8221; hover_enabled=&#8221;0&#8243; global_colors_info=&#8221;{}&#8221; sticky_enabled=&#8221;0&#8243;]<\/p>\n<table>\n<tbody>\n<tr>\n<td style=\"width: 17%;\"><a href=\"https:\/\/www.eapncv.org\/wp-content\/uploads\/PRESENTACIO-FOMENT-VOLUNTARIAT.pdf\" rel=\"attachment wp-att-1456\"><span style=\"font-size: 8em; color: #7d2248;\"><i class=\"far fa-file-alt\"><\/i><\/span><\/a><\/td>\n<td><a href=\"https:\/\/www.eapncv.org\/wp-content\/uploads\/PRESENTACIO-FOMENT-VOLUNTARIAT.pdf\" rel=\"attachment wp-att-1463\">PRESENTACI\u00d3 FOMENT DEL VOLUNTARIAT<\/a><\/td>\n<\/tr>\n<\/tbody>\n<\/table>\n<table>\n<tbody>\n<tr>\n<td style=\"width: 17%;\"><a href=\"https:\/\/www.eapncv.org\/wp-content\/uploads\/VAL25-EN-MARXA-PER-LA-INCLUSIO.pdf\" rel=\"attachment wp-att-1456\"><span style=\"font-size: 8em; color: #7d2248;\"><i class=\"far fa-file-alt\"><\/i><\/span><\/a><\/td>\n<td><a href=\"https:\/\/www.eapncv.org\/wp-content\/uploads\/VAL25-EN-MARXA-PER-LA-INCLUSIO.pdf\" rel=\"attachment wp-att-1463\">PRESENTACI\u00d3 EN MARXA PER LA INCLUSI\u00d3<\/a><\/td>\n<\/tr>\n<\/tbody>\n<\/table>\n<table>\n<tbody>\n<tr>\n<td style=\"width: 17%;\"><a href=\"https:\/\/www.eapncv.org\/wp-content\/uploads\/FORMACIONN-VOLUNTARIADO-JUNY-2025-3.pdf\" rel=\"attachment wp-att-1456\"><span style=\"font-size: 8em; color: #7d2248;\"><i class=\"far fa-file-alt\"><\/i><\/span><\/a><\/td>\n<td><a href=\"https:\/\/www.eapncv.org\/wp-content\/uploads\/FORMACIONN-VOLUNTARIADO-JUNY-2025-3.pdf\" rel=\"attachment wp-att-1463\">TALLER FORMATIU VOLUNTARIAT: CLAUS PER A ENTENDRE I COMBATRE L&#8217;EXCLUSI\u00d3 I LA POBRESA<\/a><\/td>\n<\/tr>\n<\/tbody>\n<\/table>\n<table>\n<tbody>\n<tr>\n<td style=\"width: 17%;\"><a href=\"https:\/\/www.eapncv.org\/wp-content\/uploads\/FORMACIO-INPAVI.pdf\" rel=\"attachment wp-att-1456\"><span style=\"font-size: 8em; color: #7d2248;\"><i class=\"far fa-file-alt\"><\/i><\/span><\/a><\/td>\n<td><a href=\"https:\/\/www.eapncv.org\/wp-content\/uploads\/FORMACIO-INPAVI.pdf\" rel=\"attachment wp-att-1463\">TALLER FORMATIU VOLUNTARIAT ENTITATS: CAPACITACI\u00d3 EQUIPS VOLUNTARIAT I T\u00c8CNICS EN MATERIA DE POBRESA I TREBALL EN XARXA<\/a><\/td>\n<\/tr>\n<\/tbody>\n<\/table>\n<table>\n<tbody>\n<tr>\n<td style=\"width: 17%;\"><a href=\"https:\/\/www.eapncv.org\/wp-content\/uploads\/2025-GUIA-DE-RECURSOS-VALENCIA-6-2.pdf\" rel=\"attachment wp-att-1456\"><span style=\"font-size: 8em; color: #7d2248;\"><i class=\"far fa-file-alt\"><\/i><\/span><\/a><\/td>\n<td><a href=\"https:\/\/www.eapncv.org\/wp-content\/uploads\/2025-GUIA-DE-RECURSOS-VALENCIA-6-2.pdf\" rel=\"attachment wp-att-1463\">GUIA DE RECURSOS: EAPN CV PER LA IGUALTAT DE TRACTE I LA NO DISCRIMINACI\u00d3<\/a><\/td>\n<\/tr>\n<\/tbody>\n<\/table>\n<table>\n<tbody>\n<tr>\n<td style=\"width: 17%;\"><a href=\"https:\/\/www.eapncv.org\/wp-content\/uploads\/25-GUIA-ENTIDADES-VOLUNTARIADO-EAPN-CV.pdf\" rel=\"attachment wp-att-1456\"><span style=\"font-size: 8em; color: #7d2248;\"><i class=\"far fa-file-alt\"><\/i><\/span><\/a><\/td>\n<td><a href=\"https:\/\/www.eapncv.org\/wp-content\/uploads\/25-GUIA-ENTIDADES-VOLUNTARIADO-EAPN-CV.pdf\" rel=\"attachment wp-att-1463\">GUIA DE ENTITATS VOLUNTARIAT EAPN CV 2025<\/a><\/td>\n<\/tr>\n<\/tbody>\n<\/table>\n<p>[\/et_pb_tab][et_pb_tab title=&#8221;2024&#8243; _builder_version=&#8221;4.27.4&#8243; _module_preset=&#8221;default&#8221; global_colors_info=&#8221;{}&#8221;]<\/p>\n<table>\n<tbody>\n<tr>\n<td style=\"width: 17%;\"><a href=\"https:\/\/www.eapncv.org\/wp-content\/uploads\/2024-GUIA-DE-RECURSOS-CASTELLANO.pdf\" rel=\"attachment wp-att-1456\"><span style=\"font-size: 8em; color: #7d2248;\"><i class=\"far fa-file-alt\"><\/i><\/span><\/a><\/td>\n<td><a href=\"https:\/\/www.eapncv.org\/wp-content\/uploads\/2024-GUIA-DE-RECURSOS-CASTELLANO.pdf\" rel=\"attachment wp-att-1463\">2024 GU\u00cdA DE RECURSOS CONTRA LA DISCRIMINACI\u00d3, APOROF\u00d2BIA I EL DISCURS D&#8217;ODI<\/a><\/td>\n<\/tr>\n<\/tbody>\n<\/table>\n<table>\n<tbody>\n<tr>\n<td style=\"width: 17%;\"><a href=\"https:\/\/www.eapncv.org\/wp-content\/uploads\/GUIA-ENTIDADES-VOLUNTARIADO-EAPN-CV.pdf\" rel=\"attachment wp-att-1456\"><span style=\"font-size: 8em; color: #7d2248;\"><i class=\"far fa-file-alt\"><\/i><\/span><\/a><\/td>\n<td><a href=\"https:\/\/www.eapncv.org\/wp-content\/uploads\/GUIA-ENTIDADES-VOLUNTARIADO-EAPN-CV.pdf\" rel=\"attachment wp-att-1463\">GUIA DE VOLUNTARIAT<\/a><\/td>\n<\/tr>\n<\/tbody>\n<\/table>\n<table>\n<tbody>\n<tr>\n<td style=\"width: 17%;\"><a href=\"https:\/\/www.eapncv.org\/wp-content\/uploads\/FORMACIONES-IVAFIQ.pdf\" rel=\"attachment wp-att-1456\"><span style=\"font-size: 8em; color: #7d2248;\"><i class=\"far fa-file-alt\"><\/i><\/span><\/a><\/td>\n<td><a href=\"https:\/\/www.eapncv.org\/wp-content\/uploads\/FORMACIONES-IVAFIQ.pdf\" rel=\"attachment wp-att-1463\">FORMACIONES IVAFIQ<\/a><\/td>\n<\/tr>\n<\/tbody>\n<\/table>\n<table>\n<tbody>\n<tr>\n<td style=\"width: 17%;\"><a href=\"https:\/\/www.eapncv.org\/wp-content\/uploads\/PRESENTACIO-EN-MARXA-PER-LA-INCLUSIO.pdf\" rel=\"attachment wp-att-1456\"><span style=\"font-size: 8em; color: #7d2248;\"><i class=\"far fa-file-alt\"><\/i><\/span><\/a><\/td>\n<td><a href=\"https:\/\/www.eapncv.org\/wp-content\/uploads\/PRESENTACIO-EN-MARXA-PER-LA-INCLUSIO.pdf\" rel=\"attachment wp-att-1463\">PRESENTACI\u00d3 &#8211; EN MARXA PER LA INCLUSI\u00d3<\/a><\/td>\n<\/tr>\n<\/tbody>\n<\/table>\n<table>\n<tbody>\n<tr>\n<td style=\"width: 17%;\"><a href=\"https:\/\/www.eapncv.org\/wp-content\/uploads\/IGUALDAD-DE-TRATO-Y-NO-DISCRIMINIACION.pdf\" rel=\"attachment wp-att-1456\"><span style=\"font-size: 8em; color: #7d2248;\"><i class=\"far fa-file-alt\"><\/i><\/span><\/a><\/td>\n<td><a href=\"https:\/\/www.eapncv.org\/wp-content\/uploads\/IGUALDAD-DE-TRATO-Y-NO-DISCRIMINIACION.pdf\" rel=\"attachment wp-att-1463\">FORMACI\u00d3N EAPN CV &#8211; IGUALDAD DE TRATO Y NO DISCRIMINACI\u00d3N<\/a><\/td>\n<\/tr>\n<\/tbody>\n<\/table>\n<table>\n<tbody>\n<tr>\n<td style=\"width: 17%;\"><a href=\"https:\/\/www.eapncv.org\/wp-content\/uploads\/CONSTRUCCION-DISCURSO.pdf\" rel=\"attachment wp-att-1456\"><span style=\"font-size: 8em; color: #7d2248;\"><i class=\"far fa-file-alt\"><\/i><\/span><\/a><\/td>\n<td><a href=\"https:\/\/www.eapncv.org\/wp-content\/uploads\/CONSTRUCCION-DISCURSO.pdf\" rel=\"attachment wp-att-1463\">CAPACITACIO\u0301N COMUNICAR SIN DISCRIMINAR<\/a><\/td>\n<\/tr>\n<\/tbody>\n<\/table>\n<table>\n<tbody>\n<tr>\n<td style=\"width: 17%;\"><a href=\"https:\/\/www.eapncv.org\/wp-content\/uploads\/JUNTES-FRENEM-LA-DISCRIMINACIO-I-SUPEREM-L%C2%B4ODI.pdf\" rel=\"attachment wp-att-1456\"><span style=\"font-size: 8em; color: #7d2248;\"><i class=\"far fa-file-alt\"><\/i><\/span><\/a><\/td>\n<td><a href=\"https:\/\/www.eapncv.org\/wp-content\/uploads\/JUNTES-FRENEM-LA-DISCRIMINACIO-I-SUPEREM-L%C2%B4ODI-4.pdf\" rel=\"attachment wp-att-1463\">TALLER JUNTES FRENEM LA DISCRIMINACI\u00d3 I SUPEREM L\u00b4ODI<\/a><\/td>\n<\/tr>\n<\/tbody>\n<\/table>\n<p>[\/et_pb_tab][et_pb_tab title=&#8221;2022&#8243; _builder_version=&#8221;4.27.4&#8243; _module_preset=&#8221;default&#8221; custom_css_main_element=&#8221;||||&#8221; global_colors_info=&#8221;{}&#8221;]<\/p>\n<table>\n<tbody>\n<tr>\n<td style=\"width:17%;\">\n<a href=\"https:\/\/www.eapncv.org\/wp-content\/uploads\/GUIA-DE-RECURSOS-VALENCIA-OK.pdf\" rel=\"attachment wp-att-1456\"><span style=\"font-size: 8em; color: #7D2248;\"><i class=\"far fa-file-alt\"><\/i><\/span><\/a><\/td>\n<td><a href=\"https:\/\/www.eapncv.org\/wp-content\/uploads\/GUIA-DE-RECURSOS-VALENCIA-OK.pdf\" rel=\"attachment wp-att-1463\">GUIA DE RECURSOS CONTRA LA DISCRIMINACI\u00d3, APORAF\u00d2BIA I EL DISCURS D&#8217;ODI. #JUNTESFRENEMLODI<\/a><\/td>\n<\/tr>\n<\/tbody>\n<\/table>\n<p>[\/et_pb_tab][\/et_pb_tabs][\/et_pb_column][\/et_pb_row][\/et_pb_section]<\/p>\n","protected":false},"excerpt":{"rendered":"<p>PRESENTACI\u00d3 FOMENT DEL VOLUNTARIAT PRESENTACI\u00d3 EN MARXA PER LA INCLUSI\u00d3 TALLER FORMATIU VOLUNTARIAT: CLAUS PER A ENTENDRE I COMBATRE L&#8217;EXCLUSI\u00d3 I LA POBRESA TALLER FORMATIU VOLUNTARIAT ENTITATS: CAPACITACI\u00d3 EQUIPS VOLUNTARIAT I T\u00c8CNICS EN MATERIA DE POBRESA I TREBALL EN XARXA GUIA DE RECURSOS: EAPN CV PER LA IGUALTAT DE TRACTE I LA NO DISCRIMINACI\u00d3 GUIA [&hellip;]<\/p>\n","protected":false},"author":8,"featured_media":0,"parent":17586,"menu_order":3,"comment_status":"closed","ping_status":"closed","template":"","meta":{"_acf_changed":false,"_et_pb_use_builder":"on","_et_pb_old_content":"","_et_gb_content_width":"","footnotes":""},"class_list":["post-17577","page","type-page","status-publish","hentry"],"acf":[],"yoast_head":"<!-- This site is optimized with the Yoast SEO Premium plugin v24.5 (Yoast SEO v27.0) - https:\/\/yoast.com\/product\/yoast-seo-premium-wordpress\/ -->\n<title>MATERIALS I GUIES EAPN CV - EAPN CV<\/title>\n<meta name=\"robots\" content=\"index, follow, max-snippet:-1, max-image-preview:large, max-video-preview:-1\" \/>\n<link rel=\"canonical\" href=\"https:\/\/www.eapncv.org\/ca-val\/documents\/materials-i-guies-eapn-cv\/\" \/>\n<meta property=\"og:locale\" content=\"en_US\" \/>\n<meta property=\"og:type\" content=\"article\" \/>\n<meta property=\"og:title\" content=\"MATERIALS I GUIES EAPN CV\" \/>\n<meta property=\"og:description\" content=\"PRESENTACI\u00d3 FOMENT DEL VOLUNTARIAT PRESENTACI\u00d3 EN MARXA PER LA INCLUSI\u00d3 TALLER FORMATIU VOLUNTARIAT: CLAUS PER A ENTENDRE I COMBATRE L&#039;EXCLUSI\u00d3 I LA POBRESA TALLER FORMATIU VOLUNTARIAT ENTITATS: CAPACITACI\u00d3 EQUIPS VOLUNTARIAT I T\u00c8CNICS EN MATERIA DE POBRESA I TREBALL EN XARXA GUIA DE RECURSOS: EAPN CV PER LA IGUALTAT DE TRACTE I LA NO DISCRIMINACI\u00d3 GUIA [&hellip;]\" \/>\n<meta property=\"og:url\" content=\"https:\/\/www.eapncv.org\/ca-val\/documents\/materials-i-guies-eapn-cv\/\" \/>\n<meta property=\"og:site_name\" content=\"EAPN CV\" \/>\n<meta property=\"article:publisher\" content=\"https:\/\/www.facebook.com\/EAPNCV\" \/>\n<meta property=\"article:modified_time\" content=\"2025-11-10T08:41:12+00:00\" \/>\n<meta name=\"twitter:card\" content=\"summary_large_image\" \/>\n<meta name=\"twitter:site\" content=\"@xarxaeapncv\" \/>\n<meta name=\"twitter:label1\" content=\"Est. reading time\" \/>\n\t<meta name=\"twitter:data1\" content=\"1 minute\" \/>\n<script type=\"application\/ld+json\" class=\"yoast-schema-graph\">{\"@context\":\"https:\/\/schema.org\",\"@graph\":[{\"@type\":\"WebPage\",\"@id\":\"https:\/\/www.eapncv.org\/ca-val\/documents\/materials-i-guies-eapn-cv\/\",\"url\":\"https:\/\/www.eapncv.org\/ca-val\/documents\/materials-i-guies-eapn-cv\/\",\"name\":\"MATERIALS I GUIES EAPN CV - EAPN CV\",\"isPartOf\":{\"@id\":\"https:\/\/www.eapncv.org\/#website\"},\"datePublished\":\"2025-02-05T12:35:28+00:00\",\"dateModified\":\"2025-11-10T08:41:12+00:00\",\"breadcrumb\":{\"@id\":\"https:\/\/www.eapncv.org\/ca-val\/documents\/materials-i-guies-eapn-cv\/#breadcrumb\"},\"inLanguage\":\"ca-val\",\"potentialAction\":[{\"@type\":\"ReadAction\",\"target\":[\"https:\/\/www.eapncv.org\/ca-val\/documents\/materials-i-guies-eapn-cv\/\"]}]},{\"@type\":\"BreadcrumbList\",\"@id\":\"https:\/\/www.eapncv.org\/ca-val\/documents\/materials-i-guies-eapn-cv\/#breadcrumb\",\"itemListElement\":[{\"@type\":\"ListItem\",\"position\":1,\"name\":\"Portada\",\"item\":\"https:\/\/www.eapncv.org\/ca-val\/\"},{\"@type\":\"ListItem\",\"position\":2,\"name\":\"DOCUMENTS\",\"item\":\"https:\/\/www.eapncv.org\/documents\/\"},{\"@type\":\"ListItem\",\"position\":3,\"name\":\"MATERIALS I GUIES EAPN CV\"}]},{\"@type\":\"WebSite\",\"@id\":\"https:\/\/www.eapncv.org\/#website\",\"url\":\"https:\/\/www.eapncv.org\/\",\"name\":\"EAPN CV\",\"description\":\"European Antipoverty Network \/ Xarxa Europea de Lluita contra la Pobresa\",\"publisher\":{\"@id\":\"https:\/\/www.eapncv.org\/#organization\"},\"potentialAction\":[{\"@type\":\"SearchAction\",\"target\":{\"@type\":\"EntryPoint\",\"urlTemplate\":\"https:\/\/www.eapncv.org\/?s={search_term_string}\"},\"query-input\":{\"@type\":\"PropertyValueSpecification\",\"valueRequired\":true,\"valueName\":\"search_term_string\"}}],\"inLanguage\":\"ca-val\"},{\"@type\":\"Organization\",\"@id\":\"https:\/\/www.eapncv.org\/#organization\",\"name\":\"EAPN CV\",\"url\":\"https:\/\/www.eapncv.org\/\",\"logo\":{\"@type\":\"ImageObject\",\"inLanguage\":\"ca-val\",\"@id\":\"https:\/\/www.eapncv.org\/#\/schema\/logo\/image\/\",\"url\":\"https:\/\/www.eapncv.org\/wp-content\/uploads\/2020\/10\/logoeapnOK-2013.jpg\",\"contentUrl\":\"https:\/\/www.eapncv.org\/wp-content\/uploads\/2020\/10\/logoeapnOK-2013.jpg\",\"width\":793,\"height\":287,\"caption\":\"EAPN CV\"},\"image\":{\"@id\":\"https:\/\/www.eapncv.org\/#\/schema\/logo\/image\/\"},\"sameAs\":[\"https:\/\/www.facebook.com\/EAPNCV\",\"https:\/\/x.com\/xarxaeapncv\",\"https:\/\/es.linkedin.com\/company\/eapn-cv\"]}]}<\/script>\n<!-- \/ Yoast SEO Premium plugin. -->","yoast_head_json":{"title":"MATERIALS I GUIES EAPN CV - EAPN CV","robots":{"index":"index","follow":"follow","max-snippet":"max-snippet:-1","max-image-preview":"max-image-preview:large","max-video-preview":"max-video-preview:-1"},"canonical":"https:\/\/www.eapncv.org\/ca-val\/documents\/materials-i-guies-eapn-cv\/","og_locale":"en_US","og_type":"article","og_title":"MATERIALS I GUIES EAPN CV","og_description":"PRESENTACI\u00d3 FOMENT DEL VOLUNTARIAT PRESENTACI\u00d3 EN MARXA PER LA INCLUSI\u00d3 TALLER FORMATIU VOLUNTARIAT: CLAUS PER A ENTENDRE I COMBATRE L'EXCLUSI\u00d3 I LA POBRESA TALLER FORMATIU VOLUNTARIAT ENTITATS: CAPACITACI\u00d3 EQUIPS VOLUNTARIAT I T\u00c8CNICS EN MATERIA DE POBRESA I TREBALL EN XARXA GUIA DE RECURSOS: EAPN CV PER LA IGUALTAT DE TRACTE I LA NO DISCRIMINACI\u00d3 GUIA [&hellip;]","og_url":"https:\/\/www.eapncv.org\/ca-val\/documents\/materials-i-guies-eapn-cv\/","og_site_name":"EAPN CV","article_publisher":"https:\/\/www.facebook.com\/EAPNCV","article_modified_time":"2025-11-10T08:41:12+00:00","twitter_card":"summary_large_image","twitter_site":"@xarxaeapncv","twitter_misc":{"Est. reading time":"1 minute"},"schema":{"@context":"https:\/\/schema.org","@graph":[{"@type":"WebPage","@id":"https:\/\/www.eapncv.org\/ca-val\/documents\/materials-i-guies-eapn-cv\/","url":"https:\/\/www.eapncv.org\/ca-val\/documents\/materials-i-guies-eapn-cv\/","name":"MATERIALS I GUIES EAPN CV - EAPN CV","isPartOf":{"@id":"https:\/\/www.eapncv.org\/#website"},"datePublished":"2025-02-05T12:35:28+00:00","dateModified":"2025-11-10T08:41:12+00:00","breadcrumb":{"@id":"https:\/\/www.eapncv.org\/ca-val\/documents\/materials-i-guies-eapn-cv\/#breadcrumb"},"inLanguage":"ca-val","potentialAction":[{"@type":"ReadAction","target":["https:\/\/www.eapncv.org\/ca-val\/documents\/materials-i-guies-eapn-cv\/"]}]},{"@type":"BreadcrumbList","@id":"https:\/\/www.eapncv.org\/ca-val\/documents\/materials-i-guies-eapn-cv\/#breadcrumb","itemListElement":[{"@type":"ListItem","position":1,"name":"Portada","item":"https:\/\/www.eapncv.org\/ca-val\/"},{"@type":"ListItem","position":2,"name":"DOCUMENTS","item":"https:\/\/www.eapncv.org\/documents\/"},{"@type":"ListItem","position":3,"name":"MATERIALS I GUIES EAPN CV"}]},{"@type":"WebSite","@id":"https:\/\/www.eapncv.org\/#website","url":"https:\/\/www.eapncv.org\/","name":"EAPN CV","description":"European Antipoverty Network \/ Xarxa Europea de Lluita contra la Pobresa","publisher":{"@id":"https:\/\/www.eapncv.org\/#organization"},"potentialAction":[{"@type":"SearchAction","target":{"@type":"EntryPoint","urlTemplate":"https:\/\/www.eapncv.org\/?s={search_term_string}"},"query-input":{"@type":"PropertyValueSpecification","valueRequired":true,"valueName":"search_term_string"}}],"inLanguage":"ca-val"},{"@type":"Organization","@id":"https:\/\/www.eapncv.org\/#organization","name":"EAPN CV","url":"https:\/\/www.eapncv.org\/","logo":{"@type":"ImageObject","inLanguage":"ca-val","@id":"https:\/\/www.eapncv.org\/#\/schema\/logo\/image\/","url":"https:\/\/www.eapncv.org\/wp-content\/uploads\/2020\/10\/logoeapnOK-2013.jpg","contentUrl":"https:\/\/www.eapncv.org\/wp-content\/uploads\/2020\/10\/logoeapnOK-2013.jpg","width":793,"height":287,"caption":"EAPN CV"},"image":{"@id":"https:\/\/www.eapncv.org\/#\/schema\/logo\/image\/"},"sameAs":["https:\/\/www.facebook.com\/EAPNCV","https:\/\/x.com\/xarxaeapncv","https:\/\/es.linkedin.com\/company\/eapn-cv"]}]}},"_links":{"self":[{"href":"https:\/\/www.eapncv.org\/ca-val\/wp-json\/wp\/v2\/pages\/17577","targetHints":{"allow":["GET"]}}],"collection":[{"href":"https:\/\/www.eapncv.org\/ca-val\/wp-json\/wp\/v2\/pages"}],"about":[{"href":"https:\/\/www.eapncv.org\/ca-val\/wp-json\/wp\/v2\/types\/page"}],"author":[{"embeddable":true,"href":"https:\/\/www.eapncv.org\/ca-val\/wp-json\/wp\/v2\/users\/8"}],"replies":[{"embeddable":true,"href":"https:\/\/www.eapncv.org\/ca-val\/wp-json\/wp\/v2\/comments?post=17577"}],"version-history":[{"count":3,"href":"https:\/\/www.eapncv.org\/ca-val\/wp-json\/wp\/v2\/pages\/17577\/revisions"}],"predecessor-version":[{"id":18002,"href":"https:\/\/www.eapncv.org\/ca-val\/wp-json\/wp\/v2\/pages\/17577\/revisions\/18002"}],"up":[{"embeddable":true,"href":"https:\/\/www.eapncv.org\/ca-val\/wp-json\/wp\/v2\/pages\/17586"}],"wp:attachment":[{"href":"https:\/\/www.eapncv.org\/ca-val\/wp-json\/wp\/v2\/media?parent=17577"}],"curies":[{"name":"wp","href":"https:\/\/api.w.org\/{rel}","templated":true}]}}