{"id":17580,"date":"2025-02-05T13:38:59","date_gmt":"2025-02-05T12:38:59","guid":{"rendered":"https:\/\/www.eapncv.org\/posicionamient-eapn-cv\/"},"modified":"2025-09-04T11:12:51","modified_gmt":"2025-09-04T09:12:51","slug":"posicionamient-eapn-cv","status":"publish","type":"page","link":"https:\/\/www.eapncv.org\/ca-val\/documents\/posicionamient-eapn-cv\/","title":{"rendered":"POSICIONAMIENT EAPN CV"},"content":{"rendered":"<p>[et_pb_section fb_built=&#8221;1&#8243; _builder_version=&#8221;4.16&#8243; _module_preset=&#8221;default&#8221; global_colors_info=&#8221;{}&#8221;][et_pb_row _builder_version=&#8221;4.16&#8243; _module_preset=&#8221;default&#8221; collapsed=&#8221;off&#8221; global_colors_info=&#8221;{}&#8221;][et_pb_column type=&#8221;4_4&#8243; _builder_version=&#8221;4.16&#8243; _module_preset=&#8221;default&#8221; global_colors_info=&#8221;{}&#8221;][et_pb_post_title meta=&#8221;off&#8221; featured_image=&#8221;off&#8221; admin_label=&#8221;T\u00edtulo de publicaci\u00f3n&#8221; _builder_version=&#8221;4.16&#8243; _module_preset=&#8221;default&#8221; title_text_align=&#8221;center&#8221; global_colors_info=&#8221;{}&#8221;][\/et_pb_post_title][et_pb_divider color=&#8221;#7D2248&#8243; divider_weight=&#8221;3px&#8221; admin_label=&#8221;Separador&#8221; _builder_version=&#8221;4.16&#8243; _module_preset=&#8221;default&#8221; width=&#8221;27em&#8221; module_alignment=&#8221;center&#8221; global_colors_info=&#8221;{}&#8221;][\/et_pb_divider][\/et_pb_column][\/et_pb_row][et_pb_row admin_label=&#8221;Fila&#8221; _builder_version=&#8221;4.16&#8243; _module_preset=&#8221;default&#8221; collapsed=&#8221;off&#8221; global_colors_info=&#8221;{}&#8221;][et_pb_column type=&#8221;4_4&#8243; _builder_version=&#8221;4.16&#8243; _module_preset=&#8221;default&#8221; global_colors_info=&#8221;{}&#8221;][et_pb_tabs admin_label=&#8221;Pesta\u00f1as&#8221; _builder_version=&#8221;4.27.4&#8243; _module_preset=&#8221;default&#8221; hover_enabled=&#8221;0&#8243; global_colors_info=&#8221;{}&#8221; sticky_enabled=&#8221;0&#8243;][et_pb_tab title=&#8221;2025&#8243; _builder_version=&#8221;4.27.4&#8243; _module_preset=&#8221;default&#8221; hover_enabled=&#8221;0&#8243; global_colors_info=&#8221;{}&#8221; sticky_enabled=&#8221;0&#8243;]<\/p>\n<table>\n<tbody>\n<tr>\n<td style=\"width: 17%;\"> <span style=\"font-size: 8em; color: #7D2248;\"><i class=\"far fa-file-alt\"><\/i><\/span><\/a><\/td>\n<td><a href=\"https:\/\/www.eapncv.org\/wp-content\/uploads\/II-INFORME-EAPN-CV-Como-ayudamos-en-la-DANA.-03_25-INTERLOCUCION.pdf\" rel=\"attachment wp-att-1463\">II INFORME EAPN CV &#8211; Com ajudem a la #DANA. 03_25-INTERLOCUCIO\u0301 <\/a><\/td>\n<\/tr>\n<\/tbody>\n<\/table>\n<table>\n<tbody>\n<tr>\n<td style=\"width: 17%;\"><span style=\"font-size: 8em; color: #7D2248;\"><i class=\"far fa-file-alt\"><\/i><\/span><\/a><\/td>\n<td><a href=\"https:\/\/www.eapncv.org\/wp-content\/uploads\/INFORME-EAPN-CV-SOBRE-LAS-ENMIENDAS-DE-APROXIMACION-PRESENTADAS-Y-APROBADAS-POR-PP-y-VOX.pdf\" rel=\"attachment wp-att-1463\">INFORME EAPN CV SOBRE LAS ENMIENDAS DE APROXIMACI\u00d3N PRESENTADAS Y APROBADAS POR PP y VOX<\/a><\/td>\n<\/tr>\n<\/tbody>\n<\/table>\n<table>\n<tbody>\n<tr>\n<td style=\"width: 17%;\"><span style=\"font-size: 8em; color: #7D2248;\"><i class=\"far fa-file-alt\"><\/i><\/span><\/a><\/td>\n<td><a href=\"https:\/\/www.eapncv.org\/wp-content\/uploads\/RELATORIA-JUNTES-FRENEM-LODI-2025.pdf\" rel=\"attachment wp-att-1463\">RELATOR\u00cdA JUNTES FRENEM L&#8217;ODI: LA MIRADA SOCIAL 2025<\/a><\/td>\n<\/tr>\n<\/tbody>\n<\/table>\n<p>[\/et_pb_tab][et_pb_tab title=&#8221;2024&#8243; _builder_version=&#8221;4.27.4&#8243; _module_preset=&#8221;default&#8221; global_colors_info=&#8221;{}&#8221;]<\/p>\n<table>\n<tbody>\n<tr>\n<td style=\"width: 17%;\"><a href=\"https:\/\/www.eapncv.org\/wp-content\/uploads\/INFORME-EAPN-CV-SITUACION-Y-ACCIONES-FRENTE-A-LA-DANA.pdf\" rel=\"attachment wp-att-1456\"><span style=\"font-size: 8em; color: #7D2248;\"><i class=\"far fa-file-alt\"><\/i><\/span><\/a><\/td>\n<td><a href=\"https:\/\/www.eapncv.org\/wp-content\/uploads\/INFORME-EAPN-CV-SITUACION-Y-ACCIONES-FRENTE-A-LA-DANA.pdf\" rel=\"attachment wp-att-1463\">INFORME EAPN CV SITUACIO\u0301 I ACCIONS FRONT A LA DANA<\/a><\/td>\n<\/tr>\n<\/tbody>\n<\/table>\n<table>\n<tbody>\n<tr>\n<td style=\"width: 17%;\"><a href=\"https:\/\/www.eapncv.org\/wp-content\/uploads\/REALTORIA-JuntesFrenem-2024-CASTELLANO.pdf\" rel=\"attachment wp-att-1456\"><span style=\"font-size: 8em; color: #7D2248;\"><i class=\"far fa-file-alt\"><\/i><\/span><\/a><\/td>\n<td><a href=\"https:\/\/www.eapncv.org\/wp-content\/uploads\/REALTORIA-JuntesFrenem-2024-CASTELLANO.pdf\" rel=\"attachment wp-att-1463\">RELATORIA #JuntesFrenem 2024 CASTELLANO<\/a><\/td>\n<\/tr>\n<\/tbody>\n<\/table>\n<table>\n<tbody>\n<tr>\n<td style=\"width: 17%;\"><a href=\"https:\/\/www.eapncv.org\/wp-content\/uploads\/REALTORIA-JuntesFrenem-2024-VALENCIA.pdf\" rel=\"attachment wp-att-1456\"><span style=\"font-size: 8em; color: #7D2248;\"><i class=\"far fa-file-alt\"><\/i><\/span><\/a><\/td>\n<td><a href=\"https:\/\/www.eapncv.org\/wp-content\/uploads\/REALTORIA-JuntesFrenem-2024-VALENCIA.pdf\" rel=\"attachment wp-att-1463\">RELATORIA #JuntesFrenem 2024 VALENCI\u00c0<\/a><\/td>\n<\/tr>\n<\/tbody>\n<\/table>\n<table>\n<tbody>\n<tr>\n<td style=\"width: 17%;\"><a href=\"https:\/\/www.eapncv.org\/wp-content\/uploads\/RELATORIA-nuevas-voces.pdf\" rel=\"attachment wp-att-1456\"><span style=\"font-size: 8em; color: #7D2248;\"><i class=\"far fa-file-alt\"><\/i><\/span><\/a><\/td>\n<td><a href=\"https:\/\/www.eapncv.org\/wp-content\/uploads\/RELATORIA-nuevas-voces.pdf\" rel=\"attachment wp-att-1463\">RELATORIA Nuevas Voces<\/a><\/td>\n<\/tr>\n<\/tbody>\n<\/table>\n<p>[\/et_pb_tab][et_pb_tab title=&#8221;2023&#8243; _builder_version=&#8221;4.27.4&#8243; _module_preset=&#8221;default&#8221; global_colors_info=&#8221;{}&#8221;]<\/p>\n<table>\n<tbody>\n<tr>\n<td style=\"width:17%;\">\n<a href=\"https:\/\/www.eapncv.org\/wp-content\/uploads\/Juntesfrenemlodi-en-el-context-del-Dia-Europeu-de-les-Victimes-de-Delicte.Odi6_.pdf\" rel=\"attachment wp-att-1456\"><span style=\"font-size: 8em; color: #7D2248;\"><i class=\"far fa-file-alt\"><\/i><\/span><\/a><\/td>\n<td><a href=\"https:\/\/www.eapncv.org\/wp-content\/uploads\/Juntesfrenemlodi-en-el-context-del-Dia-Europeu-de-les-Victimes-de-Delicte.Odi6_.pdf\" rel=\"attachment wp-att-1463\">#Juntesfrenemlodi en el context del Dia Europeu de les V\u00edctimes de Delicte&#8230;Odi(6)<\/a><\/td>\n<\/tr>\n<\/tbody>\n<\/table>\n<table>\n<tbody>\n<tr>\n<td style=\"width:17%;\">\n<a href=\"https:\/\/www.eapncv.org\/wp-content\/uploads\/AGENDA-POR-LA-INCLUSION-SOCIAL-EAPN-CV-1.pdf\" rel=\"attachment wp-att-1456\"><span style=\"font-size: 8em; color: #7D2248;\"><i class=\"far fa-file-alt\"><\/i><\/span><\/a><\/td>\n<td><a href=\"https:\/\/www.eapncv.org\/wp-content\/uploads\/AGENDA-POR-LA-INCLUSION-SOCIAL-EAPN-CV-1.pdf\" rel=\"attachment wp-att-1463\">AGENDA PER A LA INCLUSI\u00d3 SOCIAL D\u2019EAPN CV<\/a><\/td>\n<\/tr>\n<\/tbody>\n<\/table>\n<p>[\/et_pb_tab][et_pb_tab title=&#8221;2022&#8243; _builder_version=&#8221;4.27.4&#8243; _module_preset=&#8221;default&#8221; custom_css_main_element=&#8221;||||&#8221; global_colors_info=&#8221;{}&#8221;]<\/p>\n<table>\n<tbody>\n<tr>\n<td style=\"width:17%;\">\n<a href=\"https:\/\/www.eapncv.org\/wp-content\/uploads\/MANIFIESTO.pdf\" rel=\"attachment wp-att-1456\"><span style=\"font-size: 8em; color: #7D2248;\"><i class=\"far fa-file-alt\"><\/i><\/span><\/a><\/td>\n<td><a href=\"https:\/\/www.eapncv.org\/wp-content\/uploads\/MANIFIESTO.pdf\" rel=\"attachment wp-att-1463\">MANIFEST DE EAPN CV EN COMMEMORACI\u00d3 DEL DIA EUROPEU EN MEM\u00d2RIA DE LES V\u00cdCTIMES DE DELICTES D&#8217;ODI<\/a><\/td>\n<\/tr>\n<\/tbody>\n<\/table>\n<table>\n<tbody>\n<tr>\n<td style=\"width:17%;\">\n<a href=\"https:\/\/www.eapncv.org\/wp-content\/uploads\/JORNADA-E%C2%B4TICA-Y-TRATAMIENTOS-INFORMATIVOS-PARA-CURARNOS-LAS-FOBIAS.pdf\" rel=\"attachment wp-att-1456\"><span style=\"font-size: 8em; color: #7D2248;\"><i class=\"far fa-file-alt\"><\/i><\/span><\/a><\/td>\n<td><a href=\"https:\/\/www.eapncv.org\/wp-content\/uploads\/JORNADA-E%C2%B4TICA-Y-TRATAMIENTOS-INFORMATIVOS-PARA-CURARNOS-LAS-FOBIAS.pdf\" rel=\"attachment wp-att-1463\">RELATORIA DE LA JORNADA D\u2019INCID\u00c8NCIA \u201c\u00c8TICA I TRACTAMENTS INFORMATIUS PER A CURAR-NOS LES F\u00d2BIES\u201d<\/a><\/td>\n<\/tr>\n<\/tbody>\n<\/table>\n<p>[\/et_pb_tab][et_pb_tab title=&#8221;2021&#8243; _builder_version=&#8221;4.27.4&#8243; _module_preset=&#8221;default&#8221; custom_css_main_element=&#8221;||||&#8221; global_colors_info=&#8221;{}&#8221;]<\/p>\n<table>\n<tbody>\n<tr>\n<td style=\"width:17%;\">\n<a href=\"https:\/\/www.eapncv.org\/wp-content\/uploads\/DISCURSO-INAUGURAL-DEL-ENCUENTRO-PRIORIDADES-PARA-LA-RECONSTRUCCIO%CC%81N-SOCIAL-.pdf\" rel=\"attachment wp-att-1456\"><span style=\"font-size: 8em; color: #7D2248;\"><i class=\"far fa-file-alt\"><\/i><\/span><\/a><\/td>\n<td><a href=\"https:\/\/www.eapncv.org\/wp-content\/uploads\/DISCURSO-INAUGURAL-DEL-ENCUENTRO-PRIORIDADES-PARA-LA-RECONSTRUCCIO%CC%81N-SOCIAL-.pdf\" rel=\"attachment wp-att-1463\">\u201cPRIORIDADES PARA LA RECONSTRUCCI\u00d3N SOCIAL DE LA COMUNITAT VALENCIANA POST COVID-19<\/a><\/td>\n<\/tr>\n<\/tbody>\n<\/table>\n<table>\n<tbody>\n<tr>\n<td style=\"width:17%;\">\n<a href=\"https:\/\/www.eapncv.org\/wp-content\/uploads\/CONCLUSIONES-DE-LA-JORNADA-PARA-LA-INCIDENCIA-DISCRIMINACIO%C2%B4N-Y-DISCURSO-DE-ODIO-14-12-21.pdf\" rel=\"attachment wp-att-1456\"><span style=\"font-size: 8em; color: #7D2248;\"><i class=\"far fa-file-alt\"><\/i><\/span><\/a><\/td>\n<td><a href=\"https:\/\/www.eapncv.org\/wp-content\/uploads\/CONCLUSIONES-DE-LA-JORNADA-PARA-LA-INCIDENCIA-DISCRIMINACIO%C2%B4N-Y-DISCURSO-DE-ODIO-14-12-21.pdf\" rel=\"attachment wp-att-1463\">CONCLUSIONS DE LA JORNADA PER A LA INCID\u00c8NCIA \u201cDISCRIMINACI\u00d3 I DISCURS D\u2019ODI\u201d \u2013 14\/12\/21<\/a><\/td>\n<\/tr>\n<\/tbody>\n<\/table>\n<table>\n<tbody>\n<tr>\n<td style=\"width:17%;\">\n<a href=\"https:\/\/www.eapncv.org\/wp-content\/uploads\/DISCURSO-INAUGURAL.pdf\" rel=\"attachment wp-att-1456\"><span style=\"font-size: 8em; color: #7D2248;\"><i class=\"far fa-file-alt\"><\/i><\/span><\/a><\/td>\n<td><a href=\"https:\/\/www.eapncv.org\/wp-content\/uploads\/DISCURSO-INAUGURAL.pdf\" rel=\"attachment wp-att-1460\">DISCURS INAUGURAL DE LA JORNADA D\u2019INCID\u00c8NCIA \u201cDISCRIMINACI\u00d3 I DISCURS D\u2019ODI: EL PAPER DELS MITJANS DE COMUNICACI\u00d3 EN EL SEGLE DE LA INNOVACI\u00d3\u201d<\/a><\/td>\n<\/tr>\n<\/tbody>\n<\/table>\n<table>\n<tbody>\n<tr>\n<td style=\"width:17%;\">\n<a href=\"https:\/\/www.eapncv.org\/wp-content\/uploads\/DOCUMENTO-ESPACIO-LIBRE-DE-DISCRIMINACIO%CC%81N-Y-APOROBOFIA.pdf\" rel=\"attachment wp-att-1456\"><span style=\"font-size: 8em; color: #7D2248;\"><i class=\"far fa-file-alt\"><\/i><\/span><\/a><\/td>\n<td><a href=\"https:\/\/www.eapncv.org\/wp-content\/uploads\/DOCUMENTO-ESPACIO-LIBRE-DE-DISCRIMINACIO%CC%81N-Y-APOROBOFIA.pdf\" rel=\"attachment wp-att-1460\">DOCUMENT \u201cESPAI LLIURE DE DISCRIMINACI\u00d3 I APOROFOBIA\u201d DE LA JORNADA \u201cDISCRIMINACI\u00d3 I DISCURS D\u2019ODI: EL PAPER DELS MITJANS DE COMUNICACI\u00d3 EN EL SEGLE DE LA INNOVACI\u00d3\u201d<\/a><\/td>\n<\/tr>\n<\/tbody>\n<\/table>\n<p>[\/et_pb_tab][et_pb_tab title=&#8221;2020&#8243; _builder_version=&#8221;4.27.4&#8243; _module_preset=&#8221;default&#8221; custom_css_main_element=&#8221;||||&#8221; global_colors_info=&#8221;{}&#8221;]<\/p>\n<table>\n<tbody>\n<tr>\n<td style=\"width:17%;\">\n<a href=\"http:\/\/www.eapncv.org\/wp-content\/uploads\/2020\/11\/COMPARECENCIA-EAPNCV-COMISIO%CC%81N-PARA-LA-RECONSTRUCCIO%CC%81N-SOCIAL-ECONO%CC%81MICA-Y-SANITARIA-DE-LA-C.VALENCIANA-DE-LES-CORTS-VALENCIANES-2020.pdf\" rel=\"attachment wp-att-1456\"><span style=\"font-size: 8em; color: #7D2248;\"><i class=\"far fa-file-alt\"><\/i><\/span><\/a><\/td>\n<td><a href=\"http:\/\/www.eapncv.org\/wp-content\/uploads\/2020\/11\/COMPARECENCIA-EAPNCV-COMISIO%CC%81N-PARA-LA-RECONSTRUCCIO%CC%81N-SOCIAL-ECONO%CC%81MICA-Y-SANITARIA-DE-LA-C.VALENCIANA-DE-LES-CORTS-VALENCIANES-2020.pdf\" rel=\"attachment wp-att-1456\">COMPAREIXEN\u00c7A D\u2019EAPN CV A LA COMISSI\u00d3 PER A LA RECONSTRUCCI\u00d3 SOCIAL, ECON\u00d2MICA I SANIT\u00c0RIA DE LA COMUNITAT VALENCIANA \u2013 CORTS VALENCIANES 2020<\/a><\/td>\n<\/tr>\n<\/tbody>\n<\/table>\n<table>\n<tbody>\n<tr>\n<td style=\"width:17%;\">\n<a href=\"http:\/\/www.eapncv.org\/wp-content\/uploads\/2020\/11\/EAPN-CV-ANTE-LA-COVID19-COMUNICADO-MARZO-2020.pdf\" rel=\"attachment wp-att-1460\"><span style=\"font-size: 8em; color: #7D2248;\"><i class=\"far fa-file-alt\"><\/i><\/span><\/a><\/td>\n<td><a href=\"http:\/\/www.eapncv.org\/wp-content\/uploads\/2020\/11\/EAPN-CV-ANTE-LA-COVID19-COMUNICADO-MARZO-2020.pdf\" rel=\"attachment wp-att-1460\">EAPN CV FRONT LA COVID-19 \u2013 COMUNICAT MAR\u00c7 2020<\/a><\/td>\n<\/tr>\n<\/tbody>\n<\/table>\n<p>[\/et_pb_tab][\/et_pb_tabs][\/et_pb_column][\/et_pb_row][\/et_pb_section]<\/p>\n","protected":false},"excerpt":{"rendered":"<p>II INFORME EAPN CV &#8211; Com ajudem a la #DANA. 03_25-INTERLOCUCIO\u0301 INFORME EAPN CV SOBRE LAS ENMIENDAS DE APROXIMACI\u00d3N PRESENTADAS Y APROBADAS POR PP y VOX RELATOR\u00cdA JUNTES FRENEM L&#8217;ODI: LA MIRADA SOCIAL 2025 INFORME EAPN CV SITUACIO\u0301 I ACCIONS FRONT A LA DANA RELATORIA #JuntesFrenem 2024 CASTELLANO RELATORIA #JuntesFrenem 2024 VALENCI\u00c0 RELATORIA Nuevas Voces [&hellip;]<\/p>\n","protected":false},"author":8,"featured_media":0,"parent":17586,"menu_order":1,"comment_status":"closed","ping_status":"closed","template":"","meta":{"_acf_changed":false,"_et_pb_use_builder":"on","_et_pb_old_content":"","_et_gb_content_width":"","footnotes":""},"class_list":["post-17580","page","type-page","status-publish","hentry"],"acf":[],"yoast_head":"<!-- This site is optimized with the Yoast SEO Premium plugin v24.5 (Yoast SEO v27.0) - https:\/\/yoast.com\/product\/yoast-seo-premium-wordpress\/ -->\n<title>POSICIONAMIENT EAPN CV - EAPN CV<\/title>\n<meta name=\"robots\" content=\"index, follow, max-snippet:-1, max-image-preview:large, max-video-preview:-1\" \/>\n<link rel=\"canonical\" href=\"https:\/\/www.eapncv.org\/ca-val\/documents\/posicionamient-eapn-cv\/\" \/>\n<meta property=\"og:locale\" content=\"en_US\" \/>\n<meta property=\"og:type\" content=\"article\" \/>\n<meta property=\"og:title\" content=\"POSICIONAMIENT EAPN CV\" \/>\n<meta property=\"og:description\" content=\"II INFORME EAPN CV - Com ajudem a la #DANA. 03_25-INTERLOCUCIO\u0301 INFORME EAPN CV SOBRE LAS ENMIENDAS DE APROXIMACI\u00d3N PRESENTADAS Y APROBADAS POR PP y VOX RELATOR\u00cdA JUNTES FRENEM L&#039;ODI: LA MIRADA SOCIAL 2025 INFORME EAPN CV SITUACIO\u0301 I ACCIONS FRONT A LA DANA RELATORIA #JuntesFrenem 2024 CASTELLANO RELATORIA #JuntesFrenem 2024 VALENCI\u00c0 RELATORIA Nuevas Voces [&hellip;]\" \/>\n<meta property=\"og:url\" content=\"https:\/\/www.eapncv.org\/ca-val\/documents\/posicionamient-eapn-cv\/\" \/>\n<meta property=\"og:site_name\" content=\"EAPN CV\" \/>\n<meta property=\"article:publisher\" content=\"https:\/\/www.facebook.com\/EAPNCV\" \/>\n<meta property=\"article:modified_time\" content=\"2025-09-04T09:12:51+00:00\" \/>\n<meta name=\"twitter:card\" content=\"summary_large_image\" \/>\n<meta name=\"twitter:site\" content=\"@xarxaeapncv\" \/>\n<meta name=\"twitter:label1\" content=\"Est. reading time\" \/>\n\t<meta name=\"twitter:data1\" content=\"2 minutes\" \/>\n<script type=\"application\/ld+json\" class=\"yoast-schema-graph\">{\"@context\":\"https:\/\/schema.org\",\"@graph\":[{\"@type\":\"WebPage\",\"@id\":\"https:\/\/www.eapncv.org\/ca-val\/documents\/posicionamient-eapn-cv\/\",\"url\":\"https:\/\/www.eapncv.org\/ca-val\/documents\/posicionamient-eapn-cv\/\",\"name\":\"POSICIONAMIENT EAPN CV - EAPN CV\",\"isPartOf\":{\"@id\":\"https:\/\/www.eapncv.org\/#website\"},\"datePublished\":\"2025-02-05T12:38:59+00:00\",\"dateModified\":\"2025-09-04T09:12:51+00:00\",\"breadcrumb\":{\"@id\":\"https:\/\/www.eapncv.org\/ca-val\/documents\/posicionamient-eapn-cv\/#breadcrumb\"},\"inLanguage\":\"ca-val\",\"potentialAction\":[{\"@type\":\"ReadAction\",\"target\":[\"https:\/\/www.eapncv.org\/ca-val\/documents\/posicionamient-eapn-cv\/\"]}]},{\"@type\":\"BreadcrumbList\",\"@id\":\"https:\/\/www.eapncv.org\/ca-val\/documents\/posicionamient-eapn-cv\/#breadcrumb\",\"itemListElement\":[{\"@type\":\"ListItem\",\"position\":1,\"name\":\"Portada\",\"item\":\"https:\/\/www.eapncv.org\/ca-val\/\"},{\"@type\":\"ListItem\",\"position\":2,\"name\":\"DOCUMENTS\",\"item\":\"https:\/\/www.eapncv.org\/documents\/\"},{\"@type\":\"ListItem\",\"position\":3,\"name\":\"POSICIONAMIENT EAPN CV\"}]},{\"@type\":\"WebSite\",\"@id\":\"https:\/\/www.eapncv.org\/#website\",\"url\":\"https:\/\/www.eapncv.org\/\",\"name\":\"EAPN CV\",\"description\":\"European Antipoverty Network \/ Xarxa Europea de Lluita contra la Pobresa\",\"publisher\":{\"@id\":\"https:\/\/www.eapncv.org\/#organization\"},\"potentialAction\":[{\"@type\":\"SearchAction\",\"target\":{\"@type\":\"EntryPoint\",\"urlTemplate\":\"https:\/\/www.eapncv.org\/?s={search_term_string}\"},\"query-input\":{\"@type\":\"PropertyValueSpecification\",\"valueRequired\":true,\"valueName\":\"search_term_string\"}}],\"inLanguage\":\"ca-val\"},{\"@type\":\"Organization\",\"@id\":\"https:\/\/www.eapncv.org\/#organization\",\"name\":\"EAPN CV\",\"url\":\"https:\/\/www.eapncv.org\/\",\"logo\":{\"@type\":\"ImageObject\",\"inLanguage\":\"ca-val\",\"@id\":\"https:\/\/www.eapncv.org\/#\/schema\/logo\/image\/\",\"url\":\"https:\/\/www.eapncv.org\/wp-content\/uploads\/2020\/10\/logoeapnOK-2013.jpg\",\"contentUrl\":\"https:\/\/www.eapncv.org\/wp-content\/uploads\/2020\/10\/logoeapnOK-2013.jpg\",\"width\":793,\"height\":287,\"caption\":\"EAPN CV\"},\"image\":{\"@id\":\"https:\/\/www.eapncv.org\/#\/schema\/logo\/image\/\"},\"sameAs\":[\"https:\/\/www.facebook.com\/EAPNCV\",\"https:\/\/x.com\/xarxaeapncv\",\"https:\/\/es.linkedin.com\/company\/eapn-cv\"]}]}<\/script>\n<!-- \/ Yoast SEO Premium plugin. -->","yoast_head_json":{"title":"POSICIONAMIENT EAPN CV - EAPN CV","robots":{"index":"index","follow":"follow","max-snippet":"max-snippet:-1","max-image-preview":"max-image-preview:large","max-video-preview":"max-video-preview:-1"},"canonical":"https:\/\/www.eapncv.org\/ca-val\/documents\/posicionamient-eapn-cv\/","og_locale":"en_US","og_type":"article","og_title":"POSICIONAMIENT EAPN CV","og_description":"II INFORME EAPN CV - Com ajudem a la #DANA. 03_25-INTERLOCUCIO\u0301 INFORME EAPN CV SOBRE LAS ENMIENDAS DE APROXIMACI\u00d3N PRESENTADAS Y APROBADAS POR PP y VOX RELATOR\u00cdA JUNTES FRENEM L'ODI: LA MIRADA SOCIAL 2025 INFORME EAPN CV SITUACIO\u0301 I ACCIONS FRONT A LA DANA RELATORIA #JuntesFrenem 2024 CASTELLANO RELATORIA #JuntesFrenem 2024 VALENCI\u00c0 RELATORIA Nuevas Voces [&hellip;]","og_url":"https:\/\/www.eapncv.org\/ca-val\/documents\/posicionamient-eapn-cv\/","og_site_name":"EAPN CV","article_publisher":"https:\/\/www.facebook.com\/EAPNCV","article_modified_time":"2025-09-04T09:12:51+00:00","twitter_card":"summary_large_image","twitter_site":"@xarxaeapncv","twitter_misc":{"Est. reading time":"2 minutes"},"schema":{"@context":"https:\/\/schema.org","@graph":[{"@type":"WebPage","@id":"https:\/\/www.eapncv.org\/ca-val\/documents\/posicionamient-eapn-cv\/","url":"https:\/\/www.eapncv.org\/ca-val\/documents\/posicionamient-eapn-cv\/","name":"POSICIONAMIENT EAPN CV - EAPN CV","isPartOf":{"@id":"https:\/\/www.eapncv.org\/#website"},"datePublished":"2025-02-05T12:38:59+00:00","dateModified":"2025-09-04T09:12:51+00:00","breadcrumb":{"@id":"https:\/\/www.eapncv.org\/ca-val\/documents\/posicionamient-eapn-cv\/#breadcrumb"},"inLanguage":"ca-val","potentialAction":[{"@type":"ReadAction","target":["https:\/\/www.eapncv.org\/ca-val\/documents\/posicionamient-eapn-cv\/"]}]},{"@type":"BreadcrumbList","@id":"https:\/\/www.eapncv.org\/ca-val\/documents\/posicionamient-eapn-cv\/#breadcrumb","itemListElement":[{"@type":"ListItem","position":1,"name":"Portada","item":"https:\/\/www.eapncv.org\/ca-val\/"},{"@type":"ListItem","position":2,"name":"DOCUMENTS","item":"https:\/\/www.eapncv.org\/documents\/"},{"@type":"ListItem","position":3,"name":"POSICIONAMIENT EAPN CV"}]},{"@type":"WebSite","@id":"https:\/\/www.eapncv.org\/#website","url":"https:\/\/www.eapncv.org\/","name":"EAPN CV","description":"European Antipoverty Network \/ Xarxa Europea de Lluita contra la Pobresa","publisher":{"@id":"https:\/\/www.eapncv.org\/#organization"},"potentialAction":[{"@type":"SearchAction","target":{"@type":"EntryPoint","urlTemplate":"https:\/\/www.eapncv.org\/?s={search_term_string}"},"query-input":{"@type":"PropertyValueSpecification","valueRequired":true,"valueName":"search_term_string"}}],"inLanguage":"ca-val"},{"@type":"Organization","@id":"https:\/\/www.eapncv.org\/#organization","name":"EAPN CV","url":"https:\/\/www.eapncv.org\/","logo":{"@type":"ImageObject","inLanguage":"ca-val","@id":"https:\/\/www.eapncv.org\/#\/schema\/logo\/image\/","url":"https:\/\/www.eapncv.org\/wp-content\/uploads\/2020\/10\/logoeapnOK-2013.jpg","contentUrl":"https:\/\/www.eapncv.org\/wp-content\/uploads\/2020\/10\/logoeapnOK-2013.jpg","width":793,"height":287,"caption":"EAPN CV"},"image":{"@id":"https:\/\/www.eapncv.org\/#\/schema\/logo\/image\/"},"sameAs":["https:\/\/www.facebook.com\/EAPNCV","https:\/\/x.com\/xarxaeapncv","https:\/\/es.linkedin.com\/company\/eapn-cv"]}]}},"_links":{"self":[{"href":"https:\/\/www.eapncv.org\/ca-val\/wp-json\/wp\/v2\/pages\/17580","targetHints":{"allow":["GET"]}}],"collection":[{"href":"https:\/\/www.eapncv.org\/ca-val\/wp-json\/wp\/v2\/pages"}],"about":[{"href":"https:\/\/www.eapncv.org\/ca-val\/wp-json\/wp\/v2\/types\/page"}],"author":[{"embeddable":true,"href":"https:\/\/www.eapncv.org\/ca-val\/wp-json\/wp\/v2\/users\/8"}],"replies":[{"embeddable":true,"href":"https:\/\/www.eapncv.org\/ca-val\/wp-json\/wp\/v2\/comments?post=17580"}],"version-history":[{"count":2,"href":"https:\/\/www.eapncv.org\/ca-val\/wp-json\/wp\/v2\/pages\/17580\/revisions"}],"predecessor-version":[{"id":17582,"href":"https:\/\/www.eapncv.org\/ca-val\/wp-json\/wp\/v2\/pages\/17580\/revisions\/17582"}],"up":[{"embeddable":true,"href":"https:\/\/www.eapncv.org\/ca-val\/wp-json\/wp\/v2\/pages\/17586"}],"wp:attachment":[{"href":"https:\/\/www.eapncv.org\/ca-val\/wp-json\/wp\/v2\/media?parent=17580"}],"curies":[{"name":"wp","href":"https:\/\/api.w.org\/{rel}","templated":true}]}}