{"id":17724,"date":"2025-10-07T10:05:11","date_gmt":"2025-10-07T08:05:11","guid":{"rendered":"https:\/\/www.eapncv.org\/arope\/"},"modified":"2025-10-15T11:05:36","modified_gmt":"2025-10-15T09:05:36","slug":"arope","status":"publish","type":"page","link":"https:\/\/www.eapncv.org\/ca-val\/arope\/","title":{"rendered":"AROPE"},"content":{"rendered":"<div class=\"flex_center\">\n<div class=\"separador\"><\/div>\n<\/div>\n<div class=\"flexColumna\">\n<div class=\"introApore\">\n<p>&nbsp;<\/p>\n<p>Et donem la benvinguda a aquesta campanya de sensibilitzaci\u00f3, impulsada per confrontar la realitat de la pobresa i la desigualtat a la Comunitat Valenciana i convidar a la reflexi\u00f3 m\u00e9s enll\u00e0 dels prejudicis.<\/p>\n<p>Els missatges i les xifres que sustenten aquesta campanya han estat extrets d&#8217;estudis realitzats per EAPN-ES (Xarxa Europea de Lluita contra la Pobresa i l&#8217;Exclusi\u00f3 Social a l&#8217;Estat Espanyol):<\/p>\n<ul>\n<li><strong>XV Informe sobre l&#8217;Estat de la Pobresa. Seguiment dels indicadors de l&#8217;Agenda UE 2030 (2025)<\/strong>, al qual pots accedir ac\u00ed: <a href=\"https:\/\/www.eapn.es\/estadodepobreza\/ARCHIVO\/documentos\/15%C2%BA Informe sobre el Estado de la Pobreza. Seguimiento de los indicadores de la Agenda UE 2030.pdf\">15\u00e8 Informe sobre l&#8217;Estat de la Pobresa<\/a>.<\/li>\n<li><strong>L&#8217;Informe AROPE de la Comunitat Valenciana<\/strong>, disponible ac\u00ed: <a href=\"https:\/\/www.eapn.es\/estadodepobreza\/ARCHIVO\/documentos\/Informe_AROPE2024_Comunitat_Valenciana.pdf\">Informe AROPE 2024 Comunitat Valenciana.<\/a><\/li>\n<\/ul>\n<p>&nbsp;<\/p>\n<\/div>\n<div class=\"masCV datosExpandirContraer botonArope\" role=\"button\">Qu\u00e8 \u00e9s l&#8217;Indicador AROPE? Mostrar\/Ocultar<\/div>\n<div class=\"masDatos oculto\">\n<p>L&#8217;indicador <strong>AROPE<\/strong> (per les seues sigles en angl\u00e8s, At Risk Of Poverty and\/or social Exclusion) \u00e9s la principal eina utilitzada per la <strong>Uni\u00f3 Europea (UE)<\/strong> per a mesurar i comparar la pobresa i l&#8217;exclusi\u00f3 social entre els seus estats membres. Aquest indicador va m\u00e9s enll\u00e0 de mesurar nom\u00e9s els ingressos, incorporant tres dimensions que reflecteixen la realitat multidimensional de la pobresa, en l\u00ednia amb l&#8217;Agenda UE 2030:<\/p>\n<ul>\n<li style=\"list-style-type: none;\">\n<ul>&lt;li&#8221;&gt;<\/ul>\n<\/li>\n<\/ul>\n<p><strong>Taxa de Pobresa<\/strong><\/p>\n<ul>\n<li style=\"list-style-type: none;\">\n<ul>: Mesura la<\/ul>\n<\/li>\n<\/ul>\n<p><strong>desigualtat econ\u00f2mica<\/strong><\/p>\n<ul>\n<li style=\"list-style-type: none;\">\n<ul>. Es refereix a les persones que viuen en llars amb una renda disponible inferior al 60% de la mitjana de la renda nacional (el llindar de pobresa).<\/ul>\n<\/li>\n<\/ul>\n<p>&lt;li&#8221;&gt;<strong>Privaci\u00f3 Material i Social Severa (PMSS)<\/strong>: Mesura la privaci\u00f3 en la vida di\u00e0ria. Considera les persones que no es poden permetre almenys set de tretze car\u00e8ncies b\u00e0siques definides per la UE, com no poder mantenir l&#8217;habitatge a una temperatura adequada o no poder afrontar despeses imprevistes.<\/p>\n<p>&lt;li&#8221;&gt;<strong>Baixa Intensitat en la Llar (BITH)<\/strong>: Inclou les persones que viuen en llars on les persones adultes en edat de treballar han treballat menys del 20% del seu potencial total d&#8217;hores de treball durant l&#8217;any anterior.<\/p>\n<p>La <strong>Taxa AROPE<\/strong> \u00e9s el percentatge de poblaci\u00f3 que es troba en almenys una d&#8217;aquestes tres situacions. Aquesta taxa AROPE situa la Comunitat Valenciana amb un<strong> 29,9%<\/strong> de la poblaci\u00f3 en risc de pobresa i\/o exclusi\u00f3 social.<\/p>\n<p><a href=\"https:\/\/www.eapn.es\/estadodepobreza\/index.php#tasaarope\">M\u00e9s informaci\u00f3n: https:\/\/www.eapn.es\/estadodepobreza\/index.php#tasaarope<\/a><\/p>\n<\/div>\n<p>&nbsp;<\/p>\n<div id=\"AROPE1\" class=\"flexColumna noticiaArope_wrapper\">\n<div class=\"noticiaArope_wrapper\">\n<div class=\"imagenArope\"><img decoding=\"async\" src=\"https:\/\/www.eapncv.org\/wp-content\/uploads\/cartell_1-scaled.jpg\" alt=\"On vius importaD\u00f3nde vives importa\" \/><\/div>\n<div class=\"textoArope\">\n<p>El 29,9% de la poblaci\u00f3 a la Comunitat Valenciana es troba en risc de pobresa i\/o exclusi\u00f3 social, el que representa m\u00e9s d&#8217;1,5 milions de persones. Aquesta xifra \u00e9s significativament m\u00e9s alta que la mitjana espanyola situada en el 25,8%, una realitat que posa de manifest la greu desigualtat territorial a Espanya. Aquesta disparitat territorial demostra que el lloc on naixes i vius influeix en el teu acc\u00e9s a oportunitats i en el teu benestar. L&#8217;informe AROPE 2025 assenyala una clara divisi\u00f3 entre les comunitats aut\u00f2nomes del nord, amb taxes de pobresa m\u00e9s baixes, i les del sud, amb taxes &#8220;extraordin\u00e0riament elevades&#8221;.<\/p>\n<p>Aquesta disparitat no \u00e9s casual, est\u00e0 relacionada amb la manera en qu\u00e8 els territoris es financen, gestionen i distribueixen els recursos, aix\u00ed com amb la inversi\u00f3 social que realitzen.<\/p>\n<p>La lluita contra la pobresa i l\u2019exclusi\u00f3 no \u00e9s nom\u00e9s una q\u00fcesti\u00f3 individual, sin\u00f3 un problema del sistema, una responsabilitat col\u00b7lectiva que requereix pol\u00edtiques territorials justes i una millor redistribuci\u00f3 de la riquesa.<\/p>\n<p style=\"text-align: left;\">M\u00e9s info: <a href=\"https:\/\/www.eapn.es\/estadodepobreza\/ARCHIVO\/documentos\/Informe_AROPE2024_Comunitat_Valenciana.pdf\">https:\/\/www.eapn.es\/estadodepobreza\/ARCHIVO\/documentosInforme_AROPE2024_Comunitat_Valenciana.pdf<\/a><\/p>\n<\/div>\n<\/div>\n<\/div>\n<div id=\"AROPE2\" class=\"flexColumna noticiaArope_wrapper\">\n<div class=\"noticiaArope_wrapper aropeReverse\">\n<div class=\"textoArope\">\n<p>La desigualtat \u00e9s el fonament de la pobresa, i a Espanya la bretxa econ\u00f2mica continua sent alarmant. L&#8217;informe AROPE 2025 confirma que, malgrat algunes millores en els indicadors, el 20% de la poblaci\u00f3 amb m\u00e9s ingressos encara guanya 5,4 vegades m\u00e9s que el 20% m\u00e9s pobre. Aquesta difer\u00e8ncia no nom\u00e9s \u00e9s moralment insostenible, sin\u00f3 que tamb\u00e9 frena el creixement social i econ\u00f2mic de tot el pa\u00eds. Aquesta bretxa econ\u00f2mica no nom\u00e9s genera injust\u00edcia social, sin\u00f3 que tamb\u00e9 limita la mobilitat social.<\/p>\n<p>Per revertir aquesta situaci\u00f3, \u00e9s fonamental promoure la just\u00edcia fiscal i assegurar que el creixement econ\u00f2mic beneficie a tota la societat, no nom\u00e9s a una minoria. Aquesta situaci\u00f3 estructural demostra la necessitat d&#8217;un sistema que redistribu\u00efsca els recursos de manera equitativa. No totes les persones tenen les mateixes oportunitats des del naixement, per aix\u00f2, \u00e9s fonamental reflexionar i defensar la import\u00e0ncia de construir una societat m\u00e9s justa on les oportunitats no depenguen del teu origen social o econ\u00f2mic.<\/p>\n<p style=\"text-align: left;\"><strong>M\u00e9s info: <\/strong><a href=\"https:\/\/www.eapn.es\/estadodepobreza\/ARCHIVO\/documentos\/XV-informe-EL-ESTADO-DE-LA-POBREZA-2025-Capitulo-3.pdf\"><strong>https:\/\/www.eapn.es\/estadodepobreza\/ARCHIVO\/documentos\/XV-informe-EL-ESTADO-DE-LA-POBREZA-2025-Capitulo-3.pdf<\/strong><\/a><\/p>\n<\/div>\n<div class=\"imagenArope\"><img decoding=\"async\" src=\"https:\/\/www.eapncv.org\/wp-content\/uploads\/cartell_2-scaled.jpg\" alt=\"La desigualtat \u00e9s elevada\" \/><\/div>\n<\/div>\n<\/div>\n<div id=\"AROPE3\" class=\"flexColumna noticiaArope_wrapper\">\n<div class=\"noticiaArope_wrapper\">\n<div class=\"imagenArope\"><img decoding=\"async\" src=\"https:\/\/www.eapncv.org\/wp-content\/uploads\/cartell_3-scaled.jpg\" alt=\"Hi ha m\u00e9s persones pobres i viuen pitjor.\" \/><\/div>\n<div class=\"textoArope\">\n<p>Encara que la xifra de persones en situaci\u00f3 de pobresa s&#8217;haja redu\u00eft lleugerament a Espanya, l&#8217;informe AROPE ens avisa d&#8217;una realitat m\u00e9s preocupant: la intensitat de la pobresa s&#8217;ha mantingut. Aix\u00f2 vol dir que, tot i que hi ha menys persones considerades pobres, les que ho s\u00f3n es troben cada vegada m\u00e9s lluny del llindar de la pobresa. Tamb\u00e9 significa que les persones que ja es troben en situaci\u00f3 de pobresa viuen en condicions cada vegada m\u00e9s prec\u00e0ries, la qual cosa dificulta la seua capacitat per a eixir d\u2019ella. Aquesta dada ressalta la urg\u00e8ncia de no centrar-se nom\u00e9s en les estad\u00edstiques, sin\u00f3 en les vides de les persones que, malauradament, viuen cada dia amb menys de 965 \u20ac al mes. La pobresa no \u00e9s nom\u00e9s un n\u00famero, \u00e9s un problema que s&#8217;ha d&#8217;afrontar amb pol\u00edtiques p\u00fabliques s\u00f2lides, drets garantits i una xarxa de protecci\u00f3 social forta.<\/p>\n<p style=\"text-align: left;\">M\u00e9s info: <a href=\"https:\/\/www.eapn.es\/estadodepobreza\/ARCHIVO\/documentos\/XV-informe-EL-ESTADO-DE-LA-POBREZA-2025-Capitulo-2.pdf\">https:\/\/www.eapn.es\/estadodepobreza\/ARCHIVO\/documentos\/XV-informe-EL-ESTADO-DE-LA-POBREZA-2025-Capitulo-2.pdf<\/a><\/p>\n<\/div>\n<\/div>\n<\/div>\n<div id=\"AROPE4\" class=\"flexColumna noticiaArope_wrapper\">\n<div class=\"noticiaArope_wrapper aropeReverse\">\n<div class=\"textoArope\">\n<p>L&#8217;informe subratlla una de les paradoxes de l&#8217;economia espanyola: el creixement del Producte Interior Brut (PIB) no es tradueix en una reducci\u00f3 de la pobresa. Aix\u00f2 \u00e9s degut al fet que la riquesa generada no es distribueix de manera equitativa i es concentra en poques mans. Aquest missatge desafia la idea que el creixement econ\u00f2mic per si mateix \u00e9s la soluci\u00f3 a tots els problemes socials.<\/p>\n<p>\u00c9s crucial que el creixement econ\u00f2mic s&#8217;acompanye de pol\u00edtiques p\u00fabliques efectives que redistribu\u00efsquen els recursos perqu\u00e8 arriben tamb\u00e9 a qui m\u00e9s ho necessita, trencant el cercle de la pobresa. L&#8217;objectiu no ha de ser nom\u00e9s generar riquesa, sin\u00f3 assegurar que aquesta arribe a les persones en situaci\u00f3 de major vulnerabilitat. Sense pol\u00edtiques de redistribuci\u00f3 i d&#8217;inversi\u00f3 social, el creixement econ\u00f2mic nom\u00e9s servir\u00e0 per a augmentar la bretxa entre les persones m\u00e9s riques i les m\u00e9s pobres.<\/p>\n<p style=\"text-align: left;\">M\u00e9s info: <a href=\"https:\/\/www.eapn.es\/estadodepobreza\/ARCHIVO\/documentos\/XV-informe-EL-ESTADO-DE-LA-POBREZA-2025-Capitulo-1.pdf\">https:\/\/www.eapn.es\/estadodepobreza\/ARCHIVO\/documentos\/XV-informe-EL-ESTADO-DE-LA-POBREZA-2025-Capitulo-1.pdf<\/a><\/p>\n<\/div>\n<div class=\"imagenArope\"><img decoding=\"async\" src=\"https:\/\/www.eapncv.org\/wp-content\/uploads\/cartell_4-scaled.jpg\" alt=\"Que augmente el PIB no vol dir que es redu\u00efsca la pobresa\" \/><\/div>\n<\/div>\n<\/div>\n<div id=\"AROPE5\" class=\"flexColumna noticiaArope_wrapper\">\n<div class=\"noticiaArope_wrapper\">\n<div class=\"imagenArope\"><img decoding=\"async\" src=\"https:\/\/www.eapncv.org\/wp-content\/uploads\/cartell_5-scaled.jpg\" alt=\"Treballar i continuar sent pobre\" \/><\/div>\n<div class=\"textoArope\">\n<p>El problema de la pobresa no es limita nom\u00e9s a la falta de feina. L&#8217;ocupaci\u00f3 \u00e9s un factor directament relacionat amb les situacions de pobresa, ja que el 38,4% de les persones aturades a Espanya es troben en aquesta situaci\u00f3.<\/p>\n<p>No obstant aix\u00f2, l&#8217;informe AROPE 2025 posa el focus en una realitat m\u00e9s complexa: la pobresa laboral. Aquesta afecta una part significativa de la poblaci\u00f3 que, tot i tenir una feina, no aconsegueix arribar a final de mes. En el mercat laboral actual, tenir un lloc de treball no sempre \u00e9s suficient per a escapar de la pobresa. La precarietat, els baixos salaris, les condicions laborals deficients i la temporalitat s\u00f3n factors que impedeixen que moltes persones amb feina puguin sortir de la pobresa.<\/p>\n<p>Aix\u00f2 trenca amb l&#8217;estigma que la pobresa est\u00e0 lligada \u00fanicament a la desocupaci\u00f3 i assenyala la import\u00e0ncia de la qualitat de l&#8217;ocupaci\u00f3. La soluci\u00f3 no passa nom\u00e9s per crear m\u00e9s llocs de treball, sin\u00f3 per garantir un salari digne i uns drets laborals que asseguren un nivell de vida suficient per a totes les persones.<\/p>\n<p style=\"text-align: left;\">M\u00e9s info: <a href=\"https:\/\/www.eapn.es\/estadodepobreza\/ARCHIVO\/documentos\/XV-informe-EL-ESTADO-DE-LA-POBREZA-2025-Capitulo-1.pdf\">https:\/\/www.eapn.es\/estadodepobreza\/ARCHIVO\/documentos\/XV-informe-EL-ESTADO-DE-LA-POBREZA-2025-Capitulo-1.pdf<\/a><\/p>\n<\/div>\n<\/div>\n<\/div>\n<div id=\"AROPE6\" class=\"flexColumna noticiaArope_wrapper\">\n<div class=\"noticiaArope_wrapper aropeReverse\">\n<div class=\"textoArope\">\n<p>L&#8217;acc\u00e9s a una vivenda digna s&#8217;ha convertit en un dels principals factors d&#8217;empobriment a Espanya, tamb\u00e9 a la C.Valenciana. Amb lloguers alt\u00edssims i sous no tan alts o directament baixos, viure de forma aut\u00f2noma s&#8217;ha convertit en un luxe. El XV Informe sobre l\u2019Estat de la Pobresa d\u2019EAPN &#8211; ES 2025 dedica un cap\u00edtol sencer a aquest problema, destacant com l&#8217;augment descontrolat dels preus del lloguer i la concentraci\u00f3 de la tinen\u00e7a de l&#8217;habitatge han convertit aquest dret fonamental en un luxe.<\/p>\n<p>&nbsp;<\/p>\n<p>L&#8217;habitatge \u00e9s un dels principals factors d&#8217;empobriment a Espanya, la qual cosa subratlla la import\u00e0ncia de garantir aquest dret fonamental per a totes les persones. Per a moltes persones joves, l&#8217;habitatge \u00e9s la barrera principal per a poder emancipar-se, i per a les fam\u00edlies, \u00e9s un llast que dificulta el seu desenvolupament. La vivenda no ha de ser una mercaderia, sin\u00f3 un dret que ha de ser garantit per l&#8217;Estat a trav\u00e9s de pol\u00edtiques p\u00fabliques efectives que regulen el mercat i faciliten l&#8217;acc\u00e9s.<\/p>\n<p style=\"text-align: left;\">M\u00e9s info: <a href=\"https:\/\/www.eapn.es\/estadodepobreza\/ARCHIVO\/documentos\/XV-informe-EL-ESTADO-DE-LA-POBREZA-2025-Capitulo-5.pdf\">https:\/\/www.eapn.es\/estadodepobreza\/ARCHIVO\/documentos\/XV-informe-EL-ESTADO-DE-LA-POBREZA-2025-Capitulo-5.pdf<\/a><\/p>\n<\/div>\n<div class=\"imagenArope\"><img decoding=\"async\" src=\"https:\/\/www.eapncv.org\/wp-content\/uploads\/cartell_6-scaled.jpg\" alt=\"L\u2019habitatge \u00e9s un dret, no un privilegi.\" \/><\/div>\n<\/div>\n<\/div>\n<div id=\"AROPE7\" class=\"flexColumna noticiaArope_wrapper\">\n<div class=\"noticiaArope_wrapper\">\n<div class=\"imagenArope\"><img decoding=\"async\" src=\"https:\/\/www.eapncv.org\/wp-content\/uploads\/cartell_7-scaled.jpg\" alt=\"Quan l\u2019Estat ajuda, les coses canvien\" \/><\/div>\n<div class=\"textoArope\">\n<p>Les pol\u00edtiques p\u00fabliques tenen un paper crucial en la lluita contra la pobresa. El XV Informe sobre l\u2019Estat de la Pobresa d\u2019EAPN ES 2025 estima que l&#8217;estat del benestar i les mesures de protecci\u00f3 social, com l&#8217;anomenat &#8220;escut social&#8221; desenvolupat durant la pand\u00e8mia, van evitar que 11,1 milions de persones caigueren en la pobresa o l&#8217;exclusi\u00f3 en 2024.<\/p>\n<p>Aquesta dada demostra de forma contundent l&#8217;impacte positiu de la inversi\u00f3 social quan es dissenya i s&#8217;aplica correctament. Aquesta dada mostra que la inversi\u00f3 social \u00e9s l&#8217;eina m\u00e9s potent per a combatre la pobresa, si es dissenya i s&#8217;aplica correctament. No obstant aix\u00f2, l&#8217;informe tamb\u00e9 assenyala que, comparat amb altres pa\u00efsos europeus, Espanya encara t\u00e9 un marge significatiu per a millorar i enfortir el seu estat del benestar per a construir una societat m\u00e9s justa i resilient.<\/p>\n<p>&nbsp;<\/p>\n<p style=\"text-align: left;\">M\u00e9s info: <a href=\"https:\/\/www.eapn.es\/estadodepobreza\/ARCHIVO\/documentos\/XV-informe-EL-ESTADO-DE-LA-POBREZA-2025-Capitulo-4.pdf\">https:\/\/www.eapn.es\/estadodepobreza\/ARCHIVO\/documentos\/XV-informe-EL-ESTADO-DE-LA-POBREZA-2025-Capitulo-4.pdf<\/a><\/p>\n<p>&nbsp;<\/p>\n<\/div>\n<\/div>\n<\/div>\n<p style=\"text-align: center;\"><strong>Col\u00b7laboraci\u00f3 i Comprom\u00eds Ling\u00fc\u00edstic<\/strong><\/p>\n<p>Aquesta campanya es possible gr\u00e0cies al comprom\u00eds amb la sensibilitzaci\u00f3 social i la dinamitzaci\u00f3 del valenci\u00e0 en l&#8217;\u00e0mbit acad\u00e8mic. El projecte s&#8217;ha realitzat amb la col\u00b7laboraci\u00f3 del <a href=\"https:\/\/www.uv.es\/uvweb\/servicio-politica-linguistica\/es\/servicio-lenguas-politica-linguistica-1285943724203.html\">Servei de Lleng\u00fces i Pol\u00edtica Ling\u00fc\u00edstica de la Universitat de Val\u00e8ncia<\/a> i forma part de la concessi\u00f3 d&#8217;ajudes a entitats externes per a activitats que dinamitzen l&#8217;\u00fas del valenci\u00e0 a la Universitat de Val\u00e8ncia.<\/p>\n<\/div>\n","protected":false},"excerpt":{"rendered":"<p>&nbsp; Et donem la benvinguda a aquesta campanya de sensibilitzaci\u00f3, impulsada per confrontar la realitat de la pobresa i la desigualtat a la Comunitat Valenciana i convidar a la reflexi\u00f3 m\u00e9s enll\u00e0 dels prejudicis. Els missatges i les xifres que sustenten aquesta campanya han estat extrets d&#8217;estudis realitzats per EAPN-ES (Xarxa Europea de Lluita contra [&hellip;]<\/p>\n","protected":false},"author":8,"featured_media":0,"parent":0,"menu_order":0,"comment_status":"closed","ping_status":"closed","template":"","meta":{"_acf_changed":false,"_et_pb_use_builder":"","_et_pb_old_content":"","_et_gb_content_width":"","footnotes":""},"class_list":["post-17724","page","type-page","status-publish","hentry"],"acf":[],"yoast_head":"<!-- This site is optimized with the Yoast SEO Premium plugin v24.5 (Yoast SEO v27.0) - https:\/\/yoast.com\/product\/yoast-seo-premium-wordpress\/ -->\n<title>AROPE - EAPN CV<\/title>\n<meta name=\"robots\" content=\"index, follow, max-snippet:-1, max-image-preview:large, max-video-preview:-1\" \/>\n<link rel=\"canonical\" href=\"https:\/\/www.eapncv.org\/ca-val\/arope\/\" \/>\n<meta property=\"og:locale\" content=\"en_US\" \/>\n<meta property=\"og:type\" content=\"article\" \/>\n<meta property=\"og:title\" content=\"AROPE\" \/>\n<meta property=\"og:description\" content=\"&nbsp; Et donem la benvinguda a aquesta campanya de sensibilitzaci\u00f3, impulsada per confrontar la realitat de la pobresa i la desigualtat a la Comunitat Valenciana i convidar a la reflexi\u00f3 m\u00e9s enll\u00e0 dels prejudicis. Els missatges i les xifres que sustenten aquesta campanya han estat extrets d&#8217;estudis realitzats per EAPN-ES (Xarxa Europea de Lluita contra [&hellip;]\" \/>\n<meta property=\"og:url\" content=\"https:\/\/www.eapncv.org\/ca-val\/arope\/\" \/>\n<meta property=\"og:site_name\" content=\"EAPN CV\" \/>\n<meta property=\"article:publisher\" content=\"https:\/\/www.facebook.com\/EAPNCV\" \/>\n<meta property=\"article:modified_time\" content=\"2025-10-15T09:05:36+00:00\" \/>\n<meta property=\"og:image\" content=\"https:\/\/www.eapncv.org\/wp-content\/uploads\/cartell_1-scaled.jpg\" \/>\n<meta name=\"twitter:card\" content=\"summary_large_image\" \/>\n<meta name=\"twitter:site\" content=\"@xarxaeapncv\" \/>\n<meta name=\"twitter:label1\" content=\"Est. reading time\" \/>\n\t<meta name=\"twitter:data1\" content=\"9 minutes\" \/>\n<script type=\"application\/ld+json\" class=\"yoast-schema-graph\">{\"@context\":\"https:\/\/schema.org\",\"@graph\":[{\"@type\":\"WebPage\",\"@id\":\"https:\/\/www.eapncv.org\/ca-val\/arope\/\",\"url\":\"https:\/\/www.eapncv.org\/ca-val\/arope\/\",\"name\":\"AROPE - EAPN CV\",\"isPartOf\":{\"@id\":\"https:\/\/www.eapncv.org\/#website\"},\"primaryImageOfPage\":{\"@id\":\"https:\/\/www.eapncv.org\/ca-val\/arope\/#primaryimage\"},\"image\":{\"@id\":\"https:\/\/www.eapncv.org\/ca-val\/arope\/#primaryimage\"},\"thumbnailUrl\":\"https:\/\/www.eapncv.org\/wp-content\/uploads\/cartell_1-scaled.jpg\",\"datePublished\":\"2025-10-07T08:05:11+00:00\",\"dateModified\":\"2025-10-15T09:05:36+00:00\",\"breadcrumb\":{\"@id\":\"https:\/\/www.eapncv.org\/ca-val\/arope\/#breadcrumb\"},\"inLanguage\":\"ca-val\",\"potentialAction\":[{\"@type\":\"ReadAction\",\"target\":[\"https:\/\/www.eapncv.org\/ca-val\/arope\/\"]}]},{\"@type\":\"ImageObject\",\"inLanguage\":\"ca-val\",\"@id\":\"https:\/\/www.eapncv.org\/ca-val\/arope\/#primaryimage\",\"url\":\"https:\/\/www.eapncv.org\/wp-content\/uploads\/cartell_1-scaled.jpg\",\"contentUrl\":\"https:\/\/www.eapncv.org\/wp-content\/uploads\/cartell_1-scaled.jpg\"},{\"@type\":\"BreadcrumbList\",\"@id\":\"https:\/\/www.eapncv.org\/ca-val\/arope\/#breadcrumb\",\"itemListElement\":[{\"@type\":\"ListItem\",\"position\":1,\"name\":\"Portada\",\"item\":\"https:\/\/www.eapncv.org\/ca-val\/\"},{\"@type\":\"ListItem\",\"position\":2,\"name\":\"AROPE\"}]},{\"@type\":\"WebSite\",\"@id\":\"https:\/\/www.eapncv.org\/#website\",\"url\":\"https:\/\/www.eapncv.org\/\",\"name\":\"EAPN CV\",\"description\":\"European Antipoverty Network \/ Xarxa Europea de Lluita contra la Pobresa\",\"publisher\":{\"@id\":\"https:\/\/www.eapncv.org\/#organization\"},\"potentialAction\":[{\"@type\":\"SearchAction\",\"target\":{\"@type\":\"EntryPoint\",\"urlTemplate\":\"https:\/\/www.eapncv.org\/?s={search_term_string}\"},\"query-input\":{\"@type\":\"PropertyValueSpecification\",\"valueRequired\":true,\"valueName\":\"search_term_string\"}}],\"inLanguage\":\"ca-val\"},{\"@type\":\"Organization\",\"@id\":\"https:\/\/www.eapncv.org\/#organization\",\"name\":\"EAPN CV\",\"url\":\"https:\/\/www.eapncv.org\/\",\"logo\":{\"@type\":\"ImageObject\",\"inLanguage\":\"ca-val\",\"@id\":\"https:\/\/www.eapncv.org\/#\/schema\/logo\/image\/\",\"url\":\"https:\/\/www.eapncv.org\/wp-content\/uploads\/2020\/10\/logoeapnOK-2013.jpg\",\"contentUrl\":\"https:\/\/www.eapncv.org\/wp-content\/uploads\/2020\/10\/logoeapnOK-2013.jpg\",\"width\":793,\"height\":287,\"caption\":\"EAPN CV\"},\"image\":{\"@id\":\"https:\/\/www.eapncv.org\/#\/schema\/logo\/image\/\"},\"sameAs\":[\"https:\/\/www.facebook.com\/EAPNCV\",\"https:\/\/x.com\/xarxaeapncv\",\"https:\/\/es.linkedin.com\/company\/eapn-cv\"]}]}<\/script>\n<!-- \/ Yoast SEO Premium plugin. -->","yoast_head_json":{"title":"AROPE - EAPN CV","robots":{"index":"index","follow":"follow","max-snippet":"max-snippet:-1","max-image-preview":"max-image-preview:large","max-video-preview":"max-video-preview:-1"},"canonical":"https:\/\/www.eapncv.org\/ca-val\/arope\/","og_locale":"en_US","og_type":"article","og_title":"AROPE","og_description":"&nbsp; Et donem la benvinguda a aquesta campanya de sensibilitzaci\u00f3, impulsada per confrontar la realitat de la pobresa i la desigualtat a la Comunitat Valenciana i convidar a la reflexi\u00f3 m\u00e9s enll\u00e0 dels prejudicis. Els missatges i les xifres que sustenten aquesta campanya han estat extrets d&#8217;estudis realitzats per EAPN-ES (Xarxa Europea de Lluita contra [&hellip;]","og_url":"https:\/\/www.eapncv.org\/ca-val\/arope\/","og_site_name":"EAPN CV","article_publisher":"https:\/\/www.facebook.com\/EAPNCV","article_modified_time":"2025-10-15T09:05:36+00:00","og_image":[{"url":"https:\/\/www.eapncv.org\/wp-content\/uploads\/cartell_1-scaled.jpg","type":"","width":"","height":""}],"twitter_card":"summary_large_image","twitter_site":"@xarxaeapncv","twitter_misc":{"Est. reading time":"9 minutes"},"schema":{"@context":"https:\/\/schema.org","@graph":[{"@type":"WebPage","@id":"https:\/\/www.eapncv.org\/ca-val\/arope\/","url":"https:\/\/www.eapncv.org\/ca-val\/arope\/","name":"AROPE - EAPN CV","isPartOf":{"@id":"https:\/\/www.eapncv.org\/#website"},"primaryImageOfPage":{"@id":"https:\/\/www.eapncv.org\/ca-val\/arope\/#primaryimage"},"image":{"@id":"https:\/\/www.eapncv.org\/ca-val\/arope\/#primaryimage"},"thumbnailUrl":"https:\/\/www.eapncv.org\/wp-content\/uploads\/cartell_1-scaled.jpg","datePublished":"2025-10-07T08:05:11+00:00","dateModified":"2025-10-15T09:05:36+00:00","breadcrumb":{"@id":"https:\/\/www.eapncv.org\/ca-val\/arope\/#breadcrumb"},"inLanguage":"ca-val","potentialAction":[{"@type":"ReadAction","target":["https:\/\/www.eapncv.org\/ca-val\/arope\/"]}]},{"@type":"ImageObject","inLanguage":"ca-val","@id":"https:\/\/www.eapncv.org\/ca-val\/arope\/#primaryimage","url":"https:\/\/www.eapncv.org\/wp-content\/uploads\/cartell_1-scaled.jpg","contentUrl":"https:\/\/www.eapncv.org\/wp-content\/uploads\/cartell_1-scaled.jpg"},{"@type":"BreadcrumbList","@id":"https:\/\/www.eapncv.org\/ca-val\/arope\/#breadcrumb","itemListElement":[{"@type":"ListItem","position":1,"name":"Portada","item":"https:\/\/www.eapncv.org\/ca-val\/"},{"@type":"ListItem","position":2,"name":"AROPE"}]},{"@type":"WebSite","@id":"https:\/\/www.eapncv.org\/#website","url":"https:\/\/www.eapncv.org\/","name":"EAPN CV","description":"European Antipoverty Network \/ Xarxa Europea de Lluita contra la Pobresa","publisher":{"@id":"https:\/\/www.eapncv.org\/#organization"},"potentialAction":[{"@type":"SearchAction","target":{"@type":"EntryPoint","urlTemplate":"https:\/\/www.eapncv.org\/?s={search_term_string}"},"query-input":{"@type":"PropertyValueSpecification","valueRequired":true,"valueName":"search_term_string"}}],"inLanguage":"ca-val"},{"@type":"Organization","@id":"https:\/\/www.eapncv.org\/#organization","name":"EAPN CV","url":"https:\/\/www.eapncv.org\/","logo":{"@type":"ImageObject","inLanguage":"ca-val","@id":"https:\/\/www.eapncv.org\/#\/schema\/logo\/image\/","url":"https:\/\/www.eapncv.org\/wp-content\/uploads\/2020\/10\/logoeapnOK-2013.jpg","contentUrl":"https:\/\/www.eapncv.org\/wp-content\/uploads\/2020\/10\/logoeapnOK-2013.jpg","width":793,"height":287,"caption":"EAPN CV"},"image":{"@id":"https:\/\/www.eapncv.org\/#\/schema\/logo\/image\/"},"sameAs":["https:\/\/www.facebook.com\/EAPNCV","https:\/\/x.com\/xarxaeapncv","https:\/\/es.linkedin.com\/company\/eapn-cv"]}]}},"_links":{"self":[{"href":"https:\/\/www.eapncv.org\/ca-val\/wp-json\/wp\/v2\/pages\/17724","targetHints":{"allow":["GET"]}}],"collection":[{"href":"https:\/\/www.eapncv.org\/ca-val\/wp-json\/wp\/v2\/pages"}],"about":[{"href":"https:\/\/www.eapncv.org\/ca-val\/wp-json\/wp\/v2\/types\/page"}],"author":[{"embeddable":true,"href":"https:\/\/www.eapncv.org\/ca-val\/wp-json\/wp\/v2\/users\/8"}],"replies":[{"embeddable":true,"href":"https:\/\/www.eapncv.org\/ca-val\/wp-json\/wp\/v2\/comments?post=17724"}],"version-history":[{"count":10,"href":"https:\/\/www.eapncv.org\/ca-val\/wp-json\/wp\/v2\/pages\/17724\/revisions"}],"predecessor-version":[{"id":17859,"href":"https:\/\/www.eapncv.org\/ca-val\/wp-json\/wp\/v2\/pages\/17724\/revisions\/17859"}],"wp:attachment":[{"href":"https:\/\/www.eapncv.org\/ca-val\/wp-json\/wp\/v2\/media?parent=17724"}],"curies":[{"name":"wp","href":"https:\/\/api.w.org\/{rel}","templated":true}]}}